{"id":94,"date":"2014-02-02T21:39:12","date_gmt":"2014-02-02T21:39:12","guid":{"rendered":"http:\/\/montreallimo.net\/fr\/?page_id=94"},"modified":"2019-01-22T21:55:19","modified_gmt":"2019-01-22T21:55:19","slug":"limousine-corporatif","status":"publish","type":"page","link":"https:\/\/montreallimo.net\/fr\/limousine-entreprise\/","title":{"rendered":"Limousine Pour Entreprise"},"content":{"rendered":"<h2>\n<h2 class=\"limoking-heading-shortcode with-background \"  style=\"color: #ffffff;background-color: #91d549;font-size: 25px;\" ><strong>R\u00e9server la compagnie num\u00e9ro 1 de location de limousine pour entreprise<\/strong><\/h2>\n<\/h2>\n<p><a href=\"http:\/\/montreallimo.net\/fr\/wp-content\/uploads\/2017\/04\/single-image-4.jpg\"><img loading=\"lazy\" decoding=\"async\" class=\"alignnone wp-image-6376 size-full\" src=\"http:\/\/montreallimo.net\/fr\/wp-content\/uploads\/2017\/04\/single-image-4.jpg\" alt=\"Corporate limo service\" width=\"900\" height=\"410\" srcset=\"https:\/\/montreallimo.net\/fr\/wp-content\/uploads\/2017\/04\/single-image-4.jpg 900w, https:\/\/montreallimo.net\/fr\/wp-content\/uploads\/2017\/04\/single-image-4-300x137.jpg 300w, https:\/\/montreallimo.net\/fr\/wp-content\/uploads\/2017\/04\/single-image-4-768x350.jpg 768w\" sizes=\"auto, (max-width: 900px) 100vw, 900px\" \/><\/a><\/p>\n<p>Luxury Montr\u00e9al Limousine offre \u00e0 nos clients corporatifs et ex\u00e9cutifs la meilleure exp\u00e9rience en offrant un service de limousine d&#8217;entreprise haut de gamme et en temps opportun.&nbsp;&nbsp; Nos clients auront une exp\u00e9rience inoubliable \u00e0 bord de nos limousines haut de gamme.&nbsp; Que vous d\u00e9sirez impressionner un client ou pour vous-m\u00eame, nous fournirons toujours la meilleure exp\u00e9rience qui soit.<\/p>\n<p>Nous offre \u00e0 ses clients corporatifs un service extraordinaire de location de limousine lors de soir\u00e9e en ville, de transport \u00e0 l\u2019a\u00e9roport, d\u2019un souper ou tout simplement pour un d\u00e9placement du point A \u00e0 un point B.&nbsp; Nous avons toujours les mod\u00e8les les plus r\u00e9cents de limousines en inventaire.&nbsp; Laissez-nous vous traiter ainsi que vos invit\u00e9s comme des rois et des reines.<\/p>\n<ol>\n<li><strong>Le meilleur service de limousine.<\/strong> Nous sommes les meilleurs et nous limousines sont enti\u00e8rement \u00e9quip\u00e9es. Nous sommes \u00e9galement fiers d&#8217;avoir les meilleurs chauffeurs form\u00e9s et bilingues tant en fran\u00e7ais et en anglais. Nous voulons faire en sorte que votre exp\u00e9rience avec nous soit exceptionnelle. Nous vous traiterons comme les membres de la royaut\u00e9 et nous vous transporterons dans les belles voitures de limousine que vous pouvez imaginer. Appelez-nous aujourd&#8217;hui ou remplissez le formulaire \u00e0 droite<\/li>\n<li><strong>Meilleure technologie.<\/strong> Nous fournissons \u00e0 nos clients les \u00e9quipements technologiques dont ils ont besoin pour vaquer \u00e0 leur occupation pendant le transport \u00e0 destination. Avec l&#8217;acc\u00e8s Wi-Fi, vous pourrez vaquer \u00e0 vos occupations professionnelles. Si vous avez besoin d\u2019\u00e9quipements additionnels, nous serons en mesure de vous les fournir.<\/li>\n<li><strong>Toujours \u00e0 l&#8217;heure.<\/strong> Nos chauffeurs sont toujours \u00e0 l&#8217;heure. Nous sommes une entreprise fiable et nous sommes fiers d&#8217;\u00eatre le service de limousine montr\u00e9alais de confiance pour qui le service \u00e0 client\u00e8le est notre priorit\u00e9.&nbsp; Lorsqu&#8217;on nous choisit, vous aurez le meilleur service fiable et efficace.<\/li>\n<li><strong>Fiable et sp\u00e9cialis\u00e9.<\/strong> Nous pouvons nous occuper de tous vos besoins de location. Si vous avez besoin d&#8217;une limousine, d&#8217;un party bus de f\u00eate ou d&#8217;une voiture classique, nous sommes les meilleurs. Notre vaste s\u00e9lection vous donne la libert\u00e9 de tirer le meilleur parti de tout \u00e9v\u00e9nement ou la chance d&#8217;impressionner la client\u00e8le.\u00b7<\/li>\n<li><strong>Tarifs comp\u00e9titifs avec de nombreux forfaits \u00e0 choisir.<\/strong> Nos tarifs sont comp\u00e9titifs et vous permettent d&#8217;adapter vos besoins en fonction des diff\u00e9rents forfaits disponibles.&nbsp; Si vous pr\u00e9f\u00e9rez un service sur une base horaire ou un forfait nous pouvons vous accommoder.&nbsp;&nbsp; Nous avons des forfaits abordables pour tous.<\/li>\n<\/ol>\n<p>Nous allons toujours aller au-del\u00e0 &nbsp;des attentes de nos clients.&nbsp;&nbsp; En plus d\u2019avoir la plus vaste s\u00e9lection de limousines aux meilleurs prix nos chauffeurs bilingues bien form\u00e9s, nous sommes l\u00e0 pour vous servir. Appelez-nous aujourd&#8217;hui pour plus d&#8217;informations ou pour la location de limousine.&nbsp; Vous pouvez \u00e9galement remplir le formulaire \u00e0 droite de cette page et planifier votre service.<\/p>\n<p>&nbsp;<\/p>\n","protected":false},"excerpt":{"rendered":"<p>Luxury Montr\u00e9al Limousine offre \u00e0 nos clients corporatifs et ex\u00e9cutifs la meilleure exp\u00e9rience en offrant un service de limousine d&#8217;entreprise haut de gamme et en temps opportun.&nbsp;&nbsp; Nos clients auront une exp\u00e9rience inoubliable \u00e0 bord de nos limousines haut de gamme.&nbsp; Que vous d\u00e9sirez impressionner un client ou pour vous-m\u00eame, nous fournirons toujours la meilleure&#8230; <\/p>\n<div class=\"clear\"><\/div>\n<p><a href=\"https:\/\/montreallimo.net\/fr\/limousine-entreprise\/\" class=\"limoking-button large excerpt-read-more\">Read More<\/a><\/p>\n","protected":false},"author":1,"featured_media":0,"parent":0,"menu_order":0,"comment_status":"closed","ping_status":"closed","template":"","meta":{"footnotes":""},"class_list":["post-94","page","type-page","status-publish","hentry"],"yoast_head":"<!-- This site is optimized with the Yoast SEO plugin v26.9 - https:\/\/yoast.com\/product\/yoast-seo-wordpress\/ -->\n<title>Limousine Pour Entreprise - Luxury Limousine Montreal | 514-700-3634<\/title>\n<meta name=\"robots\" content=\"index, follow, max-snippet:-1, max-image-preview:large, max-video-preview:-1\" \/>\n<link rel=\"canonical\" href=\"https:\/\/montreallimo.net\/fr\/limousine-entreprise\/\" \/>\n<meta property=\"og:locale\" content=\"en_US\" \/>\n<meta property=\"og:type\" content=\"article\" \/>\n<meta property=\"og:title\" content=\"Limousine Pour Entreprise - Luxury Limousine Montreal | 514-700-3634\" \/>\n<meta property=\"og:description\" content=\"Luxury Montr\u00e9al Limousine offre \u00e0 nos clients corporatifs et ex\u00e9cutifs la meilleure exp\u00e9rience en offrant un service de limousine d&#8217;entreprise haut de gamme et en temps opportun.&nbsp;&nbsp; Nos clients auront une exp\u00e9rience inoubliable \u00e0 bord de nos limousines haut de gamme.&nbsp; Que vous d\u00e9sirez impressionner un client ou pour vous-m\u00eame, nous fournirons toujours la meilleure... Read More\" \/>\n<meta property=\"og:url\" content=\"https:\/\/montreallimo.net\/fr\/limousine-entreprise\/\" \/>\n<meta property=\"og:site_name\" content=\"Luxury Limousine Montreal | 514-700-3634\" \/>\n<meta property=\"article:publisher\" content=\"https:\/\/www.facebook.com\/luxurylimousinemontreal\/\" \/>\n<meta property=\"article:modified_time\" content=\"2019-01-22T21:55:19+00:00\" \/>\n<meta property=\"og:image\" content=\"http:\/\/montreallimo.net\/fr\/wp-content\/uploads\/2017\/04\/single-image-4.jpg\" \/>\n<meta name=\"twitter:card\" content=\"summary_large_image\" \/>\n<meta name=\"twitter:site\" content=\"@limosmontreal\" \/>\n<meta name=\"twitter:label1\" content=\"Est. reading time\" \/>\n\t<meta name=\"twitter:data1\" content=\"3 minutes\" \/>\n<script type=\"application\/ld+json\" class=\"yoast-schema-graph\">{\"@context\":\"https:\/\/schema.org\",\"@graph\":[{\"@type\":\"WebPage\",\"@id\":\"https:\/\/montreallimo.net\/fr\/limousine-entreprise\/\",\"url\":\"https:\/\/montreallimo.net\/fr\/limousine-entreprise\/\",\"name\":\"Limousine Pour Entreprise - Luxury Limousine Montreal | 514-700-3634\",\"isPartOf\":{\"@id\":\"https:\/\/montreallimo.net\/fr\/#website\"},\"primaryImageOfPage\":{\"@id\":\"https:\/\/montreallimo.net\/fr\/limousine-entreprise\/#primaryimage\"},\"image\":{\"@id\":\"https:\/\/montreallimo.net\/fr\/limousine-entreprise\/#primaryimage\"},\"thumbnailUrl\":\"http:\/\/montreallimo.net\/fr\/wp-content\/uploads\/2017\/04\/single-image-4.jpg\",\"datePublished\":\"2014-02-02T21:39:12+00:00\",\"dateModified\":\"2019-01-22T21:55:19+00:00\",\"breadcrumb\":{\"@id\":\"https:\/\/montreallimo.net\/fr\/limousine-entreprise\/#breadcrumb\"},\"inLanguage\":\"en\",\"potentialAction\":[{\"@type\":\"ReadAction\",\"target\":[\"https:\/\/montreallimo.net\/fr\/limousine-entreprise\/\"]}]},{\"@type\":\"ImageObject\",\"inLanguage\":\"en\",\"@id\":\"https:\/\/montreallimo.net\/fr\/limousine-entreprise\/#primaryimage\",\"url\":\"http:\/\/montreallimo.net\/fr\/wp-content\/uploads\/2017\/04\/single-image-4.jpg\",\"contentUrl\":\"http:\/\/montreallimo.net\/fr\/wp-content\/uploads\/2017\/04\/single-image-4.jpg\"},{\"@type\":\"BreadcrumbList\",\"@id\":\"https:\/\/montreallimo.net\/fr\/limousine-entreprise\/#breadcrumb\",\"itemListElement\":[{\"@type\":\"ListItem\",\"position\":1,\"name\":\"Home\",\"item\":\"https:\/\/montreallimo.net\/fr\/\"},{\"@type\":\"ListItem\",\"position\":2,\"name\":\"Limousine Pour Entreprise\"}]},{\"@type\":\"WebSite\",\"@id\":\"https:\/\/montreallimo.net\/fr\/#website\",\"url\":\"https:\/\/montreallimo.net\/fr\/\",\"name\":\"Luxury Limousine Montreal\",\"description\":\"#1 Location de Limousine &Agrave; Montr&eacute;al, Quebec\",\"publisher\":{\"@id\":\"https:\/\/montreallimo.net\/fr\/#organization\"},\"potentialAction\":[{\"@type\":\"SearchAction\",\"target\":{\"@type\":\"EntryPoint\",\"urlTemplate\":\"https:\/\/montreallimo.net\/fr\/?s={search_term_string}\"},\"query-input\":{\"@type\":\"PropertyValueSpecification\",\"valueRequired\":true,\"valueName\":\"search_term_string\"}}],\"inLanguage\":\"en\"},{\"@type\":\"Organization\",\"@id\":\"https:\/\/montreallimo.net\/fr\/#organization\",\"name\":\"Luxury Limousine Montreal\",\"url\":\"https:\/\/montreallimo.net\/fr\/\",\"logo\":{\"@type\":\"ImageObject\",\"inLanguage\":\"en\",\"@id\":\"https:\/\/montreallimo.net\/fr\/#\/schema\/logo\/image\/\",\"url\":\"https:\/\/montreallimo.net\/fr\/wp-content\/uploads\/2016\/05\/montreal-limousine-logo-image.png\",\"contentUrl\":\"https:\/\/montreallimo.net\/fr\/wp-content\/uploads\/2016\/05\/montreal-limousine-logo-image.png\",\"width\":300,\"height\":100,\"caption\":\"Luxury Limousine Montreal\"},\"image\":{\"@id\":\"https:\/\/montreallimo.net\/fr\/#\/schema\/logo\/image\/\"},\"sameAs\":[\"https:\/\/www.facebook.com\/luxurylimousinemontreal\/\",\"https:\/\/x.com\/limosmontreal\",\"https:\/\/www.pinterest.ca\/limousinemontre\/\",\"https:\/\/www.youtube.com\/channel\/UCSHiyAM5iCdYFo0U4zeMPtQ\"]}]}<\/script>\n<!-- \/ Yoast SEO plugin. -->","yoast_head_json":{"title":"Limousine Pour Entreprise - Luxury Limousine Montreal | 514-700-3634","robots":{"index":"index","follow":"follow","max-snippet":"max-snippet:-1","max-image-preview":"max-image-preview:large","max-video-preview":"max-video-preview:-1"},"canonical":"https:\/\/montreallimo.net\/fr\/limousine-entreprise\/","og_locale":"en_US","og_type":"article","og_title":"Limousine Pour Entreprise - Luxury Limousine Montreal | 514-700-3634","og_description":"Luxury Montr\u00e9al Limousine offre \u00e0 nos clients corporatifs et ex\u00e9cutifs la meilleure exp\u00e9rience en offrant un service de limousine d&#8217;entreprise haut de gamme et en temps opportun.&nbsp;&nbsp; Nos clients auront une exp\u00e9rience inoubliable \u00e0 bord de nos limousines haut de gamme.&nbsp; Que vous d\u00e9sirez impressionner un client ou pour vous-m\u00eame, nous fournirons toujours la meilleure... Read More","og_url":"https:\/\/montreallimo.net\/fr\/limousine-entreprise\/","og_site_name":"Luxury Limousine Montreal | 514-700-3634","article_publisher":"https:\/\/www.facebook.com\/luxurylimousinemontreal\/","article_modified_time":"2019-01-22T21:55:19+00:00","og_image":[{"url":"http:\/\/montreallimo.net\/fr\/wp-content\/uploads\/2017\/04\/single-image-4.jpg","type":"","width":"","height":""}],"twitter_card":"summary_large_image","twitter_site":"@limosmontreal","twitter_misc":{"Est. reading time":"3 minutes"},"schema":{"@context":"https:\/\/schema.org","@graph":[{"@type":"WebPage","@id":"https:\/\/montreallimo.net\/fr\/limousine-entreprise\/","url":"https:\/\/montreallimo.net\/fr\/limousine-entreprise\/","name":"Limousine Pour Entreprise - Luxury Limousine Montreal | 514-700-3634","isPartOf":{"@id":"https:\/\/montreallimo.net\/fr\/#website"},"primaryImageOfPage":{"@id":"https:\/\/montreallimo.net\/fr\/limousine-entreprise\/#primaryimage"},"image":{"@id":"https:\/\/montreallimo.net\/fr\/limousine-entreprise\/#primaryimage"},"thumbnailUrl":"http:\/\/montreallimo.net\/fr\/wp-content\/uploads\/2017\/04\/single-image-4.jpg","datePublished":"2014-02-02T21:39:12+00:00","dateModified":"2019-01-22T21:55:19+00:00","breadcrumb":{"@id":"https:\/\/montreallimo.net\/fr\/limousine-entreprise\/#breadcrumb"},"inLanguage":"en","potentialAction":[{"@type":"ReadAction","target":["https:\/\/montreallimo.net\/fr\/limousine-entreprise\/"]}]},{"@type":"ImageObject","inLanguage":"en","@id":"https:\/\/montreallimo.net\/fr\/limousine-entreprise\/#primaryimage","url":"http:\/\/montreallimo.net\/fr\/wp-content\/uploads\/2017\/04\/single-image-4.jpg","contentUrl":"http:\/\/montreallimo.net\/fr\/wp-content\/uploads\/2017\/04\/single-image-4.jpg"},{"@type":"BreadcrumbList","@id":"https:\/\/montreallimo.net\/fr\/limousine-entreprise\/#breadcrumb","itemListElement":[{"@type":"ListItem","position":1,"name":"Home","item":"https:\/\/montreallimo.net\/fr\/"},{"@type":"ListItem","position":2,"name":"Limousine Pour Entreprise"}]},{"@type":"WebSite","@id":"https:\/\/montreallimo.net\/fr\/#website","url":"https:\/\/montreallimo.net\/fr\/","name":"Luxury Limousine Montreal","description":"#1 Location de Limousine &Agrave; Montr&eacute;al, Quebec","publisher":{"@id":"https:\/\/montreallimo.net\/fr\/#organization"},"potentialAction":[{"@type":"SearchAction","target":{"@type":"EntryPoint","urlTemplate":"https:\/\/montreallimo.net\/fr\/?s={search_term_string}"},"query-input":{"@type":"PropertyValueSpecification","valueRequired":true,"valueName":"search_term_string"}}],"inLanguage":"en"},{"@type":"Organization","@id":"https:\/\/montreallimo.net\/fr\/#organization","name":"Luxury Limousine Montreal","url":"https:\/\/montreallimo.net\/fr\/","logo":{"@type":"ImageObject","inLanguage":"en","@id":"https:\/\/montreallimo.net\/fr\/#\/schema\/logo\/image\/","url":"https:\/\/montreallimo.net\/fr\/wp-content\/uploads\/2016\/05\/montreal-limousine-logo-image.png","contentUrl":"https:\/\/montreallimo.net\/fr\/wp-content\/uploads\/2016\/05\/montreal-limousine-logo-image.png","width":300,"height":100,"caption":"Luxury Limousine Montreal"},"image":{"@id":"https:\/\/montreallimo.net\/fr\/#\/schema\/logo\/image\/"},"sameAs":["https:\/\/www.facebook.com\/luxurylimousinemontreal\/","https:\/\/x.com\/limosmontreal","https:\/\/www.pinterest.ca\/limousinemontre\/","https:\/\/www.youtube.com\/channel\/UCSHiyAM5iCdYFo0U4zeMPtQ"]}]}},"_links":{"self":[{"href":"https:\/\/montreallimo.net\/fr\/wp-json\/wp\/v2\/pages\/94","targetHints":{"allow":["GET"]}}],"collection":[{"href":"https:\/\/montreallimo.net\/fr\/wp-json\/wp\/v2\/pages"}],"about":[{"href":"https:\/\/montreallimo.net\/fr\/wp-json\/wp\/v2\/types\/page"}],"author":[{"embeddable":true,"href":"https:\/\/montreallimo.net\/fr\/wp-json\/wp\/v2\/users\/1"}],"replies":[{"embeddable":true,"href":"https:\/\/montreallimo.net\/fr\/wp-json\/wp\/v2\/comments?post=94"}],"version-history":[{"count":10,"href":"https:\/\/montreallimo.net\/fr\/wp-json\/wp\/v2\/pages\/94\/revisions"}],"predecessor-version":[{"id":7007,"href":"https:\/\/montreallimo.net\/fr\/wp-json\/wp\/v2\/pages\/94\/revisions\/7007"}],"wp:attachment":[{"href":"https:\/\/montreallimo.net\/fr\/wp-json\/wp\/v2\/media?parent=94"}],"curies":[{"name":"wp","href":"https:\/\/api.w.org\/{rel}","templated":true}]}}