{"id":6828,"date":"2017-04-08T18:20:59","date_gmt":"2017-04-08T18:20:59","guid":{"rendered":"http:\/\/montreallimo.net\/fr\/?page_id=6828"},"modified":"2017-10-02T19:14:21","modified_gmt":"2017-10-02T19:14:21","slug":"limousine-laval","status":"publish","type":"page","link":"https:\/\/montreallimo.net\/fr\/limousine-laval\/","title":{"rendered":"Limousine Laval"},"content":{"rendered":"<h1 class=\"limoking-heading-shortcode with-background \"  style=\"color: #ffffff;background-color: #91d549;font-size: 30px;\" ><strong>Limousines pour les r\u00e9sidents de Laval<\/strong><\/h1>\n<p><a href=\"http:\/\/montreallimo.net\/fr\/wp-content\/uploads\/2017\/04\/limo-service-montreal-768x345-2.jpg\"><img loading=\"lazy\" decoding=\"async\" class=\"alignnone wp-image-6482 size-full\" src=\"http:\/\/montreallimo.net\/fr\/wp-content\/uploads\/2017\/04\/limo-service-montreal-768x345-2.jpg\" alt=\"limo laval\" width=\"768\" height=\"345\" srcset=\"https:\/\/montreallimo.net\/fr\/wp-content\/uploads\/2017\/04\/limo-service-montreal-768x345-2.jpg 768w, https:\/\/montreallimo.net\/fr\/wp-content\/uploads\/2017\/04\/limo-service-montreal-768x345-2-300x135.jpg 300w\" sizes=\"auto, (max-width: 768px) 100vw, 768px\" \/><\/a><\/p>\n<p><strong>Luxury Limousine Laval<\/strong> vous fournit \u00e0 vous et \u00e0 vos amis un service de location limousine de luxe \u00e0 Laval pour les r\u00e9sidents de Laval afin de vous assurer d&#8217;obtenir la limousine que vous d\u00e9sirez!<\/p>\n<p>Laissez-nous \u00eatre la compagnie de location #1 de <em>limousine \u00e0 Laval<\/em> et vous serez combl\u00e9 d\u2019\u00eatre \u00e0 bord de nos limousines de luxes et ce pour toutes vos occasions.\u00a0 Choisissez parmi notre \u00e9ventail de Laval limousine et ayez l&#8217;exp\u00e9rience de votre vie. Lorsque vous nous choisissez, vous choisissez plus qu\u2019une compagnie de transport &#8230; vous choisissez une exp\u00e9rience d\u2019une vie. Nous avons la meilleure compagnie de location de limousines de l\u2019industrie.\u00a0 Nous offrons les meilleurs prix et le meilleur service \u00e0 la client\u00e8le sur le march\u00e9.\u00a0 Nous avons des limousines qui peuvent accueillir plus de 20 personnes \u00e0 bord. \u00a0\u00a0\u00a0Nous avons plusieurs forfaits adapt\u00e9s \u00e0 diff\u00e9rents besoin. Alors appelez-nous aujourd&#8217;hui et r\u00e9server votre limousine.<\/p>\n<p>Nous vous donnons l&#8217;opportunit\u00e9 de vous asseoir, de vous d\u00e9tendre afin que vous passiez de bon moment en famille en vous rendant \u00e0 l\u2019\u00e9glise ou \u00e0 tout autre endroit que vous souhaitez. Nos conducteurs sont professionnels et respectueux et veulent satisfaire vos besoins. Si vous jouez \u00e0 une chanson, permettez-moi de vouloir que nous serions plus heureux que de le jouer.<\/p>\n<ul>\n<li><strong>Personnalisez les r\u00e9unions<\/strong>. Nous vous offrons la meilleure exp\u00e9rience du d\u00e9but jusqu\u2019\u00e0 la fin en vous offrant un service personnalis\u00e9 de location de Laval Limousine afin de s\u2019assurer que vos besoins et vos d\u00e9sirs seront combl\u00e9s. Nous pouvons vous aider \u00e0 choisir la limousine ou la voiture classique de votre choix. Nous pouvons \u00e9galement vous aider avec la d\u00e9coration! Tout ce dont vous avez besoin, nous sommes l\u00e0 pour faire en sorte que votre exp\u00e9rience soit m\u00e9morable.<\/li>\n<li><strong>Vous pouvez r\u00e9server en tout temps \u00e0 Laval<\/strong>. Lorsque vous faites affaires avec nous pour r\u00e9server votre balade choisissez le temps qui vous convient.\u00a0\u00a0 Que vous pr\u00e9f\u00e9rez r\u00e9server seul ou un groupe il n\u2019en tient qu\u2019\u00e0 vous.\u00a0 Si vous avez plus de 10 invit\u00e9s vous pouvez r\u00e9server un bus de f\u00eate. Peu importe la taille de votre groupe, nous pouvons r\u00e9pondre \u00e0 vos besoins.<\/li>\n<li><strong>Service \u00e0 la client\u00e8le<\/strong>. Nous sommes toujours heureux de vous aider \u00e0 choisir la limousine qui r\u00e9pond \u00e0 vos besoins pour vos invit\u00e9s.\u00a0 Notre objectif est de s&#8217;assurer que vivrez la meilleure exp\u00e9rience et au meilleur prix possible, c\u2019est notre objectif. Appelez-nous ou remplissez le formulaire qui se trouve \u00e0 droite de cette page pour r\u00e9server votre limousine.<\/li>\n<li><strong>Les meilleurs chauffeurs<\/strong>: nos chauffeurs sont comp\u00e9tents et form\u00e9s pour vous assurer d&#8217;avoir la meilleure exp\u00e9rience possible. Nous sommes fiers de vous accueillir avec un sourire et la porte grande ouverte et vous offrir un excellent service \u00e0 la client\u00e8le. Nous sommes les mieux cot\u00e9s au niveau du service \u00e0 la client\u00e8le et nous en sommes fiers.<\/li>\n<li><strong>Flexibilit\u00e9 et meilleurs prix<\/strong>. Nous avons un vaste choix de forfaits personnalis\u00e9 et nous pouvons en cr\u00e9er sur mesure. Peu importe votre budget, nous pouvons vous faire sentir comme une star de cin\u00e9ma! Si vous trouvez une offre plus int\u00e9ressante ailleurs, nous pouvons l\u2019\u00e9galer. Nous travaillons non seulement pour vous, mais nous travaillons avec vous pour que ce soit la meilleure exp\u00e9rience possible.<\/li>\n<\/ul>\n<p>Voici une liste des forfaits disponibles \u00e0 location limousine Laval:<\/p>\n<ul>\n<li>Mariage<\/li>\n<li>Party pour futurs mari\u00e9s<\/li>\n<li>Bus de f\u00eate<\/li>\n<li>Anniversaires<\/li>\n<li>Graduation<\/li>\n<li>Service corporative de location de Limousine et de voiture<\/li>\n<li>Limousine pour graduation<\/li>\n<li>Anniversaire et propositions<\/li>\n<li>Concerts et \u00e9v\u00e9nement sportifs<\/li>\n<li>Tours de ville<\/li>\n<li>Service de limousine \u00e0 l\u2019a\u00e9roport<\/li>\n<li>Et plus encore\u2026<\/li>\n<\/ul>\n<p>Nous r\u00e9pondons aux r\u00e9sidents de Laval et nous vous offrons un service 24 heures par semaines, 7 jours sur 7. Si vous habitez la r\u00e9gion de Laval ou les r\u00e9gions avoisinantes, n&#8217;h\u00e9sitez pas \u00e0 nous appeler ou \u00e0 remplir le formulaire situ\u00e9 \u00e0 droite de cette page pour planifier vos services de transport aujourd&#8217;hui. Pour les forfaits Limousine Montr\u00e9al, visitez nos services de <a href=\"http:\/\/www.montreallimo.net\/fr\/\">Montr\u00e9al <\/a>limousine.<\/p>\n<p>&nbsp;<\/p>\n<p>&nbsp;<\/p>\n<p>&nbsp;<\/p>\n","protected":false},"excerpt":{"rendered":"<p>Luxury Limousine Laval vous fournit \u00e0 vous et \u00e0 vos amis un service de location limousine de luxe \u00e0 Laval pour les r\u00e9sidents de Laval afin de vous assurer d&#8217;obtenir la limousine que vous d\u00e9sirez! Laissez-nous \u00eatre la compagnie de location #1 de limousine \u00e0 Laval et vous serez combl\u00e9 d\u2019\u00eatre \u00e0 bord de nos&#8230; <\/p>\n<div class=\"clear\"><\/div>\n<p><a href=\"https:\/\/montreallimo.net\/fr\/limousine-laval\/\" class=\"limoking-button large excerpt-read-more\">Read More<\/a><\/p>\n","protected":false},"author":1,"featured_media":0,"parent":0,"menu_order":0,"comment_status":"closed","ping_status":"closed","template":"","meta":{"footnotes":""},"class_list":["post-6828","page","type-page","status-publish","hentry"],"yoast_head":"<!-- This site is optimized with the Yoast SEO plugin v26.9 - https:\/\/yoast.com\/product\/yoast-seo-wordpress\/ -->\n<title>Limousine Laval - Luxury Limousine Montreal | 514-700-3634<\/title>\n<meta name=\"robots\" content=\"index, follow, max-snippet:-1, max-image-preview:large, max-video-preview:-1\" \/>\n<link rel=\"canonical\" href=\"https:\/\/montreallimo.net\/fr\/limousine-laval\/\" \/>\n<meta property=\"og:locale\" content=\"en_US\" \/>\n<meta property=\"og:type\" content=\"article\" \/>\n<meta property=\"og:title\" content=\"Limousine Laval - Luxury Limousine Montreal | 514-700-3634\" \/>\n<meta property=\"og:description\" content=\"Luxury Limousine Laval vous fournit \u00e0 vous et \u00e0 vos amis un service de location limousine de luxe \u00e0 Laval pour les r\u00e9sidents de Laval afin de vous assurer d&#8217;obtenir la limousine que vous d\u00e9sirez! Laissez-nous \u00eatre la compagnie de location #1 de limousine \u00e0 Laval et vous serez combl\u00e9 d\u2019\u00eatre \u00e0 bord de nos... Read More\" \/>\n<meta property=\"og:url\" content=\"https:\/\/montreallimo.net\/fr\/limousine-laval\/\" \/>\n<meta property=\"og:site_name\" content=\"Luxury Limousine Montreal | 514-700-3634\" \/>\n<meta property=\"article:publisher\" content=\"https:\/\/www.facebook.com\/luxurylimousinemontreal\/\" \/>\n<meta property=\"article:modified_time\" content=\"2017-10-02T19:14:21+00:00\" \/>\n<meta property=\"og:image\" content=\"http:\/\/montreallimo.net\/fr\/wp-content\/uploads\/2017\/04\/limo-service-montreal-768x345-2.jpg\" \/>\n<meta name=\"twitter:card\" content=\"summary_large_image\" \/>\n<meta name=\"twitter:site\" content=\"@limosmontreal\" \/>\n<meta name=\"twitter:label1\" content=\"Est. reading time\" \/>\n\t<meta name=\"twitter:data1\" content=\"3 minutes\" \/>\n<script type=\"application\/ld+json\" class=\"yoast-schema-graph\">{\"@context\":\"https:\/\/schema.org\",\"@graph\":[{\"@type\":\"WebPage\",\"@id\":\"https:\/\/montreallimo.net\/fr\/limousine-laval\/\",\"url\":\"https:\/\/montreallimo.net\/fr\/limousine-laval\/\",\"name\":\"Limousine Laval - Luxury Limousine Montreal | 514-700-3634\",\"isPartOf\":{\"@id\":\"https:\/\/montreallimo.net\/fr\/#website\"},\"primaryImageOfPage\":{\"@id\":\"https:\/\/montreallimo.net\/fr\/limousine-laval\/#primaryimage\"},\"image\":{\"@id\":\"https:\/\/montreallimo.net\/fr\/limousine-laval\/#primaryimage\"},\"thumbnailUrl\":\"http:\/\/montreallimo.net\/fr\/wp-content\/uploads\/2017\/04\/limo-service-montreal-768x345-2.jpg\",\"datePublished\":\"2017-04-08T18:20:59+00:00\",\"dateModified\":\"2017-10-02T19:14:21+00:00\",\"breadcrumb\":{\"@id\":\"https:\/\/montreallimo.net\/fr\/limousine-laval\/#breadcrumb\"},\"inLanguage\":\"en\",\"potentialAction\":[{\"@type\":\"ReadAction\",\"target\":[\"https:\/\/montreallimo.net\/fr\/limousine-laval\/\"]}]},{\"@type\":\"ImageObject\",\"inLanguage\":\"en\",\"@id\":\"https:\/\/montreallimo.net\/fr\/limousine-laval\/#primaryimage\",\"url\":\"http:\/\/montreallimo.net\/fr\/wp-content\/uploads\/2017\/04\/limo-service-montreal-768x345-2.jpg\",\"contentUrl\":\"http:\/\/montreallimo.net\/fr\/wp-content\/uploads\/2017\/04\/limo-service-montreal-768x345-2.jpg\"},{\"@type\":\"BreadcrumbList\",\"@id\":\"https:\/\/montreallimo.net\/fr\/limousine-laval\/#breadcrumb\",\"itemListElement\":[{\"@type\":\"ListItem\",\"position\":1,\"name\":\"Home\",\"item\":\"https:\/\/montreallimo.net\/fr\/\"},{\"@type\":\"ListItem\",\"position\":2,\"name\":\"Limousine Laval\"}]},{\"@type\":\"WebSite\",\"@id\":\"https:\/\/montreallimo.net\/fr\/#website\",\"url\":\"https:\/\/montreallimo.net\/fr\/\",\"name\":\"Luxury Limousine Montreal\",\"description\":\"#1 Location de Limousine &Agrave; Montr&eacute;al, Quebec\",\"publisher\":{\"@id\":\"https:\/\/montreallimo.net\/fr\/#organization\"},\"potentialAction\":[{\"@type\":\"SearchAction\",\"target\":{\"@type\":\"EntryPoint\",\"urlTemplate\":\"https:\/\/montreallimo.net\/fr\/?s={search_term_string}\"},\"query-input\":{\"@type\":\"PropertyValueSpecification\",\"valueRequired\":true,\"valueName\":\"search_term_string\"}}],\"inLanguage\":\"en\"},{\"@type\":\"Organization\",\"@id\":\"https:\/\/montreallimo.net\/fr\/#organization\",\"name\":\"Luxury Limousine Montreal\",\"url\":\"https:\/\/montreallimo.net\/fr\/\",\"logo\":{\"@type\":\"ImageObject\",\"inLanguage\":\"en\",\"@id\":\"https:\/\/montreallimo.net\/fr\/#\/schema\/logo\/image\/\",\"url\":\"https:\/\/montreallimo.net\/fr\/wp-content\/uploads\/2016\/05\/montreal-limousine-logo-image.png\",\"contentUrl\":\"https:\/\/montreallimo.net\/fr\/wp-content\/uploads\/2016\/05\/montreal-limousine-logo-image.png\",\"width\":300,\"height\":100,\"caption\":\"Luxury Limousine Montreal\"},\"image\":{\"@id\":\"https:\/\/montreallimo.net\/fr\/#\/schema\/logo\/image\/\"},\"sameAs\":[\"https:\/\/www.facebook.com\/luxurylimousinemontreal\/\",\"https:\/\/x.com\/limosmontreal\",\"https:\/\/www.pinterest.ca\/limousinemontre\/\",\"https:\/\/www.youtube.com\/channel\/UCSHiyAM5iCdYFo0U4zeMPtQ\"]}]}<\/script>\n<!-- \/ Yoast SEO plugin. -->","yoast_head_json":{"title":"Limousine Laval - Luxury Limousine Montreal | 514-700-3634","robots":{"index":"index","follow":"follow","max-snippet":"max-snippet:-1","max-image-preview":"max-image-preview:large","max-video-preview":"max-video-preview:-1"},"canonical":"https:\/\/montreallimo.net\/fr\/limousine-laval\/","og_locale":"en_US","og_type":"article","og_title":"Limousine Laval - Luxury Limousine Montreal | 514-700-3634","og_description":"Luxury Limousine Laval vous fournit \u00e0 vous et \u00e0 vos amis un service de location limousine de luxe \u00e0 Laval pour les r\u00e9sidents de Laval afin de vous assurer d&#8217;obtenir la limousine que vous d\u00e9sirez! Laissez-nous \u00eatre la compagnie de location #1 de limousine \u00e0 Laval et vous serez combl\u00e9 d\u2019\u00eatre \u00e0 bord de nos... Read More","og_url":"https:\/\/montreallimo.net\/fr\/limousine-laval\/","og_site_name":"Luxury Limousine Montreal | 514-700-3634","article_publisher":"https:\/\/www.facebook.com\/luxurylimousinemontreal\/","article_modified_time":"2017-10-02T19:14:21+00:00","og_image":[{"url":"http:\/\/montreallimo.net\/fr\/wp-content\/uploads\/2017\/04\/limo-service-montreal-768x345-2.jpg","type":"","width":"","height":""}],"twitter_card":"summary_large_image","twitter_site":"@limosmontreal","twitter_misc":{"Est. reading time":"3 minutes"},"schema":{"@context":"https:\/\/schema.org","@graph":[{"@type":"WebPage","@id":"https:\/\/montreallimo.net\/fr\/limousine-laval\/","url":"https:\/\/montreallimo.net\/fr\/limousine-laval\/","name":"Limousine Laval - Luxury Limousine Montreal | 514-700-3634","isPartOf":{"@id":"https:\/\/montreallimo.net\/fr\/#website"},"primaryImageOfPage":{"@id":"https:\/\/montreallimo.net\/fr\/limousine-laval\/#primaryimage"},"image":{"@id":"https:\/\/montreallimo.net\/fr\/limousine-laval\/#primaryimage"},"thumbnailUrl":"http:\/\/montreallimo.net\/fr\/wp-content\/uploads\/2017\/04\/limo-service-montreal-768x345-2.jpg","datePublished":"2017-04-08T18:20:59+00:00","dateModified":"2017-10-02T19:14:21+00:00","breadcrumb":{"@id":"https:\/\/montreallimo.net\/fr\/limousine-laval\/#breadcrumb"},"inLanguage":"en","potentialAction":[{"@type":"ReadAction","target":["https:\/\/montreallimo.net\/fr\/limousine-laval\/"]}]},{"@type":"ImageObject","inLanguage":"en","@id":"https:\/\/montreallimo.net\/fr\/limousine-laval\/#primaryimage","url":"http:\/\/montreallimo.net\/fr\/wp-content\/uploads\/2017\/04\/limo-service-montreal-768x345-2.jpg","contentUrl":"http:\/\/montreallimo.net\/fr\/wp-content\/uploads\/2017\/04\/limo-service-montreal-768x345-2.jpg"},{"@type":"BreadcrumbList","@id":"https:\/\/montreallimo.net\/fr\/limousine-laval\/#breadcrumb","itemListElement":[{"@type":"ListItem","position":1,"name":"Home","item":"https:\/\/montreallimo.net\/fr\/"},{"@type":"ListItem","position":2,"name":"Limousine Laval"}]},{"@type":"WebSite","@id":"https:\/\/montreallimo.net\/fr\/#website","url":"https:\/\/montreallimo.net\/fr\/","name":"Luxury Limousine Montreal","description":"#1 Location de Limousine &Agrave; Montr&eacute;al, Quebec","publisher":{"@id":"https:\/\/montreallimo.net\/fr\/#organization"},"potentialAction":[{"@type":"SearchAction","target":{"@type":"EntryPoint","urlTemplate":"https:\/\/montreallimo.net\/fr\/?s={search_term_string}"},"query-input":{"@type":"PropertyValueSpecification","valueRequired":true,"valueName":"search_term_string"}}],"inLanguage":"en"},{"@type":"Organization","@id":"https:\/\/montreallimo.net\/fr\/#organization","name":"Luxury Limousine Montreal","url":"https:\/\/montreallimo.net\/fr\/","logo":{"@type":"ImageObject","inLanguage":"en","@id":"https:\/\/montreallimo.net\/fr\/#\/schema\/logo\/image\/","url":"https:\/\/montreallimo.net\/fr\/wp-content\/uploads\/2016\/05\/montreal-limousine-logo-image.png","contentUrl":"https:\/\/montreallimo.net\/fr\/wp-content\/uploads\/2016\/05\/montreal-limousine-logo-image.png","width":300,"height":100,"caption":"Luxury Limousine Montreal"},"image":{"@id":"https:\/\/montreallimo.net\/fr\/#\/schema\/logo\/image\/"},"sameAs":["https:\/\/www.facebook.com\/luxurylimousinemontreal\/","https:\/\/x.com\/limosmontreal","https:\/\/www.pinterest.ca\/limousinemontre\/","https:\/\/www.youtube.com\/channel\/UCSHiyAM5iCdYFo0U4zeMPtQ"]}]}},"_links":{"self":[{"href":"https:\/\/montreallimo.net\/fr\/wp-json\/wp\/v2\/pages\/6828","targetHints":{"allow":["GET"]}}],"collection":[{"href":"https:\/\/montreallimo.net\/fr\/wp-json\/wp\/v2\/pages"}],"about":[{"href":"https:\/\/montreallimo.net\/fr\/wp-json\/wp\/v2\/types\/page"}],"author":[{"embeddable":true,"href":"https:\/\/montreallimo.net\/fr\/wp-json\/wp\/v2\/users\/1"}],"replies":[{"embeddable":true,"href":"https:\/\/montreallimo.net\/fr\/wp-json\/wp\/v2\/comments?post=6828"}],"version-history":[{"count":2,"href":"https:\/\/montreallimo.net\/fr\/wp-json\/wp\/v2\/pages\/6828\/revisions"}],"predecessor-version":[{"id":6968,"href":"https:\/\/montreallimo.net\/fr\/wp-json\/wp\/v2\/pages\/6828\/revisions\/6968"}],"wp:attachment":[{"href":"https:\/\/montreallimo.net\/fr\/wp-json\/wp\/v2\/media?parent=6828"}],"curies":[{"name":"wp","href":"https:\/\/api.w.org\/{rel}","templated":true}]}}