{"id":6820,"date":"2017-04-08T18:16:25","date_gmt":"2017-04-08T18:16:25","guid":{"rendered":"http:\/\/montreallimo.net\/fr\/?page_id=6820"},"modified":"2019-01-22T21:58:31","modified_gmt":"2019-01-22T21:58:31","slug":"quinceaneras-fetes-anniversaires","status":"publish","type":"page","link":"https:\/\/montreallimo.net\/fr\/Quinceaneras-fete-anniversaires\/","title":{"rendered":"Quinceaneras \/ F\u00eates pour les 15e et 16e Anniversaires"},"content":{"rendered":"<h1 class=\"limoking-heading-shortcode with-background \"  style=\"color: #ffffff;background-color: #91d549;font-size: 25px;\" ><strong>Louer une limousine pour f\u00eates les 15e et 16e anniversaires sans vous ruiner!<\/strong><\/h1>\n<p><a href=\"http:\/\/montreallimo.net\/fr\/wp-content\/uploads\/2015\/11\/airport-limo-montreal.jpg\"><img loading=\"lazy\" decoding=\"async\" class=\"wp-image-6265 size-full\" src=\"http:\/\/montreallimo.net\/fr\/wp-content\/uploads\/2015\/11\/airport-limo-montreal.jpg\" alt=\"\" width=\"500\" height=\"338\" srcset=\"https:\/\/montreallimo.net\/fr\/wp-content\/uploads\/2015\/11\/airport-limo-montreal.jpg 500w, https:\/\/montreallimo.net\/fr\/wp-content\/uploads\/2015\/11\/airport-limo-montreal-300x203.jpg 300w\" sizes=\"auto, (max-width: 500px) 100vw, 500px\" \/><\/a><\/p>\n<p><em>Votre enfant grandit et, aussi dur qu&#8217;il soit, il est encore temps de la traiter comme votre petite princesse! <\/em><\/p>\n<p>Votre enfant a atteint 15 ou 16 ans et avant que vous le sachiez, elle ira au coll\u00e8ge. C\u00e9l\u00e9brez son anniversaire d&#8217;une mani\u00e8re qu&#8217;elle n&#8217;oubliera jamais en louant une limousine montr\u00e9alaise avec nous sans vous ruiner. Nos limousines sont uniques et sont enti\u00e8rement \u00e9quip\u00e9es. Nous surprendrons votre fille avec une soir\u00e9e inoubliable et tout sera gr\u00e2ce \u00e0 maman et \/ ou \u00e0 papa! Elle se souviendra toujours de la soir\u00e9e o\u00f9 ses parents (ou grands-parents) l&#8217;ont fait sentir sp\u00e9cial. &nbsp;&nbsp;Elle sera \u00e9pat\u00e9e par nos limousines.<\/p>\n<p>Peu importe si vous avez un petit rassemblement, ou si vous avez une grande f\u00eate &#8230; Montreal limousine poss\u00e8de la limousine qu\u2019il vaut faut. &nbsp;Nous pouvons r\u00e9pondre \u00e0 toutes les demandes et vous serez impressionn\u00e9e!<\/p>\n<ul>\n<li><strong>Personnalisez vos r\u00e9unions<\/strong>. Nous vous offrons un service personnalis\u00e9 du d\u00e9but jusqu\u2019\u00e0 la fin pour que vous viviez la meilleure exp\u00e9rience. Nous pouvons vous aider \u00e0 choisir parmi nos limousines ou voitures plus classique selon ce qui vous convient. Nous pouvons \u00e9galement vous aider avec des d\u00e9corations ! Tout ce dont vous avez besoin, nous l\u2019avons&nbsp;! Nous voulons que vous vous viviez une m\u00e9morable soir\u00e9e.<\/li>\n<li><strong>Famille<\/strong>. Votre petite fille grandit et il est important que vous passiez du temps en famille avant son d\u00e9part pour le coll\u00e9gial. &nbsp;Laissez-nous nous occuper de tous les pr\u00e9paratifs et vous aurez ainsi la chance de profiter de chaque moment en famille sans vous stress\u00e9.<\/li>\n<li><strong>Image parfaite<\/strong>. Nous aurons toujours notre limousine pr\u00eate pour les photos parfaites afin que vous puissiez garder de tr\u00e8s bons souvenirs.&nbsp; En nous choisissant vous aurez la chance de choisir une limousine ou une voiture classique correspondant au style d\u00e9sir\u00e9.<\/li>\n<li><strong>Les meilleurs chauffeurs<\/strong>: nos chauffeurs sont bien form\u00e9s et certifi\u00e9s pour vous offrir la meilleure exp\u00e9rience possible. Nous sommes fiers du fait que lorsque vous \u00eates accueillis avec le sourire et les bras ouverts. Votre exp\u00e9rience avec un excellent service \u00e0 la client\u00e8le ne fait que d\u00e9buter. Nous sommes les mieux c\u00f4t\u00e9s sur le march\u00e9 pour ce qui est du service \u00e0 la client\u00e8le, ce dont nous sommes fiers &#8230;<\/li>\n<li><strong>Bienfais du transport<\/strong>.&nbsp; Lorsque votre fille et ses amis sont avec nous, nous pouvons garantir qu&#8217;ils seront \u00e0 l&#8217;heure \u00e0 leur party.&nbsp; Vous n\u2019aurez pas \u00e0 vous soucier des embouteillages ou du stationnement &#8230; vous pourrez profiter de cette balade sans souci.<\/li>\n<\/ul>\n<p>Il est temps d\u2019en profiter pleinement avec votre fille et ce sans vous ruiner.&nbsp; Elle vous remerciera et se souviendra de cette soir\u00e9e comme une des plus belles journ\u00e9es de sa vie!<\/p>\n<p>&nbsp;<\/p>\n","protected":false},"excerpt":{"rendered":"<p>Votre enfant grandit et, aussi dur qu&#8217;il soit, il est encore temps de la traiter comme votre petite princesse! Votre enfant a atteint 15 ou 16 ans et avant que vous le sachiez, elle ira au coll\u00e8ge. C\u00e9l\u00e9brez son anniversaire d&#8217;une mani\u00e8re qu&#8217;elle n&#8217;oubliera jamais en louant une limousine montr\u00e9alaise avec nous sans vous ruiner&#8230;. <\/p>\n<div class=\"clear\"><\/div>\n<p><a href=\"https:\/\/montreallimo.net\/fr\/Quinceaneras-fete-anniversaires\/\" class=\"limoking-button large excerpt-read-more\">Read More<\/a><\/p>\n","protected":false},"author":1,"featured_media":0,"parent":0,"menu_order":0,"comment_status":"closed","ping_status":"closed","template":"","meta":{"footnotes":""},"class_list":["post-6820","page","type-page","status-publish","hentry"],"yoast_head":"<!-- This site is optimized with the Yoast SEO plugin v26.9 - https:\/\/yoast.com\/product\/yoast-seo-wordpress\/ -->\n<title>Quinceaneras \/ F\u00eates pour les 15e et 16e Anniversaires - Luxury Limousine Montreal | 514-700-3634<\/title>\n<meta name=\"robots\" content=\"index, follow, max-snippet:-1, max-image-preview:large, max-video-preview:-1\" \/>\n<link rel=\"canonical\" href=\"https:\/\/montreallimo.net\/fr\/Quinceaneras-fete-anniversaires\/\" \/>\n<meta property=\"og:locale\" content=\"en_US\" \/>\n<meta property=\"og:type\" content=\"article\" \/>\n<meta property=\"og:title\" content=\"Quinceaneras \/ F\u00eates pour les 15e et 16e Anniversaires - Luxury Limousine Montreal | 514-700-3634\" \/>\n<meta property=\"og:description\" content=\"Votre enfant grandit et, aussi dur qu&#8217;il soit, il est encore temps de la traiter comme votre petite princesse! Votre enfant a atteint 15 ou 16 ans et avant que vous le sachiez, elle ira au coll\u00e8ge. C\u00e9l\u00e9brez son anniversaire d&#8217;une mani\u00e8re qu&#8217;elle n&#8217;oubliera jamais en louant une limousine montr\u00e9alaise avec nous sans vous ruiner.... Read More\" \/>\n<meta property=\"og:url\" content=\"https:\/\/montreallimo.net\/fr\/Quinceaneras-fete-anniversaires\/\" \/>\n<meta property=\"og:site_name\" content=\"Luxury Limousine Montreal | 514-700-3634\" \/>\n<meta property=\"article:publisher\" content=\"https:\/\/www.facebook.com\/luxurylimousinemontreal\/\" \/>\n<meta property=\"article:modified_time\" content=\"2019-01-22T21:58:31+00:00\" \/>\n<meta property=\"og:image\" content=\"http:\/\/montreallimo.net\/fr\/wp-content\/uploads\/2015\/11\/airport-limo-montreal.jpg\" \/>\n<meta name=\"twitter:card\" content=\"summary_large_image\" \/>\n<meta name=\"twitter:site\" content=\"@limosmontreal\" \/>\n<meta name=\"twitter:label1\" content=\"Est. reading time\" \/>\n\t<meta name=\"twitter:data1\" content=\"2 minutes\" \/>\n<script type=\"application\/ld+json\" class=\"yoast-schema-graph\">{\"@context\":\"https:\/\/schema.org\",\"@graph\":[{\"@type\":\"WebPage\",\"@id\":\"https:\/\/montreallimo.net\/fr\/Quinceaneras-fete-anniversaires\/\",\"url\":\"https:\/\/montreallimo.net\/fr\/Quinceaneras-fete-anniversaires\/\",\"name\":\"Quinceaneras \/ F\u00eates pour les 15e et 16e Anniversaires - Luxury Limousine Montreal | 514-700-3634\",\"isPartOf\":{\"@id\":\"https:\/\/montreallimo.net\/fr\/#website\"},\"primaryImageOfPage\":{\"@id\":\"https:\/\/montreallimo.net\/fr\/Quinceaneras-fete-anniversaires\/#primaryimage\"},\"image\":{\"@id\":\"https:\/\/montreallimo.net\/fr\/Quinceaneras-fete-anniversaires\/#primaryimage\"},\"thumbnailUrl\":\"http:\/\/montreallimo.net\/fr\/wp-content\/uploads\/2015\/11\/airport-limo-montreal.jpg\",\"datePublished\":\"2017-04-08T18:16:25+00:00\",\"dateModified\":\"2019-01-22T21:58:31+00:00\",\"breadcrumb\":{\"@id\":\"https:\/\/montreallimo.net\/fr\/Quinceaneras-fete-anniversaires\/#breadcrumb\"},\"inLanguage\":\"en\",\"potentialAction\":[{\"@type\":\"ReadAction\",\"target\":[\"https:\/\/montreallimo.net\/fr\/Quinceaneras-fete-anniversaires\/\"]}]},{\"@type\":\"ImageObject\",\"inLanguage\":\"en\",\"@id\":\"https:\/\/montreallimo.net\/fr\/Quinceaneras-fete-anniversaires\/#primaryimage\",\"url\":\"http:\/\/montreallimo.net\/fr\/wp-content\/uploads\/2015\/11\/airport-limo-montreal.jpg\",\"contentUrl\":\"http:\/\/montreallimo.net\/fr\/wp-content\/uploads\/2015\/11\/airport-limo-montreal.jpg\"},{\"@type\":\"BreadcrumbList\",\"@id\":\"https:\/\/montreallimo.net\/fr\/Quinceaneras-fete-anniversaires\/#breadcrumb\",\"itemListElement\":[{\"@type\":\"ListItem\",\"position\":1,\"name\":\"Home\",\"item\":\"https:\/\/montreallimo.net\/fr\/\"},{\"@type\":\"ListItem\",\"position\":2,\"name\":\"Quinceaneras \/ F\u00eates pour les 15e et 16e Anniversaires\"}]},{\"@type\":\"WebSite\",\"@id\":\"https:\/\/montreallimo.net\/fr\/#website\",\"url\":\"https:\/\/montreallimo.net\/fr\/\",\"name\":\"Luxury Limousine Montreal\",\"description\":\"#1 Location de Limousine &Agrave; Montr&eacute;al, Quebec\",\"publisher\":{\"@id\":\"https:\/\/montreallimo.net\/fr\/#organization\"},\"potentialAction\":[{\"@type\":\"SearchAction\",\"target\":{\"@type\":\"EntryPoint\",\"urlTemplate\":\"https:\/\/montreallimo.net\/fr\/?s={search_term_string}\"},\"query-input\":{\"@type\":\"PropertyValueSpecification\",\"valueRequired\":true,\"valueName\":\"search_term_string\"}}],\"inLanguage\":\"en\"},{\"@type\":\"Organization\",\"@id\":\"https:\/\/montreallimo.net\/fr\/#organization\",\"name\":\"Luxury Limousine Montreal\",\"url\":\"https:\/\/montreallimo.net\/fr\/\",\"logo\":{\"@type\":\"ImageObject\",\"inLanguage\":\"en\",\"@id\":\"https:\/\/montreallimo.net\/fr\/#\/schema\/logo\/image\/\",\"url\":\"https:\/\/montreallimo.net\/fr\/wp-content\/uploads\/2016\/05\/montreal-limousine-logo-image.png\",\"contentUrl\":\"https:\/\/montreallimo.net\/fr\/wp-content\/uploads\/2016\/05\/montreal-limousine-logo-image.png\",\"width\":300,\"height\":100,\"caption\":\"Luxury Limousine Montreal\"},\"image\":{\"@id\":\"https:\/\/montreallimo.net\/fr\/#\/schema\/logo\/image\/\"},\"sameAs\":[\"https:\/\/www.facebook.com\/luxurylimousinemontreal\/\",\"https:\/\/x.com\/limosmontreal\",\"https:\/\/www.pinterest.ca\/limousinemontre\/\",\"https:\/\/www.youtube.com\/channel\/UCSHiyAM5iCdYFo0U4zeMPtQ\"]}]}<\/script>\n<!-- \/ Yoast SEO plugin. -->","yoast_head_json":{"title":"Quinceaneras \/ F\u00eates pour les 15e et 16e Anniversaires - Luxury Limousine Montreal | 514-700-3634","robots":{"index":"index","follow":"follow","max-snippet":"max-snippet:-1","max-image-preview":"max-image-preview:large","max-video-preview":"max-video-preview:-1"},"canonical":"https:\/\/montreallimo.net\/fr\/Quinceaneras-fete-anniversaires\/","og_locale":"en_US","og_type":"article","og_title":"Quinceaneras \/ F\u00eates pour les 15e et 16e Anniversaires - Luxury Limousine Montreal | 514-700-3634","og_description":"Votre enfant grandit et, aussi dur qu&#8217;il soit, il est encore temps de la traiter comme votre petite princesse! Votre enfant a atteint 15 ou 16 ans et avant que vous le sachiez, elle ira au coll\u00e8ge. C\u00e9l\u00e9brez son anniversaire d&#8217;une mani\u00e8re qu&#8217;elle n&#8217;oubliera jamais en louant une limousine montr\u00e9alaise avec nous sans vous ruiner.... Read More","og_url":"https:\/\/montreallimo.net\/fr\/Quinceaneras-fete-anniversaires\/","og_site_name":"Luxury Limousine Montreal | 514-700-3634","article_publisher":"https:\/\/www.facebook.com\/luxurylimousinemontreal\/","article_modified_time":"2019-01-22T21:58:31+00:00","og_image":[{"url":"http:\/\/montreallimo.net\/fr\/wp-content\/uploads\/2015\/11\/airport-limo-montreal.jpg","type":"","width":"","height":""}],"twitter_card":"summary_large_image","twitter_site":"@limosmontreal","twitter_misc":{"Est. reading time":"2 minutes"},"schema":{"@context":"https:\/\/schema.org","@graph":[{"@type":"WebPage","@id":"https:\/\/montreallimo.net\/fr\/Quinceaneras-fete-anniversaires\/","url":"https:\/\/montreallimo.net\/fr\/Quinceaneras-fete-anniversaires\/","name":"Quinceaneras \/ F\u00eates pour les 15e et 16e Anniversaires - Luxury Limousine Montreal | 514-700-3634","isPartOf":{"@id":"https:\/\/montreallimo.net\/fr\/#website"},"primaryImageOfPage":{"@id":"https:\/\/montreallimo.net\/fr\/Quinceaneras-fete-anniversaires\/#primaryimage"},"image":{"@id":"https:\/\/montreallimo.net\/fr\/Quinceaneras-fete-anniversaires\/#primaryimage"},"thumbnailUrl":"http:\/\/montreallimo.net\/fr\/wp-content\/uploads\/2015\/11\/airport-limo-montreal.jpg","datePublished":"2017-04-08T18:16:25+00:00","dateModified":"2019-01-22T21:58:31+00:00","breadcrumb":{"@id":"https:\/\/montreallimo.net\/fr\/Quinceaneras-fete-anniversaires\/#breadcrumb"},"inLanguage":"en","potentialAction":[{"@type":"ReadAction","target":["https:\/\/montreallimo.net\/fr\/Quinceaneras-fete-anniversaires\/"]}]},{"@type":"ImageObject","inLanguage":"en","@id":"https:\/\/montreallimo.net\/fr\/Quinceaneras-fete-anniversaires\/#primaryimage","url":"http:\/\/montreallimo.net\/fr\/wp-content\/uploads\/2015\/11\/airport-limo-montreal.jpg","contentUrl":"http:\/\/montreallimo.net\/fr\/wp-content\/uploads\/2015\/11\/airport-limo-montreal.jpg"},{"@type":"BreadcrumbList","@id":"https:\/\/montreallimo.net\/fr\/Quinceaneras-fete-anniversaires\/#breadcrumb","itemListElement":[{"@type":"ListItem","position":1,"name":"Home","item":"https:\/\/montreallimo.net\/fr\/"},{"@type":"ListItem","position":2,"name":"Quinceaneras \/ F\u00eates pour les 15e et 16e Anniversaires"}]},{"@type":"WebSite","@id":"https:\/\/montreallimo.net\/fr\/#website","url":"https:\/\/montreallimo.net\/fr\/","name":"Luxury Limousine Montreal","description":"#1 Location de Limousine &Agrave; Montr&eacute;al, Quebec","publisher":{"@id":"https:\/\/montreallimo.net\/fr\/#organization"},"potentialAction":[{"@type":"SearchAction","target":{"@type":"EntryPoint","urlTemplate":"https:\/\/montreallimo.net\/fr\/?s={search_term_string}"},"query-input":{"@type":"PropertyValueSpecification","valueRequired":true,"valueName":"search_term_string"}}],"inLanguage":"en"},{"@type":"Organization","@id":"https:\/\/montreallimo.net\/fr\/#organization","name":"Luxury Limousine Montreal","url":"https:\/\/montreallimo.net\/fr\/","logo":{"@type":"ImageObject","inLanguage":"en","@id":"https:\/\/montreallimo.net\/fr\/#\/schema\/logo\/image\/","url":"https:\/\/montreallimo.net\/fr\/wp-content\/uploads\/2016\/05\/montreal-limousine-logo-image.png","contentUrl":"https:\/\/montreallimo.net\/fr\/wp-content\/uploads\/2016\/05\/montreal-limousine-logo-image.png","width":300,"height":100,"caption":"Luxury Limousine Montreal"},"image":{"@id":"https:\/\/montreallimo.net\/fr\/#\/schema\/logo\/image\/"},"sameAs":["https:\/\/www.facebook.com\/luxurylimousinemontreal\/","https:\/\/x.com\/limosmontreal","https:\/\/www.pinterest.ca\/limousinemontre\/","https:\/\/www.youtube.com\/channel\/UCSHiyAM5iCdYFo0U4zeMPtQ"]}]}},"_links":{"self":[{"href":"https:\/\/montreallimo.net\/fr\/wp-json\/wp\/v2\/pages\/6820","targetHints":{"allow":["GET"]}}],"collection":[{"href":"https:\/\/montreallimo.net\/fr\/wp-json\/wp\/v2\/pages"}],"about":[{"href":"https:\/\/montreallimo.net\/fr\/wp-json\/wp\/v2\/types\/page"}],"author":[{"embeddable":true,"href":"https:\/\/montreallimo.net\/fr\/wp-json\/wp\/v2\/users\/1"}],"replies":[{"embeddable":true,"href":"https:\/\/montreallimo.net\/fr\/wp-json\/wp\/v2\/comments?post=6820"}],"version-history":[{"count":7,"href":"https:\/\/montreallimo.net\/fr\/wp-json\/wp\/v2\/pages\/6820\/revisions"}],"predecessor-version":[{"id":7011,"href":"https:\/\/montreallimo.net\/fr\/wp-json\/wp\/v2\/pages\/6820\/revisions\/7011"}],"wp:attachment":[{"href":"https:\/\/montreallimo.net\/fr\/wp-json\/wp\/v2\/media?parent=6820"}],"curies":[{"name":"wp","href":"https:\/\/api.w.org\/{rel}","templated":true}]}}