{"id":6811,"date":"2017-04-08T18:12:47","date_gmt":"2017-04-08T18:12:47","guid":{"rendered":"http:\/\/montreallimo.net\/fr\/?page_id=6811"},"modified":"2017-10-02T19:10:22","modified_gmt":"2017-10-02T19:10:22","slug":"events-limousines","status":"publish","type":"page","link":"https:\/\/montreallimo.net\/fr\/evenements-speciaux\/","title":{"rendered":"\u00c9v\u00e9nements Sp\u00e9ciaux"},"content":{"rendered":"<h1 class=\"limoking-heading-shortcode with-background \"  style=\"color: #ffffff;background-color: #91d549;font-size: 25px;\" ><strong>R\u00e9server pour la location de limousine montreal pour vos \u00e9v\u00e9nements annuels et sportifs tout en style!<\/strong><\/h1>\n<p><a href=\"http:\/\/montreallimo.net\/fr\/wp-content\/uploads\/2013\/11\/black-limo.jpg\"><img loading=\"lazy\" decoding=\"async\" class=\"wp-image-6340 size-full\" src=\"http:\/\/montreallimo.net\/fr\/wp-content\/uploads\/2013\/11\/black-limo.jpg\" alt=\"\" width=\"1000\" height=\"713\" srcset=\"https:\/\/montreallimo.net\/fr\/wp-content\/uploads\/2013\/11\/black-limo.jpg 1000w, https:\/\/montreallimo.net\/fr\/wp-content\/uploads\/2013\/11\/black-limo-300x214.jpg 300w, https:\/\/montreallimo.net\/fr\/wp-content\/uploads\/2013\/11\/black-limo-768x548.jpg 768w\" sizes=\"auto, (max-width: 1000px) 100vw, 1000px\" \/><\/a><\/p>\n<p>Avez-vous un \u00e9v\u00e9nement saisonnier \u00e0 assister? Eh bien, vous avez trouv\u00e9 le bon endroit pour planifier votre transport.\u00a0 Notre entreprise de location de limousine est la mieux c\u00f4t\u00e9 sur le march\u00e9.<\/p>\n<p>Nous r\u00e9pondons \u00e0 tous les \u00e9v\u00e9nements, en voici quelques un\u00a0:<\/p>\n<ol>\n<li><strong>Party de No\u00ebl, du Nouvel An et Hanukkah.<\/strong> Assurez-vous de r\u00e9server votre limousine d\u00e8s maintenant car les places s\u2019envolent rapidement. Ce sont les f\u00eates les plus populaires de l&#8217;ann\u00e9e.<\/li>\n<li><strong>Forfait propos\u00e9 pour la Saint Valentin.<\/strong> Voulez-vous planifier une soir\u00e9e sp\u00e9ciale pour votre bien-aim\u00e9? Nous sommes devenus l&#8217;une de nos meilleures escapades demand\u00e9es, donc nous avons cr\u00e9\u00e9 quelques paquets que vous pouvez choisir ou vous pouvez cr\u00e9er votre propre. Rien ne dit que je t&#8217;aime qu\u2019une soir\u00e9e dans l&#8217;une de nos luxueuses limousines.<\/li>\n<li><strong>F\u00eate des m\u00e8res et des p\u00e8res.<\/strong> Vos parents ont beaucoup fait pour vous, il n&#8217;y a rien de mieux que de leur r\u00e9server un forfait \u00e0 Luxury Limousine Montr\u00e9al.\u00a0 Nous traiterons maman et papa comme la reine et le roi, ils se souviendront longtemps de cette soir\u00e9e que vous leur avez offerte.<\/li>\n<li><strong>Party nuit blanche ou f\u00eates d&#8217;Halloween.<\/strong> Avez-vous eu la chance de vous balader \u00e0 bord d\u2019une de nos limousines pour votre party de nuit blanche ou d&#8217;Halloween &#8230; si vous ne l&#8217;avez pas encore fait et bien il est temps? Seuls nous pouvons dire que nous avons les meilleurs limousins pour tous vos types de party!<\/li>\n<li><strong>Party de la St-Jean et de la f\u00eate du Canada.<\/strong> Pourquoi ne pas c\u00e9l\u00e9brer avec nous? Nous pouvons vous emmener dans les endroits branch\u00e9s et faire la f\u00eate. \u00a0Vous ne savez pas ce que vous manquez jusqu&#8217;\u00e0 ce que vous ayez v\u00e9cu une exp\u00e9rience avec nous. \u00a0Nous faisons que votre journ\u00e9e soit m\u00e9morable.<\/li>\n<li><strong>Festival de Jazz et Juste pour rire.<\/strong> Les festivals sont amusants, mais ils peuvent \u00eatre encore plus amusants lorsque vous faites affaires avec nous. Nous pouvons vous aider \u00e0 planifier votre journ\u00e9e et faire que votre exp\u00e9rience pleinement combl\u00e9.<\/li>\n<li><strong>Festival international du film.<\/strong> Tout en voyant les mises en sc\u00e8ne de films et les futurs acteurs au grand \u00e9cran, pourquoi ne pas vous sentir comme une star de film vous aussi? Nous allons vous traiter comme une star de cin\u00e9ma et d\u00e9ployer le tapis rouge du service \u00e0 la client\u00e8le juste pour vous.<\/li>\n<li><strong>Le Grand Prix de la F1<\/strong> (L&#8217;\u00e9v\u00e9nement sportif le plus attendu). Lors de ces \u00e9v\u00e9nements, les gens adorent le champagne et le vin, les f\u00eates, les Ferrari et le grand prix c\u2019est ce qu\u2019il repr\u00e9sente! Nous sommes les seuls \u00e0 vous emmener dans les endroits les plus branch\u00e9s avec style incluant toutes les commodit\u00e9s que vous d\u00e9sirez.\u00a0 Nous avons les meilleures limousines et nous savons comment faire pour que votre soir\u00e9e soit m\u00e9morable.<\/li>\n<li><strong>ET encore plus&#8230;<\/strong><\/li>\n<\/ol>\n<p>Nous vous transportons non seulement aux endroits o\u00f9 vous voulez aller, mais nous voulons que viviez l\u2019exp\u00e9rience que vous souhaitez. Nous sommes disponibles 24 heures sur 24, 7 jours par semaine pour vous aider \u00e0 r\u00e9pondre \u00e0 vos besoins pour la location d\u2019une limousine gr\u00e2ce \u00e0 la programmation, la f\u00eate ou tout simplement pour \u00eatre conduit \u00e0 la destination de votre choix en style.\u00a0 Prenez rendez-vous avec nous aujourd&#8217;hui!<\/p>\n<p>&nbsp;<\/p>\n<p>&nbsp;<\/p>\n","protected":false},"excerpt":{"rendered":"<p>Avez-vous un \u00e9v\u00e9nement saisonnier \u00e0 assister? Eh bien, vous avez trouv\u00e9 le bon endroit pour planifier votre transport.\u00a0 Notre entreprise de location de limousine est la mieux c\u00f4t\u00e9 sur le march\u00e9. Nous r\u00e9pondons \u00e0 tous les \u00e9v\u00e9nements, en voici quelques un\u00a0: Party de No\u00ebl, du Nouvel An et Hanukkah. Assurez-vous de r\u00e9server votre limousine d\u00e8s&#8230; <\/p>\n<div class=\"clear\"><\/div>\n<p><a href=\"https:\/\/montreallimo.net\/fr\/evenements-speciaux\/\" class=\"limoking-button large excerpt-read-more\">Read More<\/a><\/p>\n","protected":false},"author":1,"featured_media":0,"parent":0,"menu_order":0,"comment_status":"closed","ping_status":"closed","template":"","meta":{"footnotes":""},"class_list":["post-6811","page","type-page","status-publish","hentry"],"yoast_head":"<!-- This site is optimized with the Yoast SEO plugin v26.9 - https:\/\/yoast.com\/product\/yoast-seo-wordpress\/ -->\n<title>\u00c9v\u00e9nements Sp\u00e9ciaux - Luxury Limousine Montreal | 514-700-3634<\/title>\n<meta name=\"robots\" content=\"index, follow, max-snippet:-1, max-image-preview:large, max-video-preview:-1\" \/>\n<link rel=\"canonical\" href=\"https:\/\/montreallimo.net\/fr\/evenements-speciaux\/\" \/>\n<meta property=\"og:locale\" content=\"en_US\" \/>\n<meta property=\"og:type\" content=\"article\" \/>\n<meta property=\"og:title\" content=\"\u00c9v\u00e9nements Sp\u00e9ciaux - Luxury Limousine Montreal | 514-700-3634\" \/>\n<meta property=\"og:description\" content=\"Avez-vous un \u00e9v\u00e9nement saisonnier \u00e0 assister? Eh bien, vous avez trouv\u00e9 le bon endroit pour planifier votre transport.\u00a0 Notre entreprise de location de limousine est la mieux c\u00f4t\u00e9 sur le march\u00e9. Nous r\u00e9pondons \u00e0 tous les \u00e9v\u00e9nements, en voici quelques un\u00a0: Party de No\u00ebl, du Nouvel An et Hanukkah. Assurez-vous de r\u00e9server votre limousine d\u00e8s... Read More\" \/>\n<meta property=\"og:url\" content=\"https:\/\/montreallimo.net\/fr\/evenements-speciaux\/\" \/>\n<meta property=\"og:site_name\" content=\"Luxury Limousine Montreal | 514-700-3634\" \/>\n<meta property=\"article:publisher\" content=\"https:\/\/www.facebook.com\/luxurylimousinemontreal\/\" \/>\n<meta property=\"article:modified_time\" content=\"2017-10-02T19:10:22+00:00\" \/>\n<meta property=\"og:image\" content=\"http:\/\/montreallimo.net\/fr\/wp-content\/uploads\/2013\/11\/black-limo.jpg\" \/>\n<meta name=\"twitter:card\" content=\"summary_large_image\" \/>\n<meta name=\"twitter:site\" content=\"@limosmontreal\" \/>\n<meta name=\"twitter:label1\" content=\"Est. reading time\" \/>\n\t<meta name=\"twitter:data1\" content=\"3 minutes\" \/>\n<script type=\"application\/ld+json\" class=\"yoast-schema-graph\">{\"@context\":\"https:\/\/schema.org\",\"@graph\":[{\"@type\":\"WebPage\",\"@id\":\"https:\/\/montreallimo.net\/fr\/evenements-speciaux\/\",\"url\":\"https:\/\/montreallimo.net\/fr\/evenements-speciaux\/\",\"name\":\"\u00c9v\u00e9nements Sp\u00e9ciaux - Luxury Limousine Montreal | 514-700-3634\",\"isPartOf\":{\"@id\":\"https:\/\/montreallimo.net\/fr\/#website\"},\"primaryImageOfPage\":{\"@id\":\"https:\/\/montreallimo.net\/fr\/evenements-speciaux\/#primaryimage\"},\"image\":{\"@id\":\"https:\/\/montreallimo.net\/fr\/evenements-speciaux\/#primaryimage\"},\"thumbnailUrl\":\"http:\/\/montreallimo.net\/fr\/wp-content\/uploads\/2013\/11\/black-limo.jpg\",\"datePublished\":\"2017-04-08T18:12:47+00:00\",\"dateModified\":\"2017-10-02T19:10:22+00:00\",\"breadcrumb\":{\"@id\":\"https:\/\/montreallimo.net\/fr\/evenements-speciaux\/#breadcrumb\"},\"inLanguage\":\"en\",\"potentialAction\":[{\"@type\":\"ReadAction\",\"target\":[\"https:\/\/montreallimo.net\/fr\/evenements-speciaux\/\"]}]},{\"@type\":\"ImageObject\",\"inLanguage\":\"en\",\"@id\":\"https:\/\/montreallimo.net\/fr\/evenements-speciaux\/#primaryimage\",\"url\":\"http:\/\/montreallimo.net\/fr\/wp-content\/uploads\/2013\/11\/black-limo.jpg\",\"contentUrl\":\"http:\/\/montreallimo.net\/fr\/wp-content\/uploads\/2013\/11\/black-limo.jpg\"},{\"@type\":\"BreadcrumbList\",\"@id\":\"https:\/\/montreallimo.net\/fr\/evenements-speciaux\/#breadcrumb\",\"itemListElement\":[{\"@type\":\"ListItem\",\"position\":1,\"name\":\"Home\",\"item\":\"https:\/\/montreallimo.net\/fr\/\"},{\"@type\":\"ListItem\",\"position\":2,\"name\":\"\u00c9v\u00e9nements Sp\u00e9ciaux\"}]},{\"@type\":\"WebSite\",\"@id\":\"https:\/\/montreallimo.net\/fr\/#website\",\"url\":\"https:\/\/montreallimo.net\/fr\/\",\"name\":\"Luxury Limousine Montreal\",\"description\":\"#1 Location de Limousine &Agrave; Montr&eacute;al, Quebec\",\"publisher\":{\"@id\":\"https:\/\/montreallimo.net\/fr\/#organization\"},\"potentialAction\":[{\"@type\":\"SearchAction\",\"target\":{\"@type\":\"EntryPoint\",\"urlTemplate\":\"https:\/\/montreallimo.net\/fr\/?s={search_term_string}\"},\"query-input\":{\"@type\":\"PropertyValueSpecification\",\"valueRequired\":true,\"valueName\":\"search_term_string\"}}],\"inLanguage\":\"en\"},{\"@type\":\"Organization\",\"@id\":\"https:\/\/montreallimo.net\/fr\/#organization\",\"name\":\"Luxury Limousine Montreal\",\"url\":\"https:\/\/montreallimo.net\/fr\/\",\"logo\":{\"@type\":\"ImageObject\",\"inLanguage\":\"en\",\"@id\":\"https:\/\/montreallimo.net\/fr\/#\/schema\/logo\/image\/\",\"url\":\"https:\/\/montreallimo.net\/fr\/wp-content\/uploads\/2016\/05\/montreal-limousine-logo-image.png\",\"contentUrl\":\"https:\/\/montreallimo.net\/fr\/wp-content\/uploads\/2016\/05\/montreal-limousine-logo-image.png\",\"width\":300,\"height\":100,\"caption\":\"Luxury Limousine Montreal\"},\"image\":{\"@id\":\"https:\/\/montreallimo.net\/fr\/#\/schema\/logo\/image\/\"},\"sameAs\":[\"https:\/\/www.facebook.com\/luxurylimousinemontreal\/\",\"https:\/\/x.com\/limosmontreal\",\"https:\/\/www.pinterest.ca\/limousinemontre\/\",\"https:\/\/www.youtube.com\/channel\/UCSHiyAM5iCdYFo0U4zeMPtQ\"]}]}<\/script>\n<!-- \/ Yoast SEO plugin. -->","yoast_head_json":{"title":"\u00c9v\u00e9nements Sp\u00e9ciaux - Luxury Limousine Montreal | 514-700-3634","robots":{"index":"index","follow":"follow","max-snippet":"max-snippet:-1","max-image-preview":"max-image-preview:large","max-video-preview":"max-video-preview:-1"},"canonical":"https:\/\/montreallimo.net\/fr\/evenements-speciaux\/","og_locale":"en_US","og_type":"article","og_title":"\u00c9v\u00e9nements Sp\u00e9ciaux - Luxury Limousine Montreal | 514-700-3634","og_description":"Avez-vous un \u00e9v\u00e9nement saisonnier \u00e0 assister? Eh bien, vous avez trouv\u00e9 le bon endroit pour planifier votre transport.\u00a0 Notre entreprise de location de limousine est la mieux c\u00f4t\u00e9 sur le march\u00e9. Nous r\u00e9pondons \u00e0 tous les \u00e9v\u00e9nements, en voici quelques un\u00a0: Party de No\u00ebl, du Nouvel An et Hanukkah. Assurez-vous de r\u00e9server votre limousine d\u00e8s... Read More","og_url":"https:\/\/montreallimo.net\/fr\/evenements-speciaux\/","og_site_name":"Luxury Limousine Montreal | 514-700-3634","article_publisher":"https:\/\/www.facebook.com\/luxurylimousinemontreal\/","article_modified_time":"2017-10-02T19:10:22+00:00","og_image":[{"url":"http:\/\/montreallimo.net\/fr\/wp-content\/uploads\/2013\/11\/black-limo.jpg","type":"","width":"","height":""}],"twitter_card":"summary_large_image","twitter_site":"@limosmontreal","twitter_misc":{"Est. reading time":"3 minutes"},"schema":{"@context":"https:\/\/schema.org","@graph":[{"@type":"WebPage","@id":"https:\/\/montreallimo.net\/fr\/evenements-speciaux\/","url":"https:\/\/montreallimo.net\/fr\/evenements-speciaux\/","name":"\u00c9v\u00e9nements Sp\u00e9ciaux - Luxury Limousine Montreal | 514-700-3634","isPartOf":{"@id":"https:\/\/montreallimo.net\/fr\/#website"},"primaryImageOfPage":{"@id":"https:\/\/montreallimo.net\/fr\/evenements-speciaux\/#primaryimage"},"image":{"@id":"https:\/\/montreallimo.net\/fr\/evenements-speciaux\/#primaryimage"},"thumbnailUrl":"http:\/\/montreallimo.net\/fr\/wp-content\/uploads\/2013\/11\/black-limo.jpg","datePublished":"2017-04-08T18:12:47+00:00","dateModified":"2017-10-02T19:10:22+00:00","breadcrumb":{"@id":"https:\/\/montreallimo.net\/fr\/evenements-speciaux\/#breadcrumb"},"inLanguage":"en","potentialAction":[{"@type":"ReadAction","target":["https:\/\/montreallimo.net\/fr\/evenements-speciaux\/"]}]},{"@type":"ImageObject","inLanguage":"en","@id":"https:\/\/montreallimo.net\/fr\/evenements-speciaux\/#primaryimage","url":"http:\/\/montreallimo.net\/fr\/wp-content\/uploads\/2013\/11\/black-limo.jpg","contentUrl":"http:\/\/montreallimo.net\/fr\/wp-content\/uploads\/2013\/11\/black-limo.jpg"},{"@type":"BreadcrumbList","@id":"https:\/\/montreallimo.net\/fr\/evenements-speciaux\/#breadcrumb","itemListElement":[{"@type":"ListItem","position":1,"name":"Home","item":"https:\/\/montreallimo.net\/fr\/"},{"@type":"ListItem","position":2,"name":"\u00c9v\u00e9nements Sp\u00e9ciaux"}]},{"@type":"WebSite","@id":"https:\/\/montreallimo.net\/fr\/#website","url":"https:\/\/montreallimo.net\/fr\/","name":"Luxury Limousine Montreal","description":"#1 Location de Limousine &Agrave; Montr&eacute;al, Quebec","publisher":{"@id":"https:\/\/montreallimo.net\/fr\/#organization"},"potentialAction":[{"@type":"SearchAction","target":{"@type":"EntryPoint","urlTemplate":"https:\/\/montreallimo.net\/fr\/?s={search_term_string}"},"query-input":{"@type":"PropertyValueSpecification","valueRequired":true,"valueName":"search_term_string"}}],"inLanguage":"en"},{"@type":"Organization","@id":"https:\/\/montreallimo.net\/fr\/#organization","name":"Luxury Limousine Montreal","url":"https:\/\/montreallimo.net\/fr\/","logo":{"@type":"ImageObject","inLanguage":"en","@id":"https:\/\/montreallimo.net\/fr\/#\/schema\/logo\/image\/","url":"https:\/\/montreallimo.net\/fr\/wp-content\/uploads\/2016\/05\/montreal-limousine-logo-image.png","contentUrl":"https:\/\/montreallimo.net\/fr\/wp-content\/uploads\/2016\/05\/montreal-limousine-logo-image.png","width":300,"height":100,"caption":"Luxury Limousine Montreal"},"image":{"@id":"https:\/\/montreallimo.net\/fr\/#\/schema\/logo\/image\/"},"sameAs":["https:\/\/www.facebook.com\/luxurylimousinemontreal\/","https:\/\/x.com\/limosmontreal","https:\/\/www.pinterest.ca\/limousinemontre\/","https:\/\/www.youtube.com\/channel\/UCSHiyAM5iCdYFo0U4zeMPtQ"]}]}},"_links":{"self":[{"href":"https:\/\/montreallimo.net\/fr\/wp-json\/wp\/v2\/pages\/6811","targetHints":{"allow":["GET"]}}],"collection":[{"href":"https:\/\/montreallimo.net\/fr\/wp-json\/wp\/v2\/pages"}],"about":[{"href":"https:\/\/montreallimo.net\/fr\/wp-json\/wp\/v2\/types\/page"}],"author":[{"embeddable":true,"href":"https:\/\/montreallimo.net\/fr\/wp-json\/wp\/v2\/users\/1"}],"replies":[{"embeddable":true,"href":"https:\/\/montreallimo.net\/fr\/wp-json\/wp\/v2\/comments?post=6811"}],"version-history":[{"count":7,"href":"https:\/\/montreallimo.net\/fr\/wp-json\/wp\/v2\/pages\/6811\/revisions"}],"predecessor-version":[{"id":6982,"href":"https:\/\/montreallimo.net\/fr\/wp-json\/wp\/v2\/pages\/6811\/revisions\/6982"}],"wp:attachment":[{"href":"https:\/\/montreallimo.net\/fr\/wp-json\/wp\/v2\/media?parent=6811"}],"curies":[{"name":"wp","href":"https:\/\/api.w.org\/{rel}","templated":true}]}}