{"id":6810,"date":"2017-04-08T18:08:58","date_gmt":"2017-04-08T18:08:58","guid":{"rendered":"http:\/\/montreallimo.net\/fr\/?page_id=6810"},"modified":"2019-01-22T22:03:55","modified_gmt":"2019-01-22T22:03:55","slug":"limousine-pour-le-tours-de-ville-touristiques-casino","status":"publish","type":"page","link":"https:\/\/montreallimo.net\/fr\/Tours-de-ville-touristiques-casino\/","title":{"rendered":"Tours de ville, Visites Touristiques et Soir\u00e9es Casino"},"content":{"rendered":"<h1 class=\"limoking-heading-shortcode with-background \"  style=\"color: #ffffff;background-color: #91d549;font-size: 25px;\" ><strong>Louer une limousine pour un tour de ville, une visite touristique et une soir\u00e9e au casino!<\/strong><\/h1>\n<p><a href=\"http:\/\/montreallimo.net\/fr\/wp-content\/uploads\/2014\/04\/a1.png\"><img loading=\"lazy\" decoding=\"async\" class=\"alignnone wp-image-155 size-full\" src=\"http:\/\/montreallimo.net\/fr\/wp-content\/uploads\/2014\/04\/a1.png\" alt=\"location de limousine\" width=\"620\" height=\"250\" srcset=\"https:\/\/montreallimo.net\/fr\/wp-content\/uploads\/2014\/04\/a1.png 620w, https:\/\/montreallimo.net\/fr\/wp-content\/uploads\/2014\/04\/a1-300x120.png 300w\" sizes=\"auto, (max-width: 620px) 100vw, 620px\" \/><\/a><\/p>\n<p><strong>Est-il temps de faire la f\u00eate et passer une soir\u00e9e au casino ou souhaitez-vous faire un tour de ville? En choisissant nos diff\u00e9rents forfaits, nous pouvons vous aider \u00e0 vivre l\u2019exp\u00e9rience de votre vie.<\/strong><\/p>\n<p>O\u00f9 souhaitez-vous aller, Casino de Montr\u00e9al ou faire le tour et sillonner la ville de Montr\u00e9al ou Qu\u00e9bec? Nous pouvons cr\u00e9er un forfait sur mesure en fonction des endroits que vous d\u00e9sirez visiter.<\/p>\n<p>Pourquoi nous sommes les meilleurs, c&#8217;est parce que nous sommes en mesure de r\u00e9pondre \u00e0 vos besoins en vous offrant le meilleur service \u00e0 la client\u00e8le et les limousines \u00e0 Montr\u00e9al. Tout le monde veut faire \u00e0 sa fa\u00e7on et notre service de limousine vous aidera \u00e0 faire tout ce que vous voulez faire ou voir. Nous pouvons r\u00e9pondre \u00e0 de grands groupes ou des individus, il n\u2019en tient qu\u2019\u00e0 vous!<\/p>\n<ul>\n<li><strong>Forfait sup\u00e9rieur casino.<\/strong> Nous allons vous chercher et vous ferez une balade dans la ville pour ensuite vous emmener au casino.&nbsp; Nos limousines sont enti\u00e8rement \u00e9quip\u00e9es avec toutes les commodit\u00e9s que vous d\u00e9sirez et vous recevrez un traitement royal.<\/li>\n<li><strong>Visite guid\u00e9e personnalis\u00e9e.<\/strong> Si vous demeurer en dehors de la ville et avez besoin de quelqu&#8217;un pour vous montrer tous les endroits branch\u00e9s, nous sommes l\u00e0 pour vous. Nous offrons \u00e0 nos invit\u00e9s de l\u2019ext\u00e9rieur un tour de ville et un traitement royal.&nbsp; Vous allez vous faire des amis rapidement et profiter de votre soir\u00e9e avec vous.<\/li>\n<li><strong>Divertissant et relaxant.<\/strong> Nos chauffeurs sont fiers car le client est notre priorit\u00e9 et nous voulons que vous ayez du plaisir. Louer nos limousines pour une visite de la ville et vous adorerez o\u00f9 nous vous conduirons. Vous pouvez choisir parmi notre liste d&#8217;endroits sugg\u00e9r\u00e9s ou vous laisser surprendre. Aucun autre fournisseur ne pourra vous offrira des visites personnalis\u00e9e comme nous le faisons. Nous pouvons vous emmener dans des lieux historiques de la ville o\u00f9 nous vous dirons l&#8217;histoire merveilleuse de chaque endroit ou nous pouvons vous emmener \u00e0 tous les points branch\u00e9s de la ville. L\u00e0 o\u00f9 nous vous emmenons d\u00e9pend de vous. Appelez-nous simplement aujourd&#8217;hui ou remplissez le formulaire situ\u00e9 \u00e0 droite de cette page.<\/li>\n<li><strong>Planification de groupe.<\/strong> Vaut mieux planifier que pas assez. Si vous souhaitez faire une exp\u00e9rience en groupe, nous pouvons le faire aussi. Nos limousines sont en mesure d\u2019accueillir plusieurs personnes confortablement. Donc, amenez vos amis et faisons de cet \u00e9v\u00e9nement un \u00e9v\u00e9nement dont vous aller vous rappeler.<\/li>\n<li><strong>Service haut de gamme.<\/strong> Service haut de gamme. Nous sommes fiers d&#8217;avoir le meilleur service de l\u2019industrie. Notre entreprise de location de limousines saura vous offrir un traitement royal. Notre objectif est que vous allez revenir nous voir et faire appel \u00e0 nos services pour un prochain \u00e9v\u00e9nement.<\/li>\n<\/ul>\n<p>Appelez-nous aujourd\u2019hui pour r\u00e9server votre tour de ville ou compl\u00e9ter le formulaire situ\u00e9 en haut \u00e0 droite la page d\u00e9but\u00e9.<\/p>\n<p>&nbsp;<\/p>\n<p>&nbsp;<\/p>\n<p>&nbsp;<\/p>\n","protected":false},"excerpt":{"rendered":"<p>Est-il temps de faire la f\u00eate et passer une soir\u00e9e au casino ou souhaitez-vous faire un tour de ville? En choisissant nos diff\u00e9rents forfaits, nous pouvons vous aider \u00e0 vivre l\u2019exp\u00e9rience de votre vie. O\u00f9 souhaitez-vous aller, Casino de Montr\u00e9al ou faire le tour et sillonner la ville de Montr\u00e9al ou Qu\u00e9bec? Nous pouvons cr\u00e9er&#8230; <\/p>\n<div class=\"clear\"><\/div>\n<p><a href=\"https:\/\/montreallimo.net\/fr\/Tours-de-ville-touristiques-casino\/\" class=\"limoking-button large excerpt-read-more\">Read More<\/a><\/p>\n","protected":false},"author":1,"featured_media":0,"parent":0,"menu_order":0,"comment_status":"closed","ping_status":"closed","template":"","meta":{"footnotes":""},"class_list":["post-6810","page","type-page","status-publish","hentry"],"yoast_head":"<!-- This site is optimized with the Yoast SEO plugin v26.9 - https:\/\/yoast.com\/product\/yoast-seo-wordpress\/ -->\n<title>Tours de ville, Visites Touristiques et Soir\u00e9es Casino - Luxury Limousine Montreal | 514-700-3634<\/title>\n<meta name=\"robots\" content=\"index, follow, max-snippet:-1, max-image-preview:large, max-video-preview:-1\" \/>\n<link rel=\"canonical\" href=\"https:\/\/montreallimo.net\/fr\/Tours-de-ville-touristiques-casino\/\" \/>\n<meta property=\"og:locale\" content=\"en_US\" \/>\n<meta property=\"og:type\" content=\"article\" \/>\n<meta property=\"og:title\" content=\"Tours de ville, Visites Touristiques et Soir\u00e9es Casino - Luxury Limousine Montreal | 514-700-3634\" \/>\n<meta property=\"og:description\" content=\"Est-il temps de faire la f\u00eate et passer une soir\u00e9e au casino ou souhaitez-vous faire un tour de ville? En choisissant nos diff\u00e9rents forfaits, nous pouvons vous aider \u00e0 vivre l\u2019exp\u00e9rience de votre vie. O\u00f9 souhaitez-vous aller, Casino de Montr\u00e9al ou faire le tour et sillonner la ville de Montr\u00e9al ou Qu\u00e9bec? Nous pouvons cr\u00e9er... Read More\" \/>\n<meta property=\"og:url\" content=\"https:\/\/montreallimo.net\/fr\/Tours-de-ville-touristiques-casino\/\" \/>\n<meta property=\"og:site_name\" content=\"Luxury Limousine Montreal | 514-700-3634\" \/>\n<meta property=\"article:publisher\" content=\"https:\/\/www.facebook.com\/luxurylimousinemontreal\/\" \/>\n<meta property=\"article:modified_time\" content=\"2019-01-22T22:03:55+00:00\" \/>\n<meta property=\"og:image\" content=\"http:\/\/montreallimo.net\/fr\/wp-content\/uploads\/2014\/04\/a1.png\" \/>\n<meta name=\"twitter:card\" content=\"summary_large_image\" \/>\n<meta name=\"twitter:site\" content=\"@limosmontreal\" \/>\n<meta name=\"twitter:label1\" content=\"Est. reading time\" \/>\n\t<meta name=\"twitter:data1\" content=\"3 minutes\" \/>\n<script type=\"application\/ld+json\" class=\"yoast-schema-graph\">{\"@context\":\"https:\/\/schema.org\",\"@graph\":[{\"@type\":\"WebPage\",\"@id\":\"https:\/\/montreallimo.net\/fr\/Tours-de-ville-touristiques-casino\/\",\"url\":\"https:\/\/montreallimo.net\/fr\/Tours-de-ville-touristiques-casino\/\",\"name\":\"Tours de ville, Visites Touristiques et Soir\u00e9es Casino - Luxury Limousine Montreal | 514-700-3634\",\"isPartOf\":{\"@id\":\"https:\/\/montreallimo.net\/fr\/#website\"},\"primaryImageOfPage\":{\"@id\":\"https:\/\/montreallimo.net\/fr\/Tours-de-ville-touristiques-casino\/#primaryimage\"},\"image\":{\"@id\":\"https:\/\/montreallimo.net\/fr\/Tours-de-ville-touristiques-casino\/#primaryimage\"},\"thumbnailUrl\":\"http:\/\/montreallimo.net\/fr\/wp-content\/uploads\/2014\/04\/a1.png\",\"datePublished\":\"2017-04-08T18:08:58+00:00\",\"dateModified\":\"2019-01-22T22:03:55+00:00\",\"breadcrumb\":{\"@id\":\"https:\/\/montreallimo.net\/fr\/Tours-de-ville-touristiques-casino\/#breadcrumb\"},\"inLanguage\":\"en\",\"potentialAction\":[{\"@type\":\"ReadAction\",\"target\":[\"https:\/\/montreallimo.net\/fr\/Tours-de-ville-touristiques-casino\/\"]}]},{\"@type\":\"ImageObject\",\"inLanguage\":\"en\",\"@id\":\"https:\/\/montreallimo.net\/fr\/Tours-de-ville-touristiques-casino\/#primaryimage\",\"url\":\"http:\/\/montreallimo.net\/fr\/wp-content\/uploads\/2014\/04\/a1.png\",\"contentUrl\":\"http:\/\/montreallimo.net\/fr\/wp-content\/uploads\/2014\/04\/a1.png\"},{\"@type\":\"BreadcrumbList\",\"@id\":\"https:\/\/montreallimo.net\/fr\/Tours-de-ville-touristiques-casino\/#breadcrumb\",\"itemListElement\":[{\"@type\":\"ListItem\",\"position\":1,\"name\":\"Home\",\"item\":\"https:\/\/montreallimo.net\/fr\/\"},{\"@type\":\"ListItem\",\"position\":2,\"name\":\"Tours de ville, Visites Touristiques et Soir\u00e9es Casino\"}]},{\"@type\":\"WebSite\",\"@id\":\"https:\/\/montreallimo.net\/fr\/#website\",\"url\":\"https:\/\/montreallimo.net\/fr\/\",\"name\":\"Luxury Limousine Montreal\",\"description\":\"#1 Location de Limousine &Agrave; Montr&eacute;al, Quebec\",\"publisher\":{\"@id\":\"https:\/\/montreallimo.net\/fr\/#organization\"},\"potentialAction\":[{\"@type\":\"SearchAction\",\"target\":{\"@type\":\"EntryPoint\",\"urlTemplate\":\"https:\/\/montreallimo.net\/fr\/?s={search_term_string}\"},\"query-input\":{\"@type\":\"PropertyValueSpecification\",\"valueRequired\":true,\"valueName\":\"search_term_string\"}}],\"inLanguage\":\"en\"},{\"@type\":\"Organization\",\"@id\":\"https:\/\/montreallimo.net\/fr\/#organization\",\"name\":\"Luxury Limousine Montreal\",\"url\":\"https:\/\/montreallimo.net\/fr\/\",\"logo\":{\"@type\":\"ImageObject\",\"inLanguage\":\"en\",\"@id\":\"https:\/\/montreallimo.net\/fr\/#\/schema\/logo\/image\/\",\"url\":\"https:\/\/montreallimo.net\/fr\/wp-content\/uploads\/2016\/05\/montreal-limousine-logo-image.png\",\"contentUrl\":\"https:\/\/montreallimo.net\/fr\/wp-content\/uploads\/2016\/05\/montreal-limousine-logo-image.png\",\"width\":300,\"height\":100,\"caption\":\"Luxury Limousine Montreal\"},\"image\":{\"@id\":\"https:\/\/montreallimo.net\/fr\/#\/schema\/logo\/image\/\"},\"sameAs\":[\"https:\/\/www.facebook.com\/luxurylimousinemontreal\/\",\"https:\/\/x.com\/limosmontreal\",\"https:\/\/www.pinterest.ca\/limousinemontre\/\",\"https:\/\/www.youtube.com\/channel\/UCSHiyAM5iCdYFo0U4zeMPtQ\"]}]}<\/script>\n<!-- \/ Yoast SEO plugin. -->","yoast_head_json":{"title":"Tours de ville, Visites Touristiques et Soir\u00e9es Casino - Luxury Limousine Montreal | 514-700-3634","robots":{"index":"index","follow":"follow","max-snippet":"max-snippet:-1","max-image-preview":"max-image-preview:large","max-video-preview":"max-video-preview:-1"},"canonical":"https:\/\/montreallimo.net\/fr\/Tours-de-ville-touristiques-casino\/","og_locale":"en_US","og_type":"article","og_title":"Tours de ville, Visites Touristiques et Soir\u00e9es Casino - Luxury Limousine Montreal | 514-700-3634","og_description":"Est-il temps de faire la f\u00eate et passer une soir\u00e9e au casino ou souhaitez-vous faire un tour de ville? En choisissant nos diff\u00e9rents forfaits, nous pouvons vous aider \u00e0 vivre l\u2019exp\u00e9rience de votre vie. O\u00f9 souhaitez-vous aller, Casino de Montr\u00e9al ou faire le tour et sillonner la ville de Montr\u00e9al ou Qu\u00e9bec? Nous pouvons cr\u00e9er... Read More","og_url":"https:\/\/montreallimo.net\/fr\/Tours-de-ville-touristiques-casino\/","og_site_name":"Luxury Limousine Montreal | 514-700-3634","article_publisher":"https:\/\/www.facebook.com\/luxurylimousinemontreal\/","article_modified_time":"2019-01-22T22:03:55+00:00","og_image":[{"url":"http:\/\/montreallimo.net\/fr\/wp-content\/uploads\/2014\/04\/a1.png","type":"","width":"","height":""}],"twitter_card":"summary_large_image","twitter_site":"@limosmontreal","twitter_misc":{"Est. reading time":"3 minutes"},"schema":{"@context":"https:\/\/schema.org","@graph":[{"@type":"WebPage","@id":"https:\/\/montreallimo.net\/fr\/Tours-de-ville-touristiques-casino\/","url":"https:\/\/montreallimo.net\/fr\/Tours-de-ville-touristiques-casino\/","name":"Tours de ville, Visites Touristiques et Soir\u00e9es Casino - Luxury Limousine Montreal | 514-700-3634","isPartOf":{"@id":"https:\/\/montreallimo.net\/fr\/#website"},"primaryImageOfPage":{"@id":"https:\/\/montreallimo.net\/fr\/Tours-de-ville-touristiques-casino\/#primaryimage"},"image":{"@id":"https:\/\/montreallimo.net\/fr\/Tours-de-ville-touristiques-casino\/#primaryimage"},"thumbnailUrl":"http:\/\/montreallimo.net\/fr\/wp-content\/uploads\/2014\/04\/a1.png","datePublished":"2017-04-08T18:08:58+00:00","dateModified":"2019-01-22T22:03:55+00:00","breadcrumb":{"@id":"https:\/\/montreallimo.net\/fr\/Tours-de-ville-touristiques-casino\/#breadcrumb"},"inLanguage":"en","potentialAction":[{"@type":"ReadAction","target":["https:\/\/montreallimo.net\/fr\/Tours-de-ville-touristiques-casino\/"]}]},{"@type":"ImageObject","inLanguage":"en","@id":"https:\/\/montreallimo.net\/fr\/Tours-de-ville-touristiques-casino\/#primaryimage","url":"http:\/\/montreallimo.net\/fr\/wp-content\/uploads\/2014\/04\/a1.png","contentUrl":"http:\/\/montreallimo.net\/fr\/wp-content\/uploads\/2014\/04\/a1.png"},{"@type":"BreadcrumbList","@id":"https:\/\/montreallimo.net\/fr\/Tours-de-ville-touristiques-casino\/#breadcrumb","itemListElement":[{"@type":"ListItem","position":1,"name":"Home","item":"https:\/\/montreallimo.net\/fr\/"},{"@type":"ListItem","position":2,"name":"Tours de ville, Visites Touristiques et Soir\u00e9es Casino"}]},{"@type":"WebSite","@id":"https:\/\/montreallimo.net\/fr\/#website","url":"https:\/\/montreallimo.net\/fr\/","name":"Luxury Limousine Montreal","description":"#1 Location de Limousine &Agrave; Montr&eacute;al, Quebec","publisher":{"@id":"https:\/\/montreallimo.net\/fr\/#organization"},"potentialAction":[{"@type":"SearchAction","target":{"@type":"EntryPoint","urlTemplate":"https:\/\/montreallimo.net\/fr\/?s={search_term_string}"},"query-input":{"@type":"PropertyValueSpecification","valueRequired":true,"valueName":"search_term_string"}}],"inLanguage":"en"},{"@type":"Organization","@id":"https:\/\/montreallimo.net\/fr\/#organization","name":"Luxury Limousine Montreal","url":"https:\/\/montreallimo.net\/fr\/","logo":{"@type":"ImageObject","inLanguage":"en","@id":"https:\/\/montreallimo.net\/fr\/#\/schema\/logo\/image\/","url":"https:\/\/montreallimo.net\/fr\/wp-content\/uploads\/2016\/05\/montreal-limousine-logo-image.png","contentUrl":"https:\/\/montreallimo.net\/fr\/wp-content\/uploads\/2016\/05\/montreal-limousine-logo-image.png","width":300,"height":100,"caption":"Luxury Limousine Montreal"},"image":{"@id":"https:\/\/montreallimo.net\/fr\/#\/schema\/logo\/image\/"},"sameAs":["https:\/\/www.facebook.com\/luxurylimousinemontreal\/","https:\/\/x.com\/limosmontreal","https:\/\/www.pinterest.ca\/limousinemontre\/","https:\/\/www.youtube.com\/channel\/UCSHiyAM5iCdYFo0U4zeMPtQ"]}]}},"_links":{"self":[{"href":"https:\/\/montreallimo.net\/fr\/wp-json\/wp\/v2\/pages\/6810","targetHints":{"allow":["GET"]}}],"collection":[{"href":"https:\/\/montreallimo.net\/fr\/wp-json\/wp\/v2\/pages"}],"about":[{"href":"https:\/\/montreallimo.net\/fr\/wp-json\/wp\/v2\/types\/page"}],"author":[{"embeddable":true,"href":"https:\/\/montreallimo.net\/fr\/wp-json\/wp\/v2\/users\/1"}],"replies":[{"embeddable":true,"href":"https:\/\/montreallimo.net\/fr\/wp-json\/wp\/v2\/comments?post=6810"}],"version-history":[{"count":6,"href":"https:\/\/montreallimo.net\/fr\/wp-json\/wp\/v2\/pages\/6810\/revisions"}],"predecessor-version":[{"id":7014,"href":"https:\/\/montreallimo.net\/fr\/wp-json\/wp\/v2\/pages\/6810\/revisions\/7014"}],"wp:attachment":[{"href":"https:\/\/montreallimo.net\/fr\/wp-json\/wp\/v2\/media?parent=6810"}],"curies":[{"name":"wp","href":"https:\/\/api.w.org\/{rel}","templated":true}]}}