{"id":6806,"date":"2017-04-08T18:06:58","date_gmt":"2017-04-08T18:06:58","guid":{"rendered":"http:\/\/montreallimo.net\/fr\/?page_id=6806"},"modified":"2019-01-22T22:02:55","modified_gmt":"2019-01-22T22:02:55","slug":"limousine-pour-souper-en-ville","status":"publish","type":"page","link":"https:\/\/montreallimo.net\/fr\/souper-en-ville\/","title":{"rendered":"Souper En Ville"},"content":{"rendered":"<h1 class=\"limoking-heading-shortcode with-background \"  style=\"color: #ffffff;background-color: #91d549;font-size: 25px;\" ><strong>Monter \u00e0 bord de l\u2019une de nos luxueuses limousines et souper dans l\u2019un de nos meilleurs restaurants \u00e0 Montr\u00e9al!<\/strong><\/h1>\n<p><a href=\"http:\/\/montreallimo.net\/fr\/wp-content\/uploads\/2013\/12\/best-limousine-montreal-company.jpg\"><img loading=\"lazy\" decoding=\"async\" class=\"alignnone wp-image-6316 size-full\" src=\"http:\/\/montreallimo.net\/fr\/wp-content\/uploads\/2013\/12\/best-limousine-montreal-company.jpg\" alt=\"\" width=\"1100\" height=\"825\" srcset=\"https:\/\/montreallimo.net\/fr\/wp-content\/uploads\/2013\/12\/best-limousine-montreal-company.jpg 1100w, https:\/\/montreallimo.net\/fr\/wp-content\/uploads\/2013\/12\/best-limousine-montreal-company-300x225.jpg 300w, https:\/\/montreallimo.net\/fr\/wp-content\/uploads\/2013\/12\/best-limousine-montreal-company-768x576.jpg 768w, https:\/\/montreallimo.net\/fr\/wp-content\/uploads\/2013\/12\/best-limousine-montreal-company-1024x768.jpg 1024w, https:\/\/montreallimo.net\/fr\/wp-content\/uploads\/2013\/12\/best-limousine-montreal-company-400x300.jpg 400w\" sizes=\"auto, (max-width: 1100px) 100vw, 1100px\" \/><\/a><\/p>\n<p><strong>Pourquoi ne pas souper en style?&nbsp; Nous pouvons vous conduire \u00e0 la destination de votre choix dans l\u2019une de nos luxueuses limousines!<\/strong><\/p>\n<p>Cr\u00e9ez une soir\u00e9e magique en vous rendant \u00e0 vos rendez-vous mondain \u00e0 bord de nos luxueuses limousines. Nous avons un large \u00e9ventail de mod\u00e8les de limousines qui vous est offert. Vous vous sentirez comme une vedette lorsque vous vous retrouverez \u00e0 bord de l&#8217;une de nos limousines. Qu&#8217;est-ce que vous attendez? Appelez-nous aujourd&#8217;hui ou remplissez le formulaire \u00e0 droite de cette page pour r\u00e9server votre transport de limousine \u00e0 Montr\u00e9al aujourd&#8217;hui.<\/p>\n<p>Nous sommes fiers de vous faire vivre l&#8217;exp\u00e9rience de toute une vie lorsque vous \u00eates \u00e0 bord de l&#8217;une de nos limousines nous vous traitons comme la royaut\u00e9.&nbsp; Nos limousines sont enti\u00e8rement \u00e9quip\u00e9es avec la technologie la plus r\u00e9cente afin que vous profitiez au maximum de votre balade.<\/p>\n<p>Nous sommes les meilleurs et voici pourquoi:<\/p>\n<ol>\n<li><strong>Extravagance au meilleur prix.<\/strong> Nous offrons des prix comp\u00e9titifs et si vous trouvez un fournisseur moins cher que nous avec les m\u00eames types de commodit\u00e9s que nous offrons, nous allons \u00e9galer le prix. Lorsque vous nous choisissez, vous obtenez les meilleures limousines et le meilleur service \u00e0 la client\u00e8le.<\/li>\n<li>&nbsp;<strong>La meilleure exp\u00e9rience culinaire.<\/strong> Avez-vous trouv\u00e9 le restaurant ou avez-vous besoin d&#8217;aide? Nous sommes les experts pour aider nos clients et nous serions ravis de vous indiquer les meilleurs endroits dans votre localit\u00e9 ou \u00e0 l\u2019ext\u00e9rieur. Nous pouvons m\u00eame faire les r\u00e9servations pour vous. Nous voulons que vous ayez la meilleure exp\u00e9rience du d\u00e9but jusqu\u2019\u00e0 la fin&nbsp;!<\/li>\n<li><strong>Traitement royal \u00e0 chaque fois.<\/strong> Nos clients reviennent nous voir parce que nous offrons le meilleur service \u00e0 la client\u00e8le. Vous pourriez \u00eatre en mesure de trouver une autre entreprise de limousine qui a de belles limousines, mais vous ne trouverez pas une autre entreprise qui poss\u00e8de de superbes limousines et un excellent service client. On s\u2019occupe de nos clients en leur donnant un traitement royal chaque fois qu\u2019ils nous choisissent!<\/li>\n<li><strong>Prolonger les soir\u00e9es.<\/strong> Si vous vous d\u00e9cidez de passer plus de temps dans un restaurant que pr\u00e9vu, vous n\u2019avez pas \u00e0 vous soucier de votre limousine. Nous voulons toujours que vous appr\u00e9ciiez vos exp\u00e9riences et vous pourrez profiter de votre soir\u00e9e plus longtemps. Sur une autre note, peut-\u00eatre souhaitez-vous avoir du temps en priv\u00e9 avec votre \u00eatre cher avant de rentrer chez vous ou \u00e0 l\u2019h\u00f4tel?&nbsp;&nbsp; Nous nous ferons coutumes et ferons en sorte que votre volont\u00e9 sera exhauss\u00e9e!<\/li>\n<li><strong>Toujours luxueux.<\/strong> Nous avons les meilleures limousines enti\u00e8rement \u00e9quip\u00e9es avec toutes les commodit\u00e9s ce qui aident \u00e0 la romance. &nbsp;Nos limousines sont \u00e9quip\u00e9es d\u2019un \u00e9clairage romantique, du vin et du champagne, et nos chauffeurs sont toujours chics.<\/li>\n<li><strong>Rendez-vous double ou triple.<\/strong> Parfois, plus on est mieux c\u2019est. Si vous souhaitez faire une exp\u00e9rience culinaire en groupe, nous pouvons le faire aussi. Nos limousines sont en mesure d\u2019accueillir un nombre \u00e9lev\u00e9s d\u2019invit\u00e9s \u00e0 bord.<\/li>\n<\/ol>\n<p>Nous sommes disponibles 24 heures sur 24, 7 jours par semaine pour vous aider \u00e0 r\u00e9server la limousine de votre choix.<\/p>\n<p>&nbsp;<\/p>\n<p>&nbsp;<\/p>\n","protected":false},"excerpt":{"rendered":"<p>Pourquoi ne pas souper en style?&nbsp; Nous pouvons vous conduire \u00e0 la destination de votre choix dans l\u2019une de nos luxueuses limousines! Cr\u00e9ez une soir\u00e9e magique en vous rendant \u00e0 vos rendez-vous mondain \u00e0 bord de nos luxueuses limousines. Nous avons un large \u00e9ventail de mod\u00e8les de limousines qui vous est offert. Vous vous sentirez&#8230; <\/p>\n<div class=\"clear\"><\/div>\n<p><a href=\"https:\/\/montreallimo.net\/fr\/souper-en-ville\/\" class=\"limoking-button large excerpt-read-more\">Read More<\/a><\/p>\n","protected":false},"author":1,"featured_media":0,"parent":0,"menu_order":0,"comment_status":"closed","ping_status":"closed","template":"","meta":{"footnotes":""},"class_list":["post-6806","page","type-page","status-publish","hentry"],"yoast_head":"<!-- This site is optimized with the Yoast SEO plugin v26.9 - https:\/\/yoast.com\/product\/yoast-seo-wordpress\/ -->\n<title>Souper En Ville - Luxury Limousine Montreal | 514-700-3634<\/title>\n<meta name=\"robots\" content=\"index, follow, max-snippet:-1, max-image-preview:large, max-video-preview:-1\" \/>\n<link rel=\"canonical\" href=\"https:\/\/montreallimo.net\/fr\/souper-en-ville\/\" \/>\n<meta property=\"og:locale\" content=\"en_US\" \/>\n<meta property=\"og:type\" content=\"article\" \/>\n<meta property=\"og:title\" content=\"Souper En Ville - Luxury Limousine Montreal | 514-700-3634\" \/>\n<meta property=\"og:description\" content=\"Pourquoi ne pas souper en style?&nbsp; Nous pouvons vous conduire \u00e0 la destination de votre choix dans l\u2019une de nos luxueuses limousines! Cr\u00e9ez une soir\u00e9e magique en vous rendant \u00e0 vos rendez-vous mondain \u00e0 bord de nos luxueuses limousines. Nous avons un large \u00e9ventail de mod\u00e8les de limousines qui vous est offert. Vous vous sentirez... Read More\" \/>\n<meta property=\"og:url\" content=\"https:\/\/montreallimo.net\/fr\/souper-en-ville\/\" \/>\n<meta property=\"og:site_name\" content=\"Luxury Limousine Montreal | 514-700-3634\" \/>\n<meta property=\"article:publisher\" content=\"https:\/\/www.facebook.com\/luxurylimousinemontreal\/\" \/>\n<meta property=\"article:modified_time\" content=\"2019-01-22T22:02:55+00:00\" \/>\n<meta property=\"og:image\" content=\"http:\/\/montreallimo.net\/fr\/wp-content\/uploads\/2013\/12\/best-limousine-montreal-company.jpg\" \/>\n<meta name=\"twitter:card\" content=\"summary_large_image\" \/>\n<meta name=\"twitter:site\" content=\"@limosmontreal\" \/>\n<meta name=\"twitter:label1\" content=\"Est. reading time\" \/>\n\t<meta name=\"twitter:data1\" content=\"3 minutes\" \/>\n<script type=\"application\/ld+json\" class=\"yoast-schema-graph\">{\"@context\":\"https:\/\/schema.org\",\"@graph\":[{\"@type\":\"WebPage\",\"@id\":\"https:\/\/montreallimo.net\/fr\/souper-en-ville\/\",\"url\":\"https:\/\/montreallimo.net\/fr\/souper-en-ville\/\",\"name\":\"Souper En Ville - Luxury Limousine Montreal | 514-700-3634\",\"isPartOf\":{\"@id\":\"https:\/\/montreallimo.net\/fr\/#website\"},\"primaryImageOfPage\":{\"@id\":\"https:\/\/montreallimo.net\/fr\/souper-en-ville\/#primaryimage\"},\"image\":{\"@id\":\"https:\/\/montreallimo.net\/fr\/souper-en-ville\/#primaryimage\"},\"thumbnailUrl\":\"http:\/\/montreallimo.net\/fr\/wp-content\/uploads\/2013\/12\/best-limousine-montreal-company.jpg\",\"datePublished\":\"2017-04-08T18:06:58+00:00\",\"dateModified\":\"2019-01-22T22:02:55+00:00\",\"breadcrumb\":{\"@id\":\"https:\/\/montreallimo.net\/fr\/souper-en-ville\/#breadcrumb\"},\"inLanguage\":\"en\",\"potentialAction\":[{\"@type\":\"ReadAction\",\"target\":[\"https:\/\/montreallimo.net\/fr\/souper-en-ville\/\"]}]},{\"@type\":\"ImageObject\",\"inLanguage\":\"en\",\"@id\":\"https:\/\/montreallimo.net\/fr\/souper-en-ville\/#primaryimage\",\"url\":\"http:\/\/montreallimo.net\/fr\/wp-content\/uploads\/2013\/12\/best-limousine-montreal-company.jpg\",\"contentUrl\":\"http:\/\/montreallimo.net\/fr\/wp-content\/uploads\/2013\/12\/best-limousine-montreal-company.jpg\"},{\"@type\":\"BreadcrumbList\",\"@id\":\"https:\/\/montreallimo.net\/fr\/souper-en-ville\/#breadcrumb\",\"itemListElement\":[{\"@type\":\"ListItem\",\"position\":1,\"name\":\"Home\",\"item\":\"https:\/\/montreallimo.net\/fr\/\"},{\"@type\":\"ListItem\",\"position\":2,\"name\":\"Souper En Ville\"}]},{\"@type\":\"WebSite\",\"@id\":\"https:\/\/montreallimo.net\/fr\/#website\",\"url\":\"https:\/\/montreallimo.net\/fr\/\",\"name\":\"Luxury Limousine Montreal\",\"description\":\"#1 Location de Limousine &Agrave; Montr&eacute;al, Quebec\",\"publisher\":{\"@id\":\"https:\/\/montreallimo.net\/fr\/#organization\"},\"potentialAction\":[{\"@type\":\"SearchAction\",\"target\":{\"@type\":\"EntryPoint\",\"urlTemplate\":\"https:\/\/montreallimo.net\/fr\/?s={search_term_string}\"},\"query-input\":{\"@type\":\"PropertyValueSpecification\",\"valueRequired\":true,\"valueName\":\"search_term_string\"}}],\"inLanguage\":\"en\"},{\"@type\":\"Organization\",\"@id\":\"https:\/\/montreallimo.net\/fr\/#organization\",\"name\":\"Luxury Limousine Montreal\",\"url\":\"https:\/\/montreallimo.net\/fr\/\",\"logo\":{\"@type\":\"ImageObject\",\"inLanguage\":\"en\",\"@id\":\"https:\/\/montreallimo.net\/fr\/#\/schema\/logo\/image\/\",\"url\":\"https:\/\/montreallimo.net\/fr\/wp-content\/uploads\/2016\/05\/montreal-limousine-logo-image.png\",\"contentUrl\":\"https:\/\/montreallimo.net\/fr\/wp-content\/uploads\/2016\/05\/montreal-limousine-logo-image.png\",\"width\":300,\"height\":100,\"caption\":\"Luxury Limousine Montreal\"},\"image\":{\"@id\":\"https:\/\/montreallimo.net\/fr\/#\/schema\/logo\/image\/\"},\"sameAs\":[\"https:\/\/www.facebook.com\/luxurylimousinemontreal\/\",\"https:\/\/x.com\/limosmontreal\",\"https:\/\/www.pinterest.ca\/limousinemontre\/\",\"https:\/\/www.youtube.com\/channel\/UCSHiyAM5iCdYFo0U4zeMPtQ\"]}]}<\/script>\n<!-- \/ Yoast SEO plugin. -->","yoast_head_json":{"title":"Souper En Ville - Luxury Limousine Montreal | 514-700-3634","robots":{"index":"index","follow":"follow","max-snippet":"max-snippet:-1","max-image-preview":"max-image-preview:large","max-video-preview":"max-video-preview:-1"},"canonical":"https:\/\/montreallimo.net\/fr\/souper-en-ville\/","og_locale":"en_US","og_type":"article","og_title":"Souper En Ville - Luxury Limousine Montreal | 514-700-3634","og_description":"Pourquoi ne pas souper en style?&nbsp; Nous pouvons vous conduire \u00e0 la destination de votre choix dans l\u2019une de nos luxueuses limousines! Cr\u00e9ez une soir\u00e9e magique en vous rendant \u00e0 vos rendez-vous mondain \u00e0 bord de nos luxueuses limousines. Nous avons un large \u00e9ventail de mod\u00e8les de limousines qui vous est offert. Vous vous sentirez... Read More","og_url":"https:\/\/montreallimo.net\/fr\/souper-en-ville\/","og_site_name":"Luxury Limousine Montreal | 514-700-3634","article_publisher":"https:\/\/www.facebook.com\/luxurylimousinemontreal\/","article_modified_time":"2019-01-22T22:02:55+00:00","og_image":[{"url":"http:\/\/montreallimo.net\/fr\/wp-content\/uploads\/2013\/12\/best-limousine-montreal-company.jpg","type":"","width":"","height":""}],"twitter_card":"summary_large_image","twitter_site":"@limosmontreal","twitter_misc":{"Est. reading time":"3 minutes"},"schema":{"@context":"https:\/\/schema.org","@graph":[{"@type":"WebPage","@id":"https:\/\/montreallimo.net\/fr\/souper-en-ville\/","url":"https:\/\/montreallimo.net\/fr\/souper-en-ville\/","name":"Souper En Ville - Luxury Limousine Montreal | 514-700-3634","isPartOf":{"@id":"https:\/\/montreallimo.net\/fr\/#website"},"primaryImageOfPage":{"@id":"https:\/\/montreallimo.net\/fr\/souper-en-ville\/#primaryimage"},"image":{"@id":"https:\/\/montreallimo.net\/fr\/souper-en-ville\/#primaryimage"},"thumbnailUrl":"http:\/\/montreallimo.net\/fr\/wp-content\/uploads\/2013\/12\/best-limousine-montreal-company.jpg","datePublished":"2017-04-08T18:06:58+00:00","dateModified":"2019-01-22T22:02:55+00:00","breadcrumb":{"@id":"https:\/\/montreallimo.net\/fr\/souper-en-ville\/#breadcrumb"},"inLanguage":"en","potentialAction":[{"@type":"ReadAction","target":["https:\/\/montreallimo.net\/fr\/souper-en-ville\/"]}]},{"@type":"ImageObject","inLanguage":"en","@id":"https:\/\/montreallimo.net\/fr\/souper-en-ville\/#primaryimage","url":"http:\/\/montreallimo.net\/fr\/wp-content\/uploads\/2013\/12\/best-limousine-montreal-company.jpg","contentUrl":"http:\/\/montreallimo.net\/fr\/wp-content\/uploads\/2013\/12\/best-limousine-montreal-company.jpg"},{"@type":"BreadcrumbList","@id":"https:\/\/montreallimo.net\/fr\/souper-en-ville\/#breadcrumb","itemListElement":[{"@type":"ListItem","position":1,"name":"Home","item":"https:\/\/montreallimo.net\/fr\/"},{"@type":"ListItem","position":2,"name":"Souper En Ville"}]},{"@type":"WebSite","@id":"https:\/\/montreallimo.net\/fr\/#website","url":"https:\/\/montreallimo.net\/fr\/","name":"Luxury Limousine Montreal","description":"#1 Location de Limousine &Agrave; Montr&eacute;al, Quebec","publisher":{"@id":"https:\/\/montreallimo.net\/fr\/#organization"},"potentialAction":[{"@type":"SearchAction","target":{"@type":"EntryPoint","urlTemplate":"https:\/\/montreallimo.net\/fr\/?s={search_term_string}"},"query-input":{"@type":"PropertyValueSpecification","valueRequired":true,"valueName":"search_term_string"}}],"inLanguage":"en"},{"@type":"Organization","@id":"https:\/\/montreallimo.net\/fr\/#organization","name":"Luxury Limousine Montreal","url":"https:\/\/montreallimo.net\/fr\/","logo":{"@type":"ImageObject","inLanguage":"en","@id":"https:\/\/montreallimo.net\/fr\/#\/schema\/logo\/image\/","url":"https:\/\/montreallimo.net\/fr\/wp-content\/uploads\/2016\/05\/montreal-limousine-logo-image.png","contentUrl":"https:\/\/montreallimo.net\/fr\/wp-content\/uploads\/2016\/05\/montreal-limousine-logo-image.png","width":300,"height":100,"caption":"Luxury Limousine Montreal"},"image":{"@id":"https:\/\/montreallimo.net\/fr\/#\/schema\/logo\/image\/"},"sameAs":["https:\/\/www.facebook.com\/luxurylimousinemontreal\/","https:\/\/x.com\/limosmontreal","https:\/\/www.pinterest.ca\/limousinemontre\/","https:\/\/www.youtube.com\/channel\/UCSHiyAM5iCdYFo0U4zeMPtQ"]}]}},"_links":{"self":[{"href":"https:\/\/montreallimo.net\/fr\/wp-json\/wp\/v2\/pages\/6806","targetHints":{"allow":["GET"]}}],"collection":[{"href":"https:\/\/montreallimo.net\/fr\/wp-json\/wp\/v2\/pages"}],"about":[{"href":"https:\/\/montreallimo.net\/fr\/wp-json\/wp\/v2\/types\/page"}],"author":[{"embeddable":true,"href":"https:\/\/montreallimo.net\/fr\/wp-json\/wp\/v2\/users\/1"}],"replies":[{"embeddable":true,"href":"https:\/\/montreallimo.net\/fr\/wp-json\/wp\/v2\/comments?post=6806"}],"version-history":[{"count":5,"href":"https:\/\/montreallimo.net\/fr\/wp-json\/wp\/v2\/pages\/6806\/revisions"}],"predecessor-version":[{"id":7013,"href":"https:\/\/montreallimo.net\/fr\/wp-json\/wp\/v2\/pages\/6806\/revisions\/7013"}],"wp:attachment":[{"href":"https:\/\/montreallimo.net\/fr\/wp-json\/wp\/v2\/media?parent=6806"}],"curies":[{"name":"wp","href":"https:\/\/api.w.org\/{rel}","templated":true}]}}