{"id":6792,"date":"2017-04-08T18:00:12","date_gmt":"2017-04-08T18:00:12","guid":{"rendered":"http:\/\/montreallimo.net\/fr\/?page_id=6792"},"modified":"2017-10-02T19:16:21","modified_gmt":"2017-10-02T19:16:21","slug":"anniversaries-proposals","status":"publish","type":"page","link":"https:\/\/montreallimo.net\/fr\/Anniversaires-propositions\/","title":{"rendered":"Anniversaires &#038; Propositions"},"content":{"rendered":"<h1 class=\"limoking-heading-shortcode with-background \"  style=\"color: #ffffff;background-color: #91d549;font-size: 25px;\" ><strong>Faite de votre journ\u00e9e un moment m\u00e9morable \u00e0 bord de nos luxueuses limousines \u00e0 Montr\u00e9al!<\/strong><\/h1>\n<p><a href=\"http:\/\/montreallimo.net\/fr\/wp-content\/uploads\/2017\/04\/limoSlideThree-620x430-2.png\"><img loading=\"lazy\" decoding=\"async\" class=\"alignnone wp-image-6483 size-full\" src=\"http:\/\/montreallimo.net\/fr\/wp-content\/uploads\/2017\/04\/limoSlideThree-620x430-2.png\" alt=\"Montreal Limousine service \" width=\"620\" height=\"430\" srcset=\"https:\/\/montreallimo.net\/fr\/wp-content\/uploads\/2017\/04\/limoSlideThree-620x430-2.png 620w, https:\/\/montreallimo.net\/fr\/wp-content\/uploads\/2017\/04\/limoSlideThree-620x430-2-300x208.png 300w\" sizes=\"auto, (max-width: 620px) 100vw, 620px\" \/><\/a><\/p>\n<p><strong>Nous pouvons vous aider \u00e0 faire de vos anniversaires ou propositions de mariage un moment m\u00e9morable!<\/strong><\/p>\n<p>C\u00e9l\u00e9brer un anniversaire ou planifier une proposition de mariage est un \u00e9v\u00e9nement auquel on doit accorder une attention sp\u00e9ciale. Nous prendrons le temps de travailler avec vous et de planifier cette journ\u00e9e pour qu\u2019elle soit m\u00e9morable! La location d&#8217;une de nos limousines \u00e0 Montr\u00e9al est la premi\u00e8re \u00e9tape pour que votre anniversaire ou votre proposition de mariage soit un \u00e9v\u00e9nement \u00e0 se souvenir.<\/p>\n<p>Nous avons les meilleures limousines et les plus luxueuses et nous pouvons vous composer un forfait adapt\u00e9 \u00e0 vos besoins ou vous pouvez choisir un de nos forfaits romantiques aux meilleurs prix de limousine. \u00a0Nous offrons des forfaits romantiques \u00e0 tr\u00e8s bon prix incluant entre autres le vin ou le champagne. Tout ce que vous avez \u00e0 faire est de nous appeler ou de remplir le formulaire \u00e0 droite de cette page. Nous sommes s\u00fbrs qu\u2019avec notre aide, vous aurez une soir\u00e9e dont vous vous rappeler longtemps.<\/p>\n<ul>\n<li><strong>Profitez-vous de notre luxueuse limousines.<\/strong> C\u00e9l\u00e9brez dans l&#8217;une de nos limousines \u00e9tonnamment extravagantes et vous vivrez l\u2019exp\u00e9rience de votre vie. Notre personnel est exp\u00e9riment\u00e9 et vous aidera \u00e0 rendra votre soir\u00e9e inoubliable.<\/li>\n<li><strong>Nous avons des limousines de luxe.<\/strong> Quand les gens font r\u00e9f\u00e9rence \u00e0 nous ils savent que nous avons les meilleurs et les plus belles limousines. Nous avons un tr\u00e8s large \u00e9ventail de limousines pour tous les go\u00fbts. Lorsque vous entrez dans l\u2019une de nos limousines, vous et votre amour seront transport\u00e9s dans le lieu le plus magique qui sera offert.\u00a0 \u00a0\u00a0Vous vivrez un moment inoubliable.<\/li>\n<li><strong>Traitement Royal.<\/strong> Lorsque vous entrez dans notre limousine, vous vous sentirez comme une royaut\u00e9 et vous vivrez une nuit comme non avant. Notre personnel vous accueillera toujours avec un sourire et ne vous d\u00e9rangera pas pendant que vous \u00e9merveillez et vous d\u00eenez votre amour \u00e0 moins d&#8217;en faire la demande. Vous aurez votre propre renvoi dans nos limousines. Nous sommes fiers de pouvoir cr\u00e9er une atmosph\u00e8re pour l&#8217;amour et pouvoir traiter nos invit\u00e9s comme la royaut\u00e9 est juste une fa\u00e7on d&#8217;aider cette exp\u00e9rience merveilleusement romantique que vous allez partager.<\/li>\n<\/ul>\n<p>Toutes nos limousines sont \u00e9quip\u00e9es avec:<\/p>\n<ul>\n<li>\u00a0\u00a0 Si\u00e8ge et int\u00e9rieur en cuir<\/li>\n<li>\u00a0\u00a0 \u00c9clairage optique et n\u00e9on \u00e0 l\u2019int\u00e9rieur de la limousine et au plafond<\/li>\n<li>\u00a0\u00a0 Bar avec boissons<\/li>\n<li>\u00a0\u00a0 Interphone<\/li>\n<li>\u00a0\u00a0 Panneaux de confidentialit\u00e9<\/li>\n<li>\u00a0\u00a0 Syst\u00e8me de son de tr\u00e8s haute qualit\u00e9<\/li>\n<li>\u00a0\u00a0 R\u00e9frig\u00e9rateur<\/li>\n<li>\u00a0\u00a0 \u00c9cran LED<\/li>\n<li>\u00a0\u00a0 et plus encore\u2026<\/li>\n<\/ul>\n<p>Tout ce que vous avez \u00e0 faire est de nous appeler pour les prix de <a href=\"http:\/\/montreallimo.net\/fr\/limousine-pour-mariage\/\">location de limousine<\/a> ou de remplir le formulaire \u00e0 droite de cette page pour planifier votre soir\u00e9e sp\u00e9ciale. Nous sommes disponibles 24 heures sur 24, 7 jours par semaine pour vous aider ou vous emmener dans l&#8217;un de nos luxueuses limousines.<\/p>\n<p>&nbsp;<\/p>\n<p>&nbsp;<\/p>\n<p>&nbsp;<\/p>\n","protected":false},"excerpt":{"rendered":"<p>Nous pouvons vous aider \u00e0 faire de vos anniversaires ou propositions de mariage un moment m\u00e9morable! C\u00e9l\u00e9brer un anniversaire ou planifier une proposition de mariage est un \u00e9v\u00e9nement auquel on doit accorder une attention sp\u00e9ciale. Nous prendrons le temps de travailler avec vous et de planifier cette journ\u00e9e pour qu\u2019elle soit m\u00e9morable! La location d&#8217;une&#8230; <\/p>\n<div class=\"clear\"><\/div>\n<p><a href=\"https:\/\/montreallimo.net\/fr\/Anniversaires-propositions\/\" class=\"limoking-button large excerpt-read-more\">Read More<\/a><\/p>\n","protected":false},"author":1,"featured_media":0,"parent":0,"menu_order":0,"comment_status":"closed","ping_status":"closed","template":"","meta":{"footnotes":""},"class_list":["post-6792","page","type-page","status-publish","hentry"],"yoast_head":"<!-- This site is optimized with the Yoast SEO plugin v26.9 - https:\/\/yoast.com\/product\/yoast-seo-wordpress\/ -->\n<title>Anniversaires &amp; Propositions - Luxury Limousine Montreal | 514-700-3634<\/title>\n<meta name=\"robots\" content=\"index, follow, max-snippet:-1, max-image-preview:large, max-video-preview:-1\" \/>\n<link rel=\"canonical\" href=\"https:\/\/montreallimo.net\/fr\/Anniversaires-propositions\/\" \/>\n<meta property=\"og:locale\" content=\"en_US\" \/>\n<meta property=\"og:type\" content=\"article\" \/>\n<meta property=\"og:title\" content=\"Anniversaires &amp; Propositions - Luxury Limousine Montreal | 514-700-3634\" \/>\n<meta property=\"og:description\" content=\"Nous pouvons vous aider \u00e0 faire de vos anniversaires ou propositions de mariage un moment m\u00e9morable! C\u00e9l\u00e9brer un anniversaire ou planifier une proposition de mariage est un \u00e9v\u00e9nement auquel on doit accorder une attention sp\u00e9ciale. Nous prendrons le temps de travailler avec vous et de planifier cette journ\u00e9e pour qu\u2019elle soit m\u00e9morable! La location d&#8217;une... Read More\" \/>\n<meta property=\"og:url\" content=\"https:\/\/montreallimo.net\/fr\/Anniversaires-propositions\/\" \/>\n<meta property=\"og:site_name\" content=\"Luxury Limousine Montreal | 514-700-3634\" \/>\n<meta property=\"article:publisher\" content=\"https:\/\/www.facebook.com\/luxurylimousinemontreal\/\" \/>\n<meta property=\"article:modified_time\" content=\"2017-10-02T19:16:21+00:00\" \/>\n<meta property=\"og:image\" content=\"http:\/\/montreallimo.net\/fr\/wp-content\/uploads\/2017\/04\/limoSlideThree-620x430-2.png\" \/>\n<meta name=\"twitter:card\" content=\"summary_large_image\" \/>\n<meta name=\"twitter:site\" content=\"@limosmontreal\" \/>\n<meta name=\"twitter:label1\" content=\"Est. reading time\" \/>\n\t<meta name=\"twitter:data1\" content=\"3 minutes\" \/>\n<script type=\"application\/ld+json\" class=\"yoast-schema-graph\">{\"@context\":\"https:\/\/schema.org\",\"@graph\":[{\"@type\":\"WebPage\",\"@id\":\"https:\/\/montreallimo.net\/fr\/Anniversaires-propositions\/\",\"url\":\"https:\/\/montreallimo.net\/fr\/Anniversaires-propositions\/\",\"name\":\"Anniversaires & Propositions - Luxury Limousine Montreal | 514-700-3634\",\"isPartOf\":{\"@id\":\"https:\/\/montreallimo.net\/fr\/#website\"},\"primaryImageOfPage\":{\"@id\":\"https:\/\/montreallimo.net\/fr\/Anniversaires-propositions\/#primaryimage\"},\"image\":{\"@id\":\"https:\/\/montreallimo.net\/fr\/Anniversaires-propositions\/#primaryimage\"},\"thumbnailUrl\":\"http:\/\/montreallimo.net\/fr\/wp-content\/uploads\/2017\/04\/limoSlideThree-620x430-2.png\",\"datePublished\":\"2017-04-08T18:00:12+00:00\",\"dateModified\":\"2017-10-02T19:16:21+00:00\",\"breadcrumb\":{\"@id\":\"https:\/\/montreallimo.net\/fr\/Anniversaires-propositions\/#breadcrumb\"},\"inLanguage\":\"en\",\"potentialAction\":[{\"@type\":\"ReadAction\",\"target\":[\"https:\/\/montreallimo.net\/fr\/Anniversaires-propositions\/\"]}]},{\"@type\":\"ImageObject\",\"inLanguage\":\"en\",\"@id\":\"https:\/\/montreallimo.net\/fr\/Anniversaires-propositions\/#primaryimage\",\"url\":\"http:\/\/montreallimo.net\/fr\/wp-content\/uploads\/2017\/04\/limoSlideThree-620x430-2.png\",\"contentUrl\":\"http:\/\/montreallimo.net\/fr\/wp-content\/uploads\/2017\/04\/limoSlideThree-620x430-2.png\"},{\"@type\":\"BreadcrumbList\",\"@id\":\"https:\/\/montreallimo.net\/fr\/Anniversaires-propositions\/#breadcrumb\",\"itemListElement\":[{\"@type\":\"ListItem\",\"position\":1,\"name\":\"Home\",\"item\":\"https:\/\/montreallimo.net\/fr\/\"},{\"@type\":\"ListItem\",\"position\":2,\"name\":\"Anniversaires &#038; Propositions\"}]},{\"@type\":\"WebSite\",\"@id\":\"https:\/\/montreallimo.net\/fr\/#website\",\"url\":\"https:\/\/montreallimo.net\/fr\/\",\"name\":\"Luxury Limousine Montreal\",\"description\":\"#1 Location de Limousine &Agrave; Montr&eacute;al, Quebec\",\"publisher\":{\"@id\":\"https:\/\/montreallimo.net\/fr\/#organization\"},\"potentialAction\":[{\"@type\":\"SearchAction\",\"target\":{\"@type\":\"EntryPoint\",\"urlTemplate\":\"https:\/\/montreallimo.net\/fr\/?s={search_term_string}\"},\"query-input\":{\"@type\":\"PropertyValueSpecification\",\"valueRequired\":true,\"valueName\":\"search_term_string\"}}],\"inLanguage\":\"en\"},{\"@type\":\"Organization\",\"@id\":\"https:\/\/montreallimo.net\/fr\/#organization\",\"name\":\"Luxury Limousine Montreal\",\"url\":\"https:\/\/montreallimo.net\/fr\/\",\"logo\":{\"@type\":\"ImageObject\",\"inLanguage\":\"en\",\"@id\":\"https:\/\/montreallimo.net\/fr\/#\/schema\/logo\/image\/\",\"url\":\"https:\/\/montreallimo.net\/fr\/wp-content\/uploads\/2016\/05\/montreal-limousine-logo-image.png\",\"contentUrl\":\"https:\/\/montreallimo.net\/fr\/wp-content\/uploads\/2016\/05\/montreal-limousine-logo-image.png\",\"width\":300,\"height\":100,\"caption\":\"Luxury Limousine Montreal\"},\"image\":{\"@id\":\"https:\/\/montreallimo.net\/fr\/#\/schema\/logo\/image\/\"},\"sameAs\":[\"https:\/\/www.facebook.com\/luxurylimousinemontreal\/\",\"https:\/\/x.com\/limosmontreal\",\"https:\/\/www.pinterest.ca\/limousinemontre\/\",\"https:\/\/www.youtube.com\/channel\/UCSHiyAM5iCdYFo0U4zeMPtQ\"]}]}<\/script>\n<!-- \/ Yoast SEO plugin. -->","yoast_head_json":{"title":"Anniversaires & Propositions - Luxury Limousine Montreal | 514-700-3634","robots":{"index":"index","follow":"follow","max-snippet":"max-snippet:-1","max-image-preview":"max-image-preview:large","max-video-preview":"max-video-preview:-1"},"canonical":"https:\/\/montreallimo.net\/fr\/Anniversaires-propositions\/","og_locale":"en_US","og_type":"article","og_title":"Anniversaires & Propositions - Luxury Limousine Montreal | 514-700-3634","og_description":"Nous pouvons vous aider \u00e0 faire de vos anniversaires ou propositions de mariage un moment m\u00e9morable! C\u00e9l\u00e9brer un anniversaire ou planifier une proposition de mariage est un \u00e9v\u00e9nement auquel on doit accorder une attention sp\u00e9ciale. Nous prendrons le temps de travailler avec vous et de planifier cette journ\u00e9e pour qu\u2019elle soit m\u00e9morable! La location d&#8217;une... Read More","og_url":"https:\/\/montreallimo.net\/fr\/Anniversaires-propositions\/","og_site_name":"Luxury Limousine Montreal | 514-700-3634","article_publisher":"https:\/\/www.facebook.com\/luxurylimousinemontreal\/","article_modified_time":"2017-10-02T19:16:21+00:00","og_image":[{"url":"http:\/\/montreallimo.net\/fr\/wp-content\/uploads\/2017\/04\/limoSlideThree-620x430-2.png","type":"","width":"","height":""}],"twitter_card":"summary_large_image","twitter_site":"@limosmontreal","twitter_misc":{"Est. reading time":"3 minutes"},"schema":{"@context":"https:\/\/schema.org","@graph":[{"@type":"WebPage","@id":"https:\/\/montreallimo.net\/fr\/Anniversaires-propositions\/","url":"https:\/\/montreallimo.net\/fr\/Anniversaires-propositions\/","name":"Anniversaires & Propositions - Luxury Limousine Montreal | 514-700-3634","isPartOf":{"@id":"https:\/\/montreallimo.net\/fr\/#website"},"primaryImageOfPage":{"@id":"https:\/\/montreallimo.net\/fr\/Anniversaires-propositions\/#primaryimage"},"image":{"@id":"https:\/\/montreallimo.net\/fr\/Anniversaires-propositions\/#primaryimage"},"thumbnailUrl":"http:\/\/montreallimo.net\/fr\/wp-content\/uploads\/2017\/04\/limoSlideThree-620x430-2.png","datePublished":"2017-04-08T18:00:12+00:00","dateModified":"2017-10-02T19:16:21+00:00","breadcrumb":{"@id":"https:\/\/montreallimo.net\/fr\/Anniversaires-propositions\/#breadcrumb"},"inLanguage":"en","potentialAction":[{"@type":"ReadAction","target":["https:\/\/montreallimo.net\/fr\/Anniversaires-propositions\/"]}]},{"@type":"ImageObject","inLanguage":"en","@id":"https:\/\/montreallimo.net\/fr\/Anniversaires-propositions\/#primaryimage","url":"http:\/\/montreallimo.net\/fr\/wp-content\/uploads\/2017\/04\/limoSlideThree-620x430-2.png","contentUrl":"http:\/\/montreallimo.net\/fr\/wp-content\/uploads\/2017\/04\/limoSlideThree-620x430-2.png"},{"@type":"BreadcrumbList","@id":"https:\/\/montreallimo.net\/fr\/Anniversaires-propositions\/#breadcrumb","itemListElement":[{"@type":"ListItem","position":1,"name":"Home","item":"https:\/\/montreallimo.net\/fr\/"},{"@type":"ListItem","position":2,"name":"Anniversaires &#038; Propositions"}]},{"@type":"WebSite","@id":"https:\/\/montreallimo.net\/fr\/#website","url":"https:\/\/montreallimo.net\/fr\/","name":"Luxury Limousine Montreal","description":"#1 Location de Limousine &Agrave; Montr&eacute;al, Quebec","publisher":{"@id":"https:\/\/montreallimo.net\/fr\/#organization"},"potentialAction":[{"@type":"SearchAction","target":{"@type":"EntryPoint","urlTemplate":"https:\/\/montreallimo.net\/fr\/?s={search_term_string}"},"query-input":{"@type":"PropertyValueSpecification","valueRequired":true,"valueName":"search_term_string"}}],"inLanguage":"en"},{"@type":"Organization","@id":"https:\/\/montreallimo.net\/fr\/#organization","name":"Luxury Limousine Montreal","url":"https:\/\/montreallimo.net\/fr\/","logo":{"@type":"ImageObject","inLanguage":"en","@id":"https:\/\/montreallimo.net\/fr\/#\/schema\/logo\/image\/","url":"https:\/\/montreallimo.net\/fr\/wp-content\/uploads\/2016\/05\/montreal-limousine-logo-image.png","contentUrl":"https:\/\/montreallimo.net\/fr\/wp-content\/uploads\/2016\/05\/montreal-limousine-logo-image.png","width":300,"height":100,"caption":"Luxury Limousine Montreal"},"image":{"@id":"https:\/\/montreallimo.net\/fr\/#\/schema\/logo\/image\/"},"sameAs":["https:\/\/www.facebook.com\/luxurylimousinemontreal\/","https:\/\/x.com\/limosmontreal","https:\/\/www.pinterest.ca\/limousinemontre\/","https:\/\/www.youtube.com\/channel\/UCSHiyAM5iCdYFo0U4zeMPtQ"]}]}},"_links":{"self":[{"href":"https:\/\/montreallimo.net\/fr\/wp-json\/wp\/v2\/pages\/6792","targetHints":{"allow":["GET"]}}],"collection":[{"href":"https:\/\/montreallimo.net\/fr\/wp-json\/wp\/v2\/pages"}],"about":[{"href":"https:\/\/montreallimo.net\/fr\/wp-json\/wp\/v2\/types\/page"}],"author":[{"embeddable":true,"href":"https:\/\/montreallimo.net\/fr\/wp-json\/wp\/v2\/users\/1"}],"replies":[{"embeddable":true,"href":"https:\/\/montreallimo.net\/fr\/wp-json\/wp\/v2\/comments?post=6792"}],"version-history":[{"count":7,"href":"https:\/\/montreallimo.net\/fr\/wp-json\/wp\/v2\/pages\/6792\/revisions"}],"predecessor-version":[{"id":6985,"href":"https:\/\/montreallimo.net\/fr\/wp-json\/wp\/v2\/pages\/6792\/revisions\/6985"}],"wp:attachment":[{"href":"https:\/\/montreallimo.net\/fr\/wp-json\/wp\/v2\/media?parent=6792"}],"curies":[{"name":"wp","href":"https:\/\/api.w.org\/{rel}","templated":true}]}}