{"id":6776,"date":"2017-04-08T17:47:41","date_gmt":"2017-04-08T17:47:41","guid":{"rendered":"http:\/\/montreallimo.net\/fr\/?page_id=6776"},"modified":"2019-01-22T21:56:09","modified_gmt":"2019-01-22T21:56:09","slug":"limousines-pour-graduation","status":"publish","type":"page","link":"https:\/\/montreallimo.net\/fr\/Limousine-graduation\/","title":{"rendered":"Limousine Pour Graduation"},"content":{"rendered":"<h2>\n<h2 class=\"limoking-heading-shortcode with-background \"  style=\"color: #ffffff;background-color: #91d549;font-size: 23px;\" ><strong>C\u00e9l\u00e9brer votre graduation \u00e0 bord de nos limousines \u00e0 Montr\u00e9al au meilleur prix!<\/strong><\/h2>\n<\/h2>\n<p><a href=\"http:\/\/montreallimo.net\/fr\/wp-content\/uploads\/2017\/04\/stretch_limo.jpg\"><img loading=\"lazy\" decoding=\"async\" class=\"alignnone wp-image-6652 size-full\" src=\"http:\/\/montreallimo.net\/fr\/wp-content\/uploads\/2017\/04\/stretch_limo.jpg\" alt=\"stretch limousine\" width=\"2399\" height=\"1187\"><\/a><\/p>\n<p>Nous vous offrons le meilleur quand il s&#8217;agit de votre bal de graduation et de party de danse!<\/p>\n<p>Tout ce que vous avez \u00e0 faire est de choisir la limousine de Montr\u00e9al qui convient \u00e0 votre fantaisie.&nbsp; Laisser-nous faire le reste!&nbsp; Service de location de limousine.&nbsp; Que d\u00e9corer?<\/p>\n<p>Pas de probl\u00e8me, laissez-nous savoir ce que vous d\u00e9sirez et nous vous vous donnerons la limousine qui convient \u00e0 vos besoins!<\/p>\n<p>Vous avez travaill\u00e9 fort et il est temps de c\u00e9l\u00e9brer vos r\u00e9alisations!<\/p>\n<p>Travailler \u00e0 l&#8217;obtention de votre dipl\u00f4me n&#8217;est pas une t\u00e2che facile et, vos efforts ont \u00e9t\u00e9 r\u00e9compens\u00e9s&nbsp;!<\/p>\n<p>Maintenant, vous devez c\u00e9l\u00e9brer avec style.&nbsp; R\u00e9compenser vos \u00eatres chers en leur offrant une limousine et vivez une exp\u00e9rience.&nbsp; Louer une limousine vous donnera \u00e0 vous et \u00e0 vos \u00eatres chers une exp\u00e9rience dont ils se souviendront.<\/p>\n<ol>\n<li><strong>Une exp\u00e9rience m\u00e9morable.<\/strong> Laissez-nous vous aider \u00e0 avoir le temps de votre vie en c\u00e9l\u00e9brant cette r\u00e9ussite majeure. Nous pouvons vous conduire \u00e0 bord de notre limousine pour graduation, une soir\u00e9e dansante ou simplement c\u00e9l\u00e9brer une f\u00eate \u00e0 bord de nos limousines! Vous appr\u00e9cierez nos limousines car elles sont enti\u00e8rement \u00e9quip\u00e9es en plus nous vous offrons le meilleur service \u00e0 la client\u00e8le. Vous serez trait\u00e9 comme une royaut\u00e9 par notre personnel et vous pourrez faire la f\u00eate aussi longtemps que vous le souhaitez. Il est temps de c\u00e9l\u00e9brer! Appelez-nous aujourd&#8217;hui ou remplissez le formulaire \u00e0 droite de la page<strong>.<\/strong><\/li>\n<li><strong>Pr\u00e9sentez-vous et vous b\u00e9n\u00e9ficierez d\u2019un traitement royal.<\/strong> Nous sommes form\u00e9s \u00e0 vous faire sentir et para\u00eetre comme la royaut\u00e9. Nous d\u00e9ployons le tapis rouge afin que vous viviez une exp\u00e9rience inoubliable. Nos clients reviennent toujours nous voir non seulement parce que nous avons les meilleures limousines de la r\u00e9gion de Montr\u00e9al, mais parce que notre personnel vous traite comme si vous \u00e9tiez une star de cin\u00e9ma!<\/li>\n<li><strong>Les meilleurs prix.<\/strong> Nous sommes les seuls \u00e0 pouvoir vous offrir un service personnalis\u00e9. Peu importe votre budget, vous serez trait\u00e9 comment une star de cin\u00e9ma! Si vous trouvez une meilleure offre nous allons l\u2019\u00e9galer.<\/li>\n<li><strong>Toujours du luxe.<\/strong> Lorsque vous nous choisissez, vous n&#8217;obtenez que la limousine de haut de gamme.&nbsp; Tous nos v\u00e9hicules sont v\u00e9rifi\u00e9s avant et apr\u00e8s leur utilisation pour s&#8217;assurer qu\u2019ils soient en parfaite condition.&nbsp; Nos limousines sont toujours propres et bien entretenues pour s\u2019assurer que votre exp\u00e9rience soit la meilleure.<\/li>\n<li><strong>Traitement royal pour une soir\u00e9e.<\/strong> Vous avez travaill\u00e9 fort et m\u00e9ritez d&#8217;\u00eatre trait\u00e9s comme une royaut\u00e9 au moins durant le temps que vous faites affaire avec nous. Nous traitons toujours chacun de nos invit\u00e9s comme la royaut\u00e9 et faire en sorte qu\u2019ils se souviennent de leur exp\u00e9rience pendant toute leur vie!<\/li>\n<li><strong>F\u00eate toute la nuit.<\/strong> Vous ne serez jamais seul! Invitez vos amis, nous avons des limousines spacieuses pouvant s&#8217;adapter \u00e0 tout groupe peu importe la taille. Vous et vos amis pourront c\u00e9l\u00e9brer en faisant de la f\u00eate \u00e0 bord de nos limousines lesquelles sont \u00e9quip\u00e9es d\u2019un bar ouvert et de syst\u00e8me de son.<\/li>\n<\/ol>\n<p>&nbsp;<\/p>\n<p>&nbsp;<\/p>\n","protected":false},"excerpt":{"rendered":"<p>Nous vous offrons le meilleur quand il s&#8217;agit de votre bal de graduation et de party de danse! Tout ce que vous avez \u00e0 faire est de choisir la limousine de Montr\u00e9al qui convient \u00e0 votre fantaisie.&nbsp; Laisser-nous faire le reste!&nbsp; Service de location de limousine.&nbsp; Que d\u00e9corer? Pas de probl\u00e8me, laissez-nous savoir ce que&#8230; <\/p>\n<div class=\"clear\"><\/div>\n<p><a href=\"https:\/\/montreallimo.net\/fr\/Limousine-graduation\/\" class=\"limoking-button large excerpt-read-more\">Read More<\/a><\/p>\n","protected":false},"author":1,"featured_media":0,"parent":0,"menu_order":0,"comment_status":"closed","ping_status":"closed","template":"","meta":{"footnotes":""},"class_list":["post-6776","page","type-page","status-publish","hentry"],"yoast_head":"<!-- This site is optimized with the Yoast SEO plugin v26.9 - https:\/\/yoast.com\/product\/yoast-seo-wordpress\/ -->\n<title>Limousine Pour Graduation - Luxury Limousine Montreal | 514-700-3634<\/title>\n<meta name=\"robots\" content=\"index, follow, max-snippet:-1, max-image-preview:large, max-video-preview:-1\" \/>\n<link rel=\"canonical\" href=\"https:\/\/montreallimo.net\/fr\/Limousine-graduation\/\" \/>\n<meta property=\"og:locale\" content=\"en_US\" \/>\n<meta property=\"og:type\" content=\"article\" \/>\n<meta property=\"og:title\" content=\"Limousine Pour Graduation - Luxury Limousine Montreal | 514-700-3634\" \/>\n<meta property=\"og:description\" content=\"Nous vous offrons le meilleur quand il s&#8217;agit de votre bal de graduation et de party de danse! Tout ce que vous avez \u00e0 faire est de choisir la limousine de Montr\u00e9al qui convient \u00e0 votre fantaisie.&nbsp; Laisser-nous faire le reste!&nbsp; Service de location de limousine.&nbsp; Que d\u00e9corer? Pas de probl\u00e8me, laissez-nous savoir ce que... Read More\" \/>\n<meta property=\"og:url\" content=\"https:\/\/montreallimo.net\/fr\/Limousine-graduation\/\" \/>\n<meta property=\"og:site_name\" content=\"Luxury Limousine Montreal | 514-700-3634\" \/>\n<meta property=\"article:publisher\" content=\"https:\/\/www.facebook.com\/luxurylimousinemontreal\/\" \/>\n<meta property=\"article:modified_time\" content=\"2019-01-22T21:56:09+00:00\" \/>\n<meta property=\"og:image\" content=\"http:\/\/montreallimo.net\/fr\/wp-content\/uploads\/2017\/04\/stretch_limo.jpg\" \/>\n<meta name=\"twitter:card\" content=\"summary_large_image\" \/>\n<meta name=\"twitter:site\" content=\"@limosmontreal\" \/>\n<meta name=\"twitter:label1\" content=\"Est. reading time\" \/>\n\t<meta name=\"twitter:data1\" content=\"3 minutes\" \/>\n<script type=\"application\/ld+json\" class=\"yoast-schema-graph\">{\"@context\":\"https:\/\/schema.org\",\"@graph\":[{\"@type\":\"WebPage\",\"@id\":\"https:\/\/montreallimo.net\/fr\/Limousine-graduation\/\",\"url\":\"https:\/\/montreallimo.net\/fr\/Limousine-graduation\/\",\"name\":\"Limousine Pour Graduation - Luxury Limousine Montreal | 514-700-3634\",\"isPartOf\":{\"@id\":\"https:\/\/montreallimo.net\/fr\/#website\"},\"primaryImageOfPage\":{\"@id\":\"https:\/\/montreallimo.net\/fr\/Limousine-graduation\/#primaryimage\"},\"image\":{\"@id\":\"https:\/\/montreallimo.net\/fr\/Limousine-graduation\/#primaryimage\"},\"thumbnailUrl\":\"http:\/\/montreallimo.net\/fr\/wp-content\/uploads\/2017\/04\/stretch_limo.jpg\",\"datePublished\":\"2017-04-08T17:47:41+00:00\",\"dateModified\":\"2019-01-22T21:56:09+00:00\",\"breadcrumb\":{\"@id\":\"https:\/\/montreallimo.net\/fr\/Limousine-graduation\/#breadcrumb\"},\"inLanguage\":\"en\",\"potentialAction\":[{\"@type\":\"ReadAction\",\"target\":[\"https:\/\/montreallimo.net\/fr\/Limousine-graduation\/\"]}]},{\"@type\":\"ImageObject\",\"inLanguage\":\"en\",\"@id\":\"https:\/\/montreallimo.net\/fr\/Limousine-graduation\/#primaryimage\",\"url\":\"http:\/\/montreallimo.net\/fr\/wp-content\/uploads\/2017\/04\/stretch_limo.jpg\",\"contentUrl\":\"http:\/\/montreallimo.net\/fr\/wp-content\/uploads\/2017\/04\/stretch_limo.jpg\"},{\"@type\":\"BreadcrumbList\",\"@id\":\"https:\/\/montreallimo.net\/fr\/Limousine-graduation\/#breadcrumb\",\"itemListElement\":[{\"@type\":\"ListItem\",\"position\":1,\"name\":\"Home\",\"item\":\"https:\/\/montreallimo.net\/fr\/\"},{\"@type\":\"ListItem\",\"position\":2,\"name\":\"Limousine Pour Graduation\"}]},{\"@type\":\"WebSite\",\"@id\":\"https:\/\/montreallimo.net\/fr\/#website\",\"url\":\"https:\/\/montreallimo.net\/fr\/\",\"name\":\"Luxury Limousine Montreal\",\"description\":\"#1 Location de Limousine &Agrave; Montr&eacute;al, Quebec\",\"publisher\":{\"@id\":\"https:\/\/montreallimo.net\/fr\/#organization\"},\"potentialAction\":[{\"@type\":\"SearchAction\",\"target\":{\"@type\":\"EntryPoint\",\"urlTemplate\":\"https:\/\/montreallimo.net\/fr\/?s={search_term_string}\"},\"query-input\":{\"@type\":\"PropertyValueSpecification\",\"valueRequired\":true,\"valueName\":\"search_term_string\"}}],\"inLanguage\":\"en\"},{\"@type\":\"Organization\",\"@id\":\"https:\/\/montreallimo.net\/fr\/#organization\",\"name\":\"Luxury Limousine Montreal\",\"url\":\"https:\/\/montreallimo.net\/fr\/\",\"logo\":{\"@type\":\"ImageObject\",\"inLanguage\":\"en\",\"@id\":\"https:\/\/montreallimo.net\/fr\/#\/schema\/logo\/image\/\",\"url\":\"https:\/\/montreallimo.net\/fr\/wp-content\/uploads\/2016\/05\/montreal-limousine-logo-image.png\",\"contentUrl\":\"https:\/\/montreallimo.net\/fr\/wp-content\/uploads\/2016\/05\/montreal-limousine-logo-image.png\",\"width\":300,\"height\":100,\"caption\":\"Luxury Limousine Montreal\"},\"image\":{\"@id\":\"https:\/\/montreallimo.net\/fr\/#\/schema\/logo\/image\/\"},\"sameAs\":[\"https:\/\/www.facebook.com\/luxurylimousinemontreal\/\",\"https:\/\/x.com\/limosmontreal\",\"https:\/\/www.pinterest.ca\/limousinemontre\/\",\"https:\/\/www.youtube.com\/channel\/UCSHiyAM5iCdYFo0U4zeMPtQ\"]}]}<\/script>\n<!-- \/ Yoast SEO plugin. -->","yoast_head_json":{"title":"Limousine Pour Graduation - Luxury Limousine Montreal | 514-700-3634","robots":{"index":"index","follow":"follow","max-snippet":"max-snippet:-1","max-image-preview":"max-image-preview:large","max-video-preview":"max-video-preview:-1"},"canonical":"https:\/\/montreallimo.net\/fr\/Limousine-graduation\/","og_locale":"en_US","og_type":"article","og_title":"Limousine Pour Graduation - Luxury Limousine Montreal | 514-700-3634","og_description":"Nous vous offrons le meilleur quand il s&#8217;agit de votre bal de graduation et de party de danse! Tout ce que vous avez \u00e0 faire est de choisir la limousine de Montr\u00e9al qui convient \u00e0 votre fantaisie.&nbsp; Laisser-nous faire le reste!&nbsp; Service de location de limousine.&nbsp; Que d\u00e9corer? Pas de probl\u00e8me, laissez-nous savoir ce que... Read More","og_url":"https:\/\/montreallimo.net\/fr\/Limousine-graduation\/","og_site_name":"Luxury Limousine Montreal | 514-700-3634","article_publisher":"https:\/\/www.facebook.com\/luxurylimousinemontreal\/","article_modified_time":"2019-01-22T21:56:09+00:00","og_image":[{"url":"http:\/\/montreallimo.net\/fr\/wp-content\/uploads\/2017\/04\/stretch_limo.jpg","type":"","width":"","height":""}],"twitter_card":"summary_large_image","twitter_site":"@limosmontreal","twitter_misc":{"Est. reading time":"3 minutes"},"schema":{"@context":"https:\/\/schema.org","@graph":[{"@type":"WebPage","@id":"https:\/\/montreallimo.net\/fr\/Limousine-graduation\/","url":"https:\/\/montreallimo.net\/fr\/Limousine-graduation\/","name":"Limousine Pour Graduation - Luxury Limousine Montreal | 514-700-3634","isPartOf":{"@id":"https:\/\/montreallimo.net\/fr\/#website"},"primaryImageOfPage":{"@id":"https:\/\/montreallimo.net\/fr\/Limousine-graduation\/#primaryimage"},"image":{"@id":"https:\/\/montreallimo.net\/fr\/Limousine-graduation\/#primaryimage"},"thumbnailUrl":"http:\/\/montreallimo.net\/fr\/wp-content\/uploads\/2017\/04\/stretch_limo.jpg","datePublished":"2017-04-08T17:47:41+00:00","dateModified":"2019-01-22T21:56:09+00:00","breadcrumb":{"@id":"https:\/\/montreallimo.net\/fr\/Limousine-graduation\/#breadcrumb"},"inLanguage":"en","potentialAction":[{"@type":"ReadAction","target":["https:\/\/montreallimo.net\/fr\/Limousine-graduation\/"]}]},{"@type":"ImageObject","inLanguage":"en","@id":"https:\/\/montreallimo.net\/fr\/Limousine-graduation\/#primaryimage","url":"http:\/\/montreallimo.net\/fr\/wp-content\/uploads\/2017\/04\/stretch_limo.jpg","contentUrl":"http:\/\/montreallimo.net\/fr\/wp-content\/uploads\/2017\/04\/stretch_limo.jpg"},{"@type":"BreadcrumbList","@id":"https:\/\/montreallimo.net\/fr\/Limousine-graduation\/#breadcrumb","itemListElement":[{"@type":"ListItem","position":1,"name":"Home","item":"https:\/\/montreallimo.net\/fr\/"},{"@type":"ListItem","position":2,"name":"Limousine Pour Graduation"}]},{"@type":"WebSite","@id":"https:\/\/montreallimo.net\/fr\/#website","url":"https:\/\/montreallimo.net\/fr\/","name":"Luxury Limousine Montreal","description":"#1 Location de Limousine &Agrave; Montr&eacute;al, Quebec","publisher":{"@id":"https:\/\/montreallimo.net\/fr\/#organization"},"potentialAction":[{"@type":"SearchAction","target":{"@type":"EntryPoint","urlTemplate":"https:\/\/montreallimo.net\/fr\/?s={search_term_string}"},"query-input":{"@type":"PropertyValueSpecification","valueRequired":true,"valueName":"search_term_string"}}],"inLanguage":"en"},{"@type":"Organization","@id":"https:\/\/montreallimo.net\/fr\/#organization","name":"Luxury Limousine Montreal","url":"https:\/\/montreallimo.net\/fr\/","logo":{"@type":"ImageObject","inLanguage":"en","@id":"https:\/\/montreallimo.net\/fr\/#\/schema\/logo\/image\/","url":"https:\/\/montreallimo.net\/fr\/wp-content\/uploads\/2016\/05\/montreal-limousine-logo-image.png","contentUrl":"https:\/\/montreallimo.net\/fr\/wp-content\/uploads\/2016\/05\/montreal-limousine-logo-image.png","width":300,"height":100,"caption":"Luxury Limousine Montreal"},"image":{"@id":"https:\/\/montreallimo.net\/fr\/#\/schema\/logo\/image\/"},"sameAs":["https:\/\/www.facebook.com\/luxurylimousinemontreal\/","https:\/\/x.com\/limosmontreal","https:\/\/www.pinterest.ca\/limousinemontre\/","https:\/\/www.youtube.com\/channel\/UCSHiyAM5iCdYFo0U4zeMPtQ"]}]}},"_links":{"self":[{"href":"https:\/\/montreallimo.net\/fr\/wp-json\/wp\/v2\/pages\/6776","targetHints":{"allow":["GET"]}}],"collection":[{"href":"https:\/\/montreallimo.net\/fr\/wp-json\/wp\/v2\/pages"}],"about":[{"href":"https:\/\/montreallimo.net\/fr\/wp-json\/wp\/v2\/types\/page"}],"author":[{"embeddable":true,"href":"https:\/\/montreallimo.net\/fr\/wp-json\/wp\/v2\/users\/1"}],"replies":[{"embeddable":true,"href":"https:\/\/montreallimo.net\/fr\/wp-json\/wp\/v2\/comments?post=6776"}],"version-history":[{"count":10,"href":"https:\/\/montreallimo.net\/fr\/wp-json\/wp\/v2\/pages\/6776\/revisions"}],"predecessor-version":[{"id":7008,"href":"https:\/\/montreallimo.net\/fr\/wp-json\/wp\/v2\/pages\/6776\/revisions\/7008"}],"wp:attachment":[{"href":"https:\/\/montreallimo.net\/fr\/wp-json\/wp\/v2\/media?parent=6776"}],"curies":[{"name":"wp","href":"https:\/\/api.w.org\/{rel}","templated":true}]}}