{"id":6767,"date":"2017-04-08T17:29:56","date_gmt":"2017-04-08T17:29:56","guid":{"rendered":"http:\/\/montreallimo.net\/fr\/?page_id=6767"},"modified":"2019-01-22T22:00:14","modified_gmt":"2019-01-22T22:00:14","slug":"limousine-pour-soiree-et-fetes","status":"publish","type":"page","link":"https:\/\/montreallimo.net\/fr\/Soiree-et-Fetes\/","title":{"rendered":"Soir\u00e9e et F\u00eates"},"content":{"rendered":"<h1 class=\"limoking-heading-shortcode with-background \"  style=\"color: #ffffff;background-color: #91d549;font-size: 30px;\" ><strong>Party en limousine dans la r\u00e9gion de Montr\u00e9al<\/strong><\/h1>\n<p><a href=\"http:\/\/montreallimo.net\/fr\/wp-content\/uploads\/2013\/12\/limo-service-in-montreal.jpg\"><img loading=\"lazy\" decoding=\"async\" class=\"alignnone wp-image-6310 size-full\" src=\"http:\/\/montreallimo.net\/fr\/wp-content\/uploads\/2013\/12\/limo-service-in-montreal.jpg\" alt=\"limo service Montreal \" width=\"750\" height=\"498\" srcset=\"https:\/\/montreallimo.net\/fr\/wp-content\/uploads\/2013\/12\/limo-service-in-montreal.jpg 750w, https:\/\/montreallimo.net\/fr\/wp-content\/uploads\/2013\/12\/limo-service-in-montreal-300x199.jpg 300w\" sizes=\"auto, (max-width: 750px) 100vw, 750px\" \/><\/a><\/p>\n<p>Comment aimeriez-vous passer votre nuit dans la ville? Tout ce que vous aimeriez faire est \u00e0 gagner lorsque vous nous choisissez! Nous pouvons vous emmener dans n\u2019importe quel bar, discoth\u00e8que, restaurant ou simplement pour une balade en plein centre-ville. &nbsp;Tout ce que vous voulez faire, c&#8217;est \u00e0 vous de d\u00e9cider. Notre personnel et <a href=\"http:\/\/montreallimo.net\/fr\/\">limousine Montr\u00e9al<\/a> vous \u00e9merveilleront et vous reviendrez nous voir.<\/p>\n<p>Peu importe o\u00f9 vous d\u00e9sirez aller, nous y irons! Nous avons des limousines et des bus de f\u00eate qui accueillent autant de personnes que vous voulez. &nbsp;Nous sommes des professionnels et voulons faire en sorte que vous et vos invit\u00e9s obtiennent un traitement royal.<\/p>\n<ul>\n<li><strong>Les soir\u00e9es dans la ville sont notre sp\u00e9cialit\u00e9!<\/strong> Notre d\u00e9sir est que vous ayez la meilleure soir\u00e9e de f\u00eate possible \u00e0 bord de Limousines Montr\u00e9al. &nbsp;&nbsp;Baladez-vous dans un de nos &nbsp;bus de f\u00eate et parcourez la ville, vous ne l&#8217;oubliez jamais.<\/li>\n<li><strong>Soir\u00e9e en ville.<\/strong> Dans quelle ville d\u00e9sirez-vous faire la f\u00eate? Il y a un large \u00e9ventail de villes qui n\u2019attendent qu\u2019\u00e0 \u00eatre explor\u00e9es et festoy\u00e9es. Peignons la ville en f\u00eatant intens\u00e9ment. Nous sommes les services de limousine de Montr\u00e9al que vous souhaitez appeler pour avoir une soir\u00e9e inoubliable&nbsp;!<\/li>\n<li><strong>Traitement royal.<\/strong> Peu importe o\u00f9 vous voulez aller ou qui vous voulez rencontr\u00e9s nous sommes la compagnie qui vous fournira un traitement royal.&nbsp; Nos limousines sont en parfaite condition et pr\u00eates \u00e0 prendre la route \u00e0 tout moment. Vous serez toujours heureux et satisfait de nos services et de nos limousines.<\/li>\n<li><strong>Peu importe le nombre d\u2019invit\u00e9s vous \u00eates les bienvenus.<\/strong> Vous pouvez louer une limousine seul ou en groupe, nous pouvons vous accommoder.<\/li>\n<li><strong>Les limousines les plus impressionnantes.<\/strong> Nous allons toujours impressionner nos invit\u00e9s avec nos limousines car nous avons toujours une vaste flotte de limousines sur place. Nous nous assurons que chaque limousine soit en parfaite \u00e9tat afin de vous assurer que vous obtenez la meilleure qualit\u00e9 et faire que votre exp\u00e9rience soit m\u00e9morable.&nbsp; Nous allons au-del\u00e0 des attentes de nos invit\u00e9s et c&#8217;est pourquoi ils reviennent nous voir pour leurs besoins de location.<\/li>\n<li><strong>Si vous \u00eates \u00e0 l\u2019ext\u00e9rieur de la ville et d\u00e9sirez explorer une autre ville, nous sommes la compagnie de location de limousine pas cher pour vous!<\/strong> Vous n&#8217;aurez jamais \u00e0 vous soucier de vous perdre ou de trouver des choses \u00e0 faire. Nous avons une liste d&#8217;endroits \u00e0 visiter, de gens \u00e0 voir et de choses \u00e0 faire.&nbsp; Nous sommes la compagnie de limousine qui s&#8217;efforcera toujours de vous faire sentir comme une personne sp\u00e9ciale. Nous sommes l\u00e0 pour tous vos besoins de service de limousine.<\/li>\n<\/ul>\n<p>Nous avons des forfaits pour tous les budgets! Appelez-nous aujourd&#8217;hui ou remplissez le formulaire \u00e0 droite de cette page pour r\u00e9server votre limousine de f\u00eate!<\/p>\n<p>&nbsp;<\/p>\n","protected":false},"excerpt":{"rendered":"<p>Comment aimeriez-vous passer votre nuit dans la ville? Tout ce que vous aimeriez faire est \u00e0 gagner lorsque vous nous choisissez! Nous pouvons vous emmener dans n\u2019importe quel bar, discoth\u00e8que, restaurant ou simplement pour une balade en plein centre-ville. &nbsp;Tout ce que vous voulez faire, c&#8217;est \u00e0 vous de d\u00e9cider. Notre personnel et limousine Montr\u00e9al&#8230; <\/p>\n<div class=\"clear\"><\/div>\n<p><a href=\"https:\/\/montreallimo.net\/fr\/Soiree-et-Fetes\/\" class=\"limoking-button large excerpt-read-more\">Read More<\/a><\/p>\n","protected":false},"author":1,"featured_media":0,"parent":0,"menu_order":0,"comment_status":"closed","ping_status":"closed","template":"","meta":{"footnotes":""},"class_list":["post-6767","page","type-page","status-publish","hentry"],"yoast_head":"<!-- This site is optimized with the Yoast SEO plugin v26.9 - https:\/\/yoast.com\/product\/yoast-seo-wordpress\/ -->\n<title>Soir\u00e9e et F\u00eates - Luxury Limousine Montreal | 514-700-3634<\/title>\n<meta name=\"robots\" content=\"index, follow, max-snippet:-1, max-image-preview:large, max-video-preview:-1\" \/>\n<link rel=\"canonical\" href=\"https:\/\/montreallimo.net\/fr\/Soiree-et-Fetes\/\" \/>\n<meta property=\"og:locale\" content=\"en_US\" \/>\n<meta property=\"og:type\" content=\"article\" \/>\n<meta property=\"og:title\" content=\"Soir\u00e9e et F\u00eates - Luxury Limousine Montreal | 514-700-3634\" \/>\n<meta property=\"og:description\" content=\"Comment aimeriez-vous passer votre nuit dans la ville? Tout ce que vous aimeriez faire est \u00e0 gagner lorsque vous nous choisissez! Nous pouvons vous emmener dans n\u2019importe quel bar, discoth\u00e8que, restaurant ou simplement pour une balade en plein centre-ville. &nbsp;Tout ce que vous voulez faire, c&#8217;est \u00e0 vous de d\u00e9cider. Notre personnel et limousine Montr\u00e9al... Read More\" \/>\n<meta property=\"og:url\" content=\"https:\/\/montreallimo.net\/fr\/Soiree-et-Fetes\/\" \/>\n<meta property=\"og:site_name\" content=\"Luxury Limousine Montreal | 514-700-3634\" \/>\n<meta property=\"article:publisher\" content=\"https:\/\/www.facebook.com\/luxurylimousinemontreal\/\" \/>\n<meta property=\"article:modified_time\" content=\"2019-01-22T22:00:14+00:00\" \/>\n<meta property=\"og:image\" content=\"http:\/\/montreallimo.net\/fr\/wp-content\/uploads\/2013\/12\/limo-service-in-montreal.jpg\" \/>\n<meta name=\"twitter:card\" content=\"summary_large_image\" \/>\n<meta name=\"twitter:site\" content=\"@limosmontreal\" \/>\n<meta name=\"twitter:label1\" content=\"Est. reading time\" \/>\n\t<meta name=\"twitter:data1\" content=\"3 minutes\" \/>\n<script type=\"application\/ld+json\" class=\"yoast-schema-graph\">{\"@context\":\"https:\/\/schema.org\",\"@graph\":[{\"@type\":\"WebPage\",\"@id\":\"https:\/\/montreallimo.net\/fr\/Soiree-et-Fetes\/\",\"url\":\"https:\/\/montreallimo.net\/fr\/Soiree-et-Fetes\/\",\"name\":\"Soir\u00e9e et F\u00eates - Luxury Limousine Montreal | 514-700-3634\",\"isPartOf\":{\"@id\":\"https:\/\/montreallimo.net\/fr\/#website\"},\"primaryImageOfPage\":{\"@id\":\"https:\/\/montreallimo.net\/fr\/Soiree-et-Fetes\/#primaryimage\"},\"image\":{\"@id\":\"https:\/\/montreallimo.net\/fr\/Soiree-et-Fetes\/#primaryimage\"},\"thumbnailUrl\":\"http:\/\/montreallimo.net\/fr\/wp-content\/uploads\/2013\/12\/limo-service-in-montreal.jpg\",\"datePublished\":\"2017-04-08T17:29:56+00:00\",\"dateModified\":\"2019-01-22T22:00:14+00:00\",\"breadcrumb\":{\"@id\":\"https:\/\/montreallimo.net\/fr\/Soiree-et-Fetes\/#breadcrumb\"},\"inLanguage\":\"en\",\"potentialAction\":[{\"@type\":\"ReadAction\",\"target\":[\"https:\/\/montreallimo.net\/fr\/Soiree-et-Fetes\/\"]}]},{\"@type\":\"ImageObject\",\"inLanguage\":\"en\",\"@id\":\"https:\/\/montreallimo.net\/fr\/Soiree-et-Fetes\/#primaryimage\",\"url\":\"http:\/\/montreallimo.net\/fr\/wp-content\/uploads\/2013\/12\/limo-service-in-montreal.jpg\",\"contentUrl\":\"http:\/\/montreallimo.net\/fr\/wp-content\/uploads\/2013\/12\/limo-service-in-montreal.jpg\"},{\"@type\":\"BreadcrumbList\",\"@id\":\"https:\/\/montreallimo.net\/fr\/Soiree-et-Fetes\/#breadcrumb\",\"itemListElement\":[{\"@type\":\"ListItem\",\"position\":1,\"name\":\"Home\",\"item\":\"https:\/\/montreallimo.net\/fr\/\"},{\"@type\":\"ListItem\",\"position\":2,\"name\":\"Soir\u00e9e et F\u00eates\"}]},{\"@type\":\"WebSite\",\"@id\":\"https:\/\/montreallimo.net\/fr\/#website\",\"url\":\"https:\/\/montreallimo.net\/fr\/\",\"name\":\"Luxury Limousine Montreal\",\"description\":\"#1 Location de Limousine &Agrave; Montr&eacute;al, Quebec\",\"publisher\":{\"@id\":\"https:\/\/montreallimo.net\/fr\/#organization\"},\"potentialAction\":[{\"@type\":\"SearchAction\",\"target\":{\"@type\":\"EntryPoint\",\"urlTemplate\":\"https:\/\/montreallimo.net\/fr\/?s={search_term_string}\"},\"query-input\":{\"@type\":\"PropertyValueSpecification\",\"valueRequired\":true,\"valueName\":\"search_term_string\"}}],\"inLanguage\":\"en\"},{\"@type\":\"Organization\",\"@id\":\"https:\/\/montreallimo.net\/fr\/#organization\",\"name\":\"Luxury Limousine Montreal\",\"url\":\"https:\/\/montreallimo.net\/fr\/\",\"logo\":{\"@type\":\"ImageObject\",\"inLanguage\":\"en\",\"@id\":\"https:\/\/montreallimo.net\/fr\/#\/schema\/logo\/image\/\",\"url\":\"https:\/\/montreallimo.net\/fr\/wp-content\/uploads\/2016\/05\/montreal-limousine-logo-image.png\",\"contentUrl\":\"https:\/\/montreallimo.net\/fr\/wp-content\/uploads\/2016\/05\/montreal-limousine-logo-image.png\",\"width\":300,\"height\":100,\"caption\":\"Luxury Limousine Montreal\"},\"image\":{\"@id\":\"https:\/\/montreallimo.net\/fr\/#\/schema\/logo\/image\/\"},\"sameAs\":[\"https:\/\/www.facebook.com\/luxurylimousinemontreal\/\",\"https:\/\/x.com\/limosmontreal\",\"https:\/\/www.pinterest.ca\/limousinemontre\/\",\"https:\/\/www.youtube.com\/channel\/UCSHiyAM5iCdYFo0U4zeMPtQ\"]}]}<\/script>\n<!-- \/ Yoast SEO plugin. -->","yoast_head_json":{"title":"Soir\u00e9e et F\u00eates - Luxury Limousine Montreal | 514-700-3634","robots":{"index":"index","follow":"follow","max-snippet":"max-snippet:-1","max-image-preview":"max-image-preview:large","max-video-preview":"max-video-preview:-1"},"canonical":"https:\/\/montreallimo.net\/fr\/Soiree-et-Fetes\/","og_locale":"en_US","og_type":"article","og_title":"Soir\u00e9e et F\u00eates - Luxury Limousine Montreal | 514-700-3634","og_description":"Comment aimeriez-vous passer votre nuit dans la ville? Tout ce que vous aimeriez faire est \u00e0 gagner lorsque vous nous choisissez! Nous pouvons vous emmener dans n\u2019importe quel bar, discoth\u00e8que, restaurant ou simplement pour une balade en plein centre-ville. &nbsp;Tout ce que vous voulez faire, c&#8217;est \u00e0 vous de d\u00e9cider. Notre personnel et limousine Montr\u00e9al... Read More","og_url":"https:\/\/montreallimo.net\/fr\/Soiree-et-Fetes\/","og_site_name":"Luxury Limousine Montreal | 514-700-3634","article_publisher":"https:\/\/www.facebook.com\/luxurylimousinemontreal\/","article_modified_time":"2019-01-22T22:00:14+00:00","og_image":[{"url":"http:\/\/montreallimo.net\/fr\/wp-content\/uploads\/2013\/12\/limo-service-in-montreal.jpg","type":"","width":"","height":""}],"twitter_card":"summary_large_image","twitter_site":"@limosmontreal","twitter_misc":{"Est. reading time":"3 minutes"},"schema":{"@context":"https:\/\/schema.org","@graph":[{"@type":"WebPage","@id":"https:\/\/montreallimo.net\/fr\/Soiree-et-Fetes\/","url":"https:\/\/montreallimo.net\/fr\/Soiree-et-Fetes\/","name":"Soir\u00e9e et F\u00eates - Luxury Limousine Montreal | 514-700-3634","isPartOf":{"@id":"https:\/\/montreallimo.net\/fr\/#website"},"primaryImageOfPage":{"@id":"https:\/\/montreallimo.net\/fr\/Soiree-et-Fetes\/#primaryimage"},"image":{"@id":"https:\/\/montreallimo.net\/fr\/Soiree-et-Fetes\/#primaryimage"},"thumbnailUrl":"http:\/\/montreallimo.net\/fr\/wp-content\/uploads\/2013\/12\/limo-service-in-montreal.jpg","datePublished":"2017-04-08T17:29:56+00:00","dateModified":"2019-01-22T22:00:14+00:00","breadcrumb":{"@id":"https:\/\/montreallimo.net\/fr\/Soiree-et-Fetes\/#breadcrumb"},"inLanguage":"en","potentialAction":[{"@type":"ReadAction","target":["https:\/\/montreallimo.net\/fr\/Soiree-et-Fetes\/"]}]},{"@type":"ImageObject","inLanguage":"en","@id":"https:\/\/montreallimo.net\/fr\/Soiree-et-Fetes\/#primaryimage","url":"http:\/\/montreallimo.net\/fr\/wp-content\/uploads\/2013\/12\/limo-service-in-montreal.jpg","contentUrl":"http:\/\/montreallimo.net\/fr\/wp-content\/uploads\/2013\/12\/limo-service-in-montreal.jpg"},{"@type":"BreadcrumbList","@id":"https:\/\/montreallimo.net\/fr\/Soiree-et-Fetes\/#breadcrumb","itemListElement":[{"@type":"ListItem","position":1,"name":"Home","item":"https:\/\/montreallimo.net\/fr\/"},{"@type":"ListItem","position":2,"name":"Soir\u00e9e et F\u00eates"}]},{"@type":"WebSite","@id":"https:\/\/montreallimo.net\/fr\/#website","url":"https:\/\/montreallimo.net\/fr\/","name":"Luxury Limousine Montreal","description":"#1 Location de Limousine &Agrave; Montr&eacute;al, Quebec","publisher":{"@id":"https:\/\/montreallimo.net\/fr\/#organization"},"potentialAction":[{"@type":"SearchAction","target":{"@type":"EntryPoint","urlTemplate":"https:\/\/montreallimo.net\/fr\/?s={search_term_string}"},"query-input":{"@type":"PropertyValueSpecification","valueRequired":true,"valueName":"search_term_string"}}],"inLanguage":"en"},{"@type":"Organization","@id":"https:\/\/montreallimo.net\/fr\/#organization","name":"Luxury Limousine Montreal","url":"https:\/\/montreallimo.net\/fr\/","logo":{"@type":"ImageObject","inLanguage":"en","@id":"https:\/\/montreallimo.net\/fr\/#\/schema\/logo\/image\/","url":"https:\/\/montreallimo.net\/fr\/wp-content\/uploads\/2016\/05\/montreal-limousine-logo-image.png","contentUrl":"https:\/\/montreallimo.net\/fr\/wp-content\/uploads\/2016\/05\/montreal-limousine-logo-image.png","width":300,"height":100,"caption":"Luxury Limousine Montreal"},"image":{"@id":"https:\/\/montreallimo.net\/fr\/#\/schema\/logo\/image\/"},"sameAs":["https:\/\/www.facebook.com\/luxurylimousinemontreal\/","https:\/\/x.com\/limosmontreal","https:\/\/www.pinterest.ca\/limousinemontre\/","https:\/\/www.youtube.com\/channel\/UCSHiyAM5iCdYFo0U4zeMPtQ"]}]}},"_links":{"self":[{"href":"https:\/\/montreallimo.net\/fr\/wp-json\/wp\/v2\/pages\/6767","targetHints":{"allow":["GET"]}}],"collection":[{"href":"https:\/\/montreallimo.net\/fr\/wp-json\/wp\/v2\/pages"}],"about":[{"href":"https:\/\/montreallimo.net\/fr\/wp-json\/wp\/v2\/types\/page"}],"author":[{"embeddable":true,"href":"https:\/\/montreallimo.net\/fr\/wp-json\/wp\/v2\/users\/1"}],"replies":[{"embeddable":true,"href":"https:\/\/montreallimo.net\/fr\/wp-json\/wp\/v2\/comments?post=6767"}],"version-history":[{"count":10,"href":"https:\/\/montreallimo.net\/fr\/wp-json\/wp\/v2\/pages\/6767\/revisions"}],"predecessor-version":[{"id":7012,"href":"https:\/\/montreallimo.net\/fr\/wp-json\/wp\/v2\/pages\/6767\/revisions\/7012"}],"wp:attachment":[{"href":"https:\/\/montreallimo.net\/fr\/wp-json\/wp\/v2\/media?parent=6767"}],"curies":[{"name":"wp","href":"https:\/\/api.w.org\/{rel}","templated":true}]}}