{"id":207,"date":"2016-05-13T16:33:44","date_gmt":"2016-05-13T16:33:44","guid":{"rendered":"http:\/\/montreallimo.net\/fr\/?page_id=207"},"modified":"2019-01-22T21:57:03","modified_gmt":"2019-01-22T21:57:03","slug":"limousine-pour-marriage","status":"publish","type":"page","link":"https:\/\/montreallimo.net\/fr\/limousine-pour-mariage\/","title":{"rendered":"Limousine Pour Mariage"},"content":{"rendered":"<h1>\n<h1 class=\"limoking-heading-shortcode with-background \"  style=\"color: #ffffff;background-color: #91d549;font-size: 30px;\" ><strong>Nous offrons le service de limousine pour mariage!<\/strong><\/h1>\n<\/h1>\n\n\t\t<!-- MasterSlider -->\n\t\t<div id=\"P_MS69e90ee4a78ae\" class=\"master-slider-parent master-slider-gallery   ms-parent-id-0\" style=\"\" >\n\n\t\t\t\n\t\t\t<!-- MasterSlider Main -->\n\t\t\t<div id=\"MS69e90ee4a78ae\" class=\"master-slider ms-skin-default\" >\n\t\t\t\t \t\t\t\t \n\t\t\t<div  class=\"ms-slide\" data-delay=\"3\"    >\n\t\t\t\t\t<img decoding=\"async\" src=\"https:\/\/montreallimo.net\/fr\/wp-content\/plugins\/masterslider\/public\/assets\/css\/blank.gif\" alt=\"limousine_wedding_car\" title=\"limousine_wedding_car\" data-src=\"https:\/\/montreallimo.net\/fr\/wp-content\/uploads\/2013\/11\/limousine_wedding_car-1024x401.jpg\" \/>\n\t<a href=\"https:\/\/montreallimo.net\/fr\/wp-content\/uploads\/2013\/11\/limousine_wedding_car-1024x401.jpg\" target=\"_self\"    >limousine_wedding_car<\/a>\n\n\n\t<img decoding=\"async\" class=\"ms-thumb\" src=\"https:\/\/montreallimo.net\/fr\/wp-content\/uploads\/2013\/11\/limousine_wedding_car-1024x401-140x80.jpg\" alt=\"limousine_wedding_car\" \/>\n\t\t\t\t<\/div>\n\t\t\t<div  class=\"ms-slide\" data-delay=\"3\"    >\n\t\t\t\t\t<img decoding=\"async\" src=\"https:\/\/montreallimo.net\/fr\/wp-content\/plugins\/masterslider\/public\/assets\/css\/blank.gif\" alt=\"vintage-wedding-limo\" title=\"vintage-wedding-limo\" data-src=\"https:\/\/montreallimo.net\/fr\/wp-content\/uploads\/2013\/11\/vintage-wedding-limo-1024x683.jpg\" \/>\n\t<a href=\"https:\/\/montreallimo.net\/fr\/wp-content\/uploads\/2013\/11\/vintage-wedding-limo-1024x683.jpg\" target=\"_self\"    >vintage-wedding-limo<\/a>\n\n\n\t<img decoding=\"async\" class=\"ms-thumb\" src=\"https:\/\/montreallimo.net\/fr\/wp-content\/uploads\/2013\/11\/vintage-wedding-limo-1024x683-140x80.jpg\" alt=\"vintage-wedding-limo\" \/>\n\t\t\t\t<\/div>\n\t\t\t<div  class=\"ms-slide\" data-delay=\"3\"    >\n\t\t\t\t\t<img decoding=\"async\" src=\"https:\/\/montreallimo.net\/fr\/wp-content\/plugins\/masterslider\/public\/assets\/css\/blank.gif\" alt=\"a montreal limousine company\" title=\"Happy bride and groom with lmo\" data-src=\"https:\/\/montreallimo.net\/fr\/wp-content\/uploads\/2013\/12\/montreal-limousine-company.jpg\" \/>\n\t<a href=\"https:\/\/montreallimo.net\/fr\/wp-content\/uploads\/2013\/12\/montreal-limousine-company.jpg\" target=\"_self\"    >Happy bride and groom with lmo<\/a>\n\n\n\t<img decoding=\"async\" class=\"ms-thumb\" src=\"https:\/\/montreallimo.net\/fr\/wp-content\/uploads\/2013\/12\/montreal-limousine-company-140x80.jpg\" alt=\"a montreal limousine company\" \/>\n\t\t\t\t<\/div>\n\t\t\t<div  class=\"ms-slide\" data-delay=\"3\"    >\n\t\t\t\t\t<img decoding=\"async\" src=\"https:\/\/montreallimo.net\/fr\/wp-content\/plugins\/masterslider\/public\/assets\/css\/blank.gif\" alt=\"Wedding_Limos_(4001993173)\" title=\"Wedding_Limos_(4001993173)\" data-src=\"https:\/\/montreallimo.net\/fr\/wp-content\/uploads\/2013\/11\/Wedding_Limos_4001993173-1024x679.jpg\" \/>\n\t<a href=\"https:\/\/montreallimo.net\/fr\/wp-content\/uploads\/2013\/11\/Wedding_Limos_4001993173-1024x679.jpg\" target=\"_self\"    >Wedding_Limos_(4001993173)<\/a>\n\n\n\t<img decoding=\"async\" class=\"ms-thumb\" src=\"https:\/\/montreallimo.net\/fr\/wp-content\/uploads\/2013\/11\/Wedding_Limos_4001993173-1024x679-140x80.jpg\" alt=\"Wedding_Limos_(4001993173)\" \/>\n\t\t\t\t<\/div>\n\t\t\t<div  class=\"ms-slide\" data-delay=\"3\"    >\n\t\t\t\t\t<img decoding=\"async\" src=\"https:\/\/montreallimo.net\/fr\/wp-content\/plugins\/masterslider\/public\/assets\/css\/blank.gif\" alt=\"portrait of the happy bride and groom in the car\" title=\"portrait of the happy bride and groom in the car\" data-src=\"https:\/\/montreallimo.net\/fr\/wp-content\/uploads\/2013\/12\/Wedding-Limousine.jpg\" \/>\n\t<a href=\"https:\/\/montreallimo.net\/fr\/wp-content\/uploads\/2013\/12\/Wedding-Limousine.jpg\" target=\"_self\"    >portrait of the happy bride and groom in the car<\/a>\n\n\n\t<img decoding=\"async\" class=\"ms-thumb\" src=\"https:\/\/montreallimo.net\/fr\/wp-content\/uploads\/2013\/12\/Wedding-Limousine-140x80.jpg\" alt=\"portrait of the happy bride and groom in the car\" \/>\n\t\t\t\t<\/div>\n\t\t\t<div  class=\"ms-slide\" data-delay=\"3\"    >\n\t\t\t\t\t<img decoding=\"async\" src=\"https:\/\/montreallimo.net\/fr\/wp-content\/plugins\/masterslider\/public\/assets\/css\/blank.gif\" alt=\"limoSlideThree-620x430-2\" title=\"limoSlideThree-620x430-2\" data-src=\"https:\/\/montreallimo.net\/fr\/wp-content\/uploads\/2017\/04\/limoSlideThree-620x430-2.png\" \/>\n\t<a href=\"https:\/\/montreallimo.net\/fr\/wp-content\/uploads\/2017\/04\/limoSlideThree-620x430-2.png\" target=\"_self\"    >limoSlideThree-620x430-2<\/a>\n\n\n\t<img decoding=\"async\" class=\"ms-thumb\" src=\"https:\/\/montreallimo.net\/fr\/wp-content\/uploads\/2017\/04\/limoSlideThree-620x430-2-140x80.png\" alt=\"limoSlideThree-620x430-2\" \/>\n\t\t\t\t<\/div>\n\n\t\t\t<\/div>\n\t\t\t<!-- END MasterSlider Main -->\n\n\t\t\t \n\t\t<\/div>\n\t\t<!-- END MasterSlider -->\n\n\t\t<script>\n\t\t( window.MSReady = window.MSReady || [] ).push( function( $ ) {\n\n\t\t\t\"use strict\";\n\t\t\tvar masterslider_78ae = new MasterSlider();\n\n\t\t\t\/\/ slider controls\n\t\t\tmasterslider_78ae.control('arrows'     ,{ autohide:true, overVideo:true  });\n\t\t\tmasterslider_78ae.control('thumblist'  ,{ autohide:false, overVideo:true, dir:'h', speed:17, inset:false, arrows:false, hover:false, customClass:'', align:'bottom',type:'thumbs', margin:2, width:140, height:80, space:2, fillMode:'fill'  });\n\t\t\t\/\/ slider setup\n\t\t\tmasterslider_78ae.setup(\"MS69e90ee4a78ae\", {\n\t\t\t\twidth           : 960,\n\t\t\t\theight          : 540,\n\t\t\t\tminHeight       : 0,\n\t\t\t\tspace           : 0,\n\t\t\t\tstart           : 1,\n\t\t\t\tgrabCursor      : true,\n\t\t\t\tswipe           : true,\n\t\t\t\tmouse           : true,\n\t\t\t\tkeyboard        : false,\n\t\t\t\tlayout          : \"fillwidth\",\n\t\t\t\twheel           : false,\n\t\t\t\tautoplay        : true,\n                instantStartLayers:false,\n\t\t\t\tmobileBGVideo:false,\n\t\t\t\tloop            : true,\n\t\t\t\tshuffle         : false,\n\t\t\t\tpreload         : 3,\n\t\t\t\theightLimit     : false,\n\t\t\t\tautoHeight      : false,\n\t\t\t\tsmoothHeight    : true,\n\t\t\t\tendPause        : false,\n\t\t\t\toverPause       : false,\n\t\t\t\tfillMode        : \"fill\",\n\t\t\t\tcenterControls  : true,\n\t\t\t\tstartOnAppear   : false,\n\t\t\t\tlayersMode      : \"center\",\n\t\t\t\tautofillTarget  : \"\",\n\t\t\t\thideLayers      : false,\n\t\t\t\tfullscreenMargin: 0,\n\t\t\t\tspeed           : 17,\n\t\t\t\tdir             : \"h\",\n\t\t\t\tresponsive      : true,\n\t\t\t\ttabletWidth     : 768,\n\t\t\t\ttabletHeight    : null,\n\t\t\t\tphoneWidth      : 480,\n\t\t\t\tphoneHeight    : null,\n\t\t\t\tsizingReference : window,\n\t\t\t\tparallaxMode    : 'swipe',\n\t\t\t\tview            : \"basic\"\n\t\t\t});\n\n\t\t\t\n\t\t\twindow.masterslider_instances = window.masterslider_instances || [];\n\t\t\twindow.masterslider_instances.push( masterslider_78ae );\n\t\t});\n\t\t<\/script>\n\n\n<p>Chez Luxury Limousine Montr\u00e9al, nous voulons que votre journ\u00e9e soit aussi parfaite que vous, et nous travaillons fort afin que cela se produise.<\/p>\n<p>Quels sont les services offerts par les compagnies de <em>services de limousine \u00e0 Montr\u00e9al<\/em>? Un enseigne indiquant mari\u00e9 avec la couleur de votre choix, l&#8217;arc et le ruban pour la voiture, le service de tapis rouge, un chauffeur v\u00eatu d\u2019un veston, le champagne et plus encore.<\/p>\n<p>Nos chauffeurs sont des professionnels \u00e0 temps plein et form\u00e9s qui s&#8217;occupent de tous les moindres d\u00e9tails.&nbsp; Ils s&#8217;assurent que le photographe prenne la photo alors que la mari\u00e9e sort de la voiture, pour s&#8217;assurer que son voile ne touche pas le sol.<\/p>\n<h2 class=\"limoking-heading-shortcode \"  style=\"font-size: 30px;\" >D\u00e8s que vous aurez vu nos limousines pour mariage vous serez s\u00e9duit!<\/h2>\n<p>Nous fournissons le meilleur service de limousine pour votre mariage. Non seulement nos limousines vous emm\u00e8neront l\u00e0 o\u00f9 vous d\u00e9sirez mais vous vivrez une exp\u00e9rience m\u00e9morable car nous nous occuperons de vous comme personne d\u2019autre le pourra le faire. Nos limousines seront compl\u00e8tement d\u00e9cor\u00e9es pour votre mariage. Vous pouvez nous faire confiance, vous vivrez une exp\u00e9rience digne d\u2019un conte de f\u00e9es.<\/p>\n<p><strong>1. Tout ce dont vous avez besoin, nous l\u2019avons:<\/strong>&nbsp; Chaque fois que vous avez besoin de nous, nous avons la limousine pour toute occasion&nbsp;: mariage, vous et vos invit\u00e9s, r\u00e9p\u00e9titions, s\u00e9ance de photographie, lune de miel, transport \u00e0 l\u2019a\u00e9roport, limousine, bus de f\u00eate et plusieurs autres services sont disponibles.<\/p>\n<p><strong>2. Forfaits de location de limousine pour mariage sur mesure.<\/strong> Nous adaptons les forfaits pour mariage en fonction de vos besoins. Il est inutile de payer pour quelque chose dont vous n&#8217;avez pas besoin. Nous allons vous offrir un forfait pour votre mariage qui vous fera sentir comme des vedettes de cin\u00e9ma! Nous allons d\u00e9ployer le tapis rouge, d\u00e9corer notre limousine selon votre go\u00fbt et vous allez b\u00e9n\u00e9ficier de toutes les commodit\u00e9s que vous d\u00e9sirez.<\/p>\n<p><strong>3. Seuls les meilleurs chauffeurs.<\/strong> Nous vous \u00e9blouirons avec nos chauffeurs professionnels et form\u00e9s. Nous avons toujours les meilleurs chauffeurs pour vous aider \u00e0 rendre que votre mariage soit une journ\u00e9e m\u00e9morable. Nos chauffeurs sont form\u00e9s et vous assure que vous vivrez la meilleure exp\u00e9rience qui soit.<\/p>\n<p><strong>4. De nombreuses options de limousines.<\/strong> Vous m\u00e9ritez d&#8217;avoir ce que vous voulez le jour de votre mariage et nous vous pouvons vous aider \u00e0 avoir la limousine de votre choix.&nbsp; &nbsp;Notre flotte de v\u00e9hicules contient une vaste s\u00e9lection de limousines uniques et traditionnelles. Nous pouvons \u00e9galement vous offrir un v\u00e9hicule plus classique. Les options sont infinies. &nbsp;Tout ce que vous d\u00e9sirez, nous l\u2019avons pour vous.<\/p>\n<p><strong>5. Vos d\u00e9sirs seront combl\u00e9s.<\/strong> Vous avez planifi\u00e9 votre moment magique et vous avez besoin d&#8217;une exp\u00e9rience magique.&nbsp; Avec Limousine Montreal vous serez renvers\u00e9 car nous pouvons r\u00e9pondre \u00e0 vos demandes de fa\u00e7on professionnelle en tout temps.&nbsp; Nous livrons toujours ce que vous d\u00e9sirez.&nbsp;&nbsp; C&#8217;est votre journ\u00e9e sp\u00e9ciale et vous m\u00e9ritez d&#8217;avoir les choses que vous souhaitez. Ne nous croyez pas? Appelez-nous aujourd&#8217;hui et d\u00e9couvrez comment nous pouvons r\u00e9pondre \u00e0 votre demande avec facilit\u00e9.<\/p>\n<p><strong>6. Aucun groupe n\u2019est trop grand ou petit.<\/strong> Quelle que soit la taille de votre groupe, nous sommes l\u00e0 pour vous servir. Si vous avez besoin d&#8217;h\u00e9bergement pour une vingtaine de demoiselles d\u2019honneur ou simplement une limousine vos nouveaux beaux-parents, nous pouvons r\u00e9pondre \u00e0 vos besoins. Nous pouvons accueillir tout groupe.<\/p>\n<p>Planifier un mariage est un travail difficile. Louer une limousine et permettez-nous de vous aider \u00e0 faire que cette exp\u00e9rience soit digne d\u2019un r\u00eave. Appelez-nous et nous allons vous offrir un service de limousine comblant vos d\u00e9sirs les plus chers.&nbsp; Si vous pouvez le r\u00eaver, que ce soit le service d\u2019expert ou de s\u00e9ances avec un photographe nous pouvons vous fournir l&#8217;exp\u00e9rience dont vous vous souviendrez longtemps.<\/p>\n<h2 class=\"limoking-heading-shortcode \"  style=\"font-size: 30px;\" ><strong>Comment att\u00e9nuer les co\u00fbts de location de limousine pour mariage<\/strong><\/h2>\n<p>Louer une limousine pour votre mariage peut \u00eatre co\u00fbteux. Voici quelques conseils sur la fa\u00e7on d&#8217;obtenir exactement ce que vous voulez pour votre journ\u00e9e sp\u00e9ciale, tout en respectant votre budget.&nbsp;Une des meilleures fa\u00e7ons d&#8217;att\u00e9nuer les co\u00fbts lors de la location d&#8217;une limousine est de l&#8217;inclure dans votre budget de mariage. Voici quelques facteurs qui d\u00e9termineront combien vous co\u00fbtera la location de la limousine pour votre journ\u00e9e de mariage.<\/p>\n<h3 class=\"limoking-heading-shortcode \"  style=\"font-size: 25px;\" >Nous offrons une gamme de services pour votre mariage afin que cette journ\u00e9e soit m\u00e9morable!<\/h3>\n<div id=\"toggle1\">\n<p>Quel que soit la taille de votre Party!&nbsp; Plus le nombre d\u2019invit\u00e9s est \u00e9lev\u00e9s et plus co\u00fbteuse sera la location.&nbsp;&nbsp; Les soi-disant \u00abv\u00e9hicules exotiques\u00bb peuvent \u00eatre lou\u00e9s et r\u00e9pondre \u00e0 vos besoins. Mais, ils co\u00fbtent plus cher et nous avons un nombre limit\u00e9 de ces v\u00e9hicules en location.<\/p>\n<p>Une chose dont beaucoup ne tiennent pas compte est que, lorsqu&#8217;ils sont habill\u00e9s de fa\u00e7on formelle, surtout en tenue de mariage, le nombre de personnes qui peuvent prendre place confortablement dans une limousine diminue. Vous voudrez peut-\u00eatre garder cela \u00e0 l&#8217;esprit alors que vous essayez de d\u00e9cider combien de demoiselles et de gar\u00e7ons d&#8217;honneur seront pr\u00e9sents \u00e0 votre f\u00eate.<br \/>\n<em>La compagnie Luxury Limousine Montreal vous aide jusqu\u2019au bout!<\/em><\/p>\n<p>R\u00e9servez t\u00f4t. Si vous et votre ch\u00e9rie voulez un mariage rapide, vous ne pourrez peut pas avoir la limousine pour cette occasion sp\u00e9ciale. Pourquoi? Parce que de nombreux experts conseillent de louer une limousine au moins six mois \u00e0 l&#8217;avance avant votre mariage certains vont m\u00eame qu\u2019\u00e0 r\u00e9server jusqu&#8217;\u00e0 neuf mois \u00e0 l\u2019avance.<\/p>\n<p>Bien qu&#8217;il soit possible de louer une limousine \u00e0 la derni\u00e8re minute, vous ne serez peut \u00eatre pas en mesure de pouvoir choisir la grandeur, le style ou la couleur de limousine &nbsp;que vous voulez.&nbsp; Essentiellement, votre choix sera limit\u00e9.<br \/>\nBeaucoup de fournisseurs de location de <a href=\"http:\/\/montreallimo.net\/fr\/\">limousine de mariage<\/a> offrent des forfaits \u00e0 de tr\u00e8s bon prix.&nbsp; Et, vous pourriez obtenir beaucoup plus que vous n\u2019aviez pens\u00e9 pouvoir vous le permettre.<\/p>\n<\/div>\n","protected":false},"excerpt":{"rendered":"<p>Chez Luxury Limousine Montr\u00e9al, nous voulons que votre journ\u00e9e soit aussi parfaite que vous, et nous travaillons fort afin que cela se produise. Quels sont les services offerts par les compagnies de services de limousine \u00e0 Montr\u00e9al? Un enseigne indiquant mari\u00e9 avec la couleur de votre choix, l&#8217;arc et le ruban pour la voiture, le&#8230; <\/p>\n<div class=\"clear\"><\/div>\n<p><a href=\"https:\/\/montreallimo.net\/fr\/limousine-pour-mariage\/\" class=\"limoking-button large excerpt-read-more\">Read More<\/a><\/p>\n","protected":false},"author":1,"featured_media":0,"parent":0,"menu_order":0,"comment_status":"closed","ping_status":"closed","template":"","meta":{"footnotes":""},"class_list":["post-207","page","type-page","status-publish","hentry"],"yoast_head":"<!-- This site is optimized with the Yoast SEO plugin v26.9 - https:\/\/yoast.com\/product\/yoast-seo-wordpress\/ -->\n<title>Limousine Pour Mariage - Luxury Limousine Montreal | 514-700-3634<\/title>\n<meta name=\"robots\" content=\"index, follow, max-snippet:-1, max-image-preview:large, max-video-preview:-1\" \/>\n<link rel=\"canonical\" href=\"https:\/\/montreallimo.net\/fr\/limousine-pour-mariage\/\" \/>\n<meta property=\"og:locale\" content=\"en_US\" \/>\n<meta property=\"og:type\" content=\"article\" \/>\n<meta property=\"og:title\" content=\"Limousine Pour Mariage - Luxury Limousine Montreal | 514-700-3634\" \/>\n<meta property=\"og:description\" content=\"Chez Luxury Limousine Montr\u00e9al, nous voulons que votre journ\u00e9e soit aussi parfaite que vous, et nous travaillons fort afin que cela se produise. Quels sont les services offerts par les compagnies de services de limousine \u00e0 Montr\u00e9al? Un enseigne indiquant mari\u00e9 avec la couleur de votre choix, l&#8217;arc et le ruban pour la voiture, le... Read More\" \/>\n<meta property=\"og:url\" content=\"https:\/\/montreallimo.net\/fr\/limousine-pour-mariage\/\" \/>\n<meta property=\"og:site_name\" content=\"Luxury Limousine Montreal | 514-700-3634\" \/>\n<meta property=\"article:publisher\" content=\"https:\/\/www.facebook.com\/luxurylimousinemontreal\/\" \/>\n<meta property=\"article:modified_time\" content=\"2019-01-22T21:57:03+00:00\" \/>\n<meta property=\"og:image\" content=\"http:\/\/montreallimo.net\/fr\/wp-content\/plugins\/masterslider\/public\/assets\/css\/blank.gif\" \/>\n<meta name=\"twitter:card\" content=\"summary_large_image\" \/>\n<meta name=\"twitter:site\" content=\"@limosmontreal\" \/>\n<meta name=\"twitter:label1\" content=\"Est. reading time\" \/>\n\t<meta name=\"twitter:data1\" content=\"6 minutes\" \/>\n<script type=\"application\/ld+json\" class=\"yoast-schema-graph\">{\"@context\":\"https:\/\/schema.org\",\"@graph\":[{\"@type\":\"WebPage\",\"@id\":\"https:\/\/montreallimo.net\/fr\/limousine-pour-mariage\/\",\"url\":\"https:\/\/montreallimo.net\/fr\/limousine-pour-mariage\/\",\"name\":\"Limousine Pour Mariage - Luxury Limousine Montreal | 514-700-3634\",\"isPartOf\":{\"@id\":\"https:\/\/montreallimo.net\/fr\/#website\"},\"datePublished\":\"2016-05-13T16:33:44+00:00\",\"dateModified\":\"2019-01-22T21:57:03+00:00\",\"breadcrumb\":{\"@id\":\"https:\/\/montreallimo.net\/fr\/limousine-pour-mariage\/#breadcrumb\"},\"inLanguage\":\"en\",\"potentialAction\":[{\"@type\":\"ReadAction\",\"target\":[\"https:\/\/montreallimo.net\/fr\/limousine-pour-mariage\/\"]}]},{\"@type\":\"BreadcrumbList\",\"@id\":\"https:\/\/montreallimo.net\/fr\/limousine-pour-mariage\/#breadcrumb\",\"itemListElement\":[{\"@type\":\"ListItem\",\"position\":1,\"name\":\"Home\",\"item\":\"https:\/\/montreallimo.net\/fr\/\"},{\"@type\":\"ListItem\",\"position\":2,\"name\":\"Limousine Pour Mariage\"}]},{\"@type\":\"WebSite\",\"@id\":\"https:\/\/montreallimo.net\/fr\/#website\",\"url\":\"https:\/\/montreallimo.net\/fr\/\",\"name\":\"Luxury Limousine Montreal\",\"description\":\"#1 Location de Limousine &Agrave; Montr&eacute;al, Quebec\",\"publisher\":{\"@id\":\"https:\/\/montreallimo.net\/fr\/#organization\"},\"potentialAction\":[{\"@type\":\"SearchAction\",\"target\":{\"@type\":\"EntryPoint\",\"urlTemplate\":\"https:\/\/montreallimo.net\/fr\/?s={search_term_string}\"},\"query-input\":{\"@type\":\"PropertyValueSpecification\",\"valueRequired\":true,\"valueName\":\"search_term_string\"}}],\"inLanguage\":\"en\"},{\"@type\":\"Organization\",\"@id\":\"https:\/\/montreallimo.net\/fr\/#organization\",\"name\":\"Luxury Limousine Montreal\",\"url\":\"https:\/\/montreallimo.net\/fr\/\",\"logo\":{\"@type\":\"ImageObject\",\"inLanguage\":\"en\",\"@id\":\"https:\/\/montreallimo.net\/fr\/#\/schema\/logo\/image\/\",\"url\":\"https:\/\/montreallimo.net\/fr\/wp-content\/uploads\/2016\/05\/montreal-limousine-logo-image.png\",\"contentUrl\":\"https:\/\/montreallimo.net\/fr\/wp-content\/uploads\/2016\/05\/montreal-limousine-logo-image.png\",\"width\":300,\"height\":100,\"caption\":\"Luxury Limousine Montreal\"},\"image\":{\"@id\":\"https:\/\/montreallimo.net\/fr\/#\/schema\/logo\/image\/\"},\"sameAs\":[\"https:\/\/www.facebook.com\/luxurylimousinemontreal\/\",\"https:\/\/x.com\/limosmontreal\",\"https:\/\/www.pinterest.ca\/limousinemontre\/\",\"https:\/\/www.youtube.com\/channel\/UCSHiyAM5iCdYFo0U4zeMPtQ\"]}]}<\/script>\n<!-- \/ Yoast SEO plugin. -->","yoast_head_json":{"title":"Limousine Pour Mariage - Luxury Limousine Montreal | 514-700-3634","robots":{"index":"index","follow":"follow","max-snippet":"max-snippet:-1","max-image-preview":"max-image-preview:large","max-video-preview":"max-video-preview:-1"},"canonical":"https:\/\/montreallimo.net\/fr\/limousine-pour-mariage\/","og_locale":"en_US","og_type":"article","og_title":"Limousine Pour Mariage - Luxury Limousine Montreal | 514-700-3634","og_description":"Chez Luxury Limousine Montr\u00e9al, nous voulons que votre journ\u00e9e soit aussi parfaite que vous, et nous travaillons fort afin que cela se produise. Quels sont les services offerts par les compagnies de services de limousine \u00e0 Montr\u00e9al? Un enseigne indiquant mari\u00e9 avec la couleur de votre choix, l&#8217;arc et le ruban pour la voiture, le... Read More","og_url":"https:\/\/montreallimo.net\/fr\/limousine-pour-mariage\/","og_site_name":"Luxury Limousine Montreal | 514-700-3634","article_publisher":"https:\/\/www.facebook.com\/luxurylimousinemontreal\/","article_modified_time":"2019-01-22T21:57:03+00:00","og_image":[{"url":"http:\/\/montreallimo.net\/fr\/wp-content\/plugins\/masterslider\/public\/assets\/css\/blank.gif","type":"","width":"","height":""}],"twitter_card":"summary_large_image","twitter_site":"@limosmontreal","twitter_misc":{"Est. reading time":"6 minutes"},"schema":{"@context":"https:\/\/schema.org","@graph":[{"@type":"WebPage","@id":"https:\/\/montreallimo.net\/fr\/limousine-pour-mariage\/","url":"https:\/\/montreallimo.net\/fr\/limousine-pour-mariage\/","name":"Limousine Pour Mariage - Luxury Limousine Montreal | 514-700-3634","isPartOf":{"@id":"https:\/\/montreallimo.net\/fr\/#website"},"datePublished":"2016-05-13T16:33:44+00:00","dateModified":"2019-01-22T21:57:03+00:00","breadcrumb":{"@id":"https:\/\/montreallimo.net\/fr\/limousine-pour-mariage\/#breadcrumb"},"inLanguage":"en","potentialAction":[{"@type":"ReadAction","target":["https:\/\/montreallimo.net\/fr\/limousine-pour-mariage\/"]}]},{"@type":"BreadcrumbList","@id":"https:\/\/montreallimo.net\/fr\/limousine-pour-mariage\/#breadcrumb","itemListElement":[{"@type":"ListItem","position":1,"name":"Home","item":"https:\/\/montreallimo.net\/fr\/"},{"@type":"ListItem","position":2,"name":"Limousine Pour Mariage"}]},{"@type":"WebSite","@id":"https:\/\/montreallimo.net\/fr\/#website","url":"https:\/\/montreallimo.net\/fr\/","name":"Luxury Limousine Montreal","description":"#1 Location de Limousine &Agrave; Montr&eacute;al, Quebec","publisher":{"@id":"https:\/\/montreallimo.net\/fr\/#organization"},"potentialAction":[{"@type":"SearchAction","target":{"@type":"EntryPoint","urlTemplate":"https:\/\/montreallimo.net\/fr\/?s={search_term_string}"},"query-input":{"@type":"PropertyValueSpecification","valueRequired":true,"valueName":"search_term_string"}}],"inLanguage":"en"},{"@type":"Organization","@id":"https:\/\/montreallimo.net\/fr\/#organization","name":"Luxury Limousine Montreal","url":"https:\/\/montreallimo.net\/fr\/","logo":{"@type":"ImageObject","inLanguage":"en","@id":"https:\/\/montreallimo.net\/fr\/#\/schema\/logo\/image\/","url":"https:\/\/montreallimo.net\/fr\/wp-content\/uploads\/2016\/05\/montreal-limousine-logo-image.png","contentUrl":"https:\/\/montreallimo.net\/fr\/wp-content\/uploads\/2016\/05\/montreal-limousine-logo-image.png","width":300,"height":100,"caption":"Luxury Limousine Montreal"},"image":{"@id":"https:\/\/montreallimo.net\/fr\/#\/schema\/logo\/image\/"},"sameAs":["https:\/\/www.facebook.com\/luxurylimousinemontreal\/","https:\/\/x.com\/limosmontreal","https:\/\/www.pinterest.ca\/limousinemontre\/","https:\/\/www.youtube.com\/channel\/UCSHiyAM5iCdYFo0U4zeMPtQ"]}]}},"_links":{"self":[{"href":"https:\/\/montreallimo.net\/fr\/wp-json\/wp\/v2\/pages\/207","targetHints":{"allow":["GET"]}}],"collection":[{"href":"https:\/\/montreallimo.net\/fr\/wp-json\/wp\/v2\/pages"}],"about":[{"href":"https:\/\/montreallimo.net\/fr\/wp-json\/wp\/v2\/types\/page"}],"author":[{"embeddable":true,"href":"https:\/\/montreallimo.net\/fr\/wp-json\/wp\/v2\/users\/1"}],"replies":[{"embeddable":true,"href":"https:\/\/montreallimo.net\/fr\/wp-json\/wp\/v2\/comments?post=207"}],"version-history":[{"count":9,"href":"https:\/\/montreallimo.net\/fr\/wp-json\/wp\/v2\/pages\/207\/revisions"}],"predecessor-version":[{"id":7009,"href":"https:\/\/montreallimo.net\/fr\/wp-json\/wp\/v2\/pages\/207\/revisions\/7009"}],"wp:attachment":[{"href":"https:\/\/montreallimo.net\/fr\/wp-json\/wp\/v2\/media?parent=207"}],"curies":[{"name":"wp","href":"https:\/\/api.w.org\/{rel}","templated":true}]}}