{"id":205,"date":"2016-05-13T16:33:16","date_gmt":"2016-05-13T16:33:16","guid":{"rendered":"http:\/\/montreallimo.net\/fr\/?page_id=205"},"modified":"2019-01-22T21:59:13","modified_gmt":"2019-01-22T21:59:13","slug":"limousine-pour-prom","status":"publish","type":"page","link":"https:\/\/montreallimo.net\/fr\/prom-limousine-montreal\/","title":{"rendered":"Prom Limousine"},"content":{"rendered":"<h1 class=\"limoking-heading-shortcode with-background \"  style=\"color: #ffffff;background-color: #91d549;font-size: 30px;\" >Montr\u00e9al limousine pour bal de graduation: &nbsp;Pas cher!<\/h1>\n<p><img loading=\"lazy\" decoding=\"async\" class=\"aligncenter wp-image-6315\" src=\"http:\/\/montreallimo.net\/fr\/wp-content\/uploads\/2013\/12\/airport-limo-montreal.jpg\" alt=\"prom limousine\" width=\"578\" height=\"391\" srcset=\"https:\/\/montreallimo.net\/fr\/wp-content\/uploads\/2013\/12\/airport-limo-montreal.jpg 750w, https:\/\/montreallimo.net\/fr\/wp-content\/uploads\/2013\/12\/airport-limo-montreal-300x203.jpg 300w\" sizes=\"auto, (max-width: 578px) 100vw, 578px\" \/><\/p>\n<p>Il y a quelques occasions plus excitantes dans la vie d&#8217;un jeune adulte que la soir\u00e9e de bal de graduation. C&#8217;est une soir\u00e9e dont vous r\u00eaver et vous planifier pendant des mois. C\u00e9l\u00e9brez votre bal de graduation dans une limousine avec nous!<\/p>\n<p>Maintenant que vous \u00eates tous chics, rien ne pourrait \u00eatre plus appropri\u00e9 que d&#8217;arriver dans une luxueuse limousine. Mais, combien vas-ton payer, quel style de voiture choisirez-vous, et peut-\u00eatre le plus important, qu&#8217;est-ce que vous faites apr\u00e8s le bal de graduation?<\/p>\n<p>Au lieu d&#8217;attendre jusqu&#8217;\u00e0 ce que vous arriviez au bal de graduation pour voir vos amis commencer \u00e0 vous amuser d\u00e8s que vous \u00eates tous \u00e0 bord de la limousine pour graduation. &nbsp;Alors rassemblez-vous, d\u00e9terminer les co\u00fbts et partagez-les.&nbsp; Plus le nombre sera \u00e9lev\u00e9, plus les co\u00fbts seront moindres.<\/p>\n<p><strong>Vous vous sentirez comme des rois et des reines \u00e0 bord de nos limousines!<\/strong><\/p>\n<p>Vous aurez beaucoup \u00e0 faire lors de votre bal de graduation! Nous pouvons vous aider \u00e0 pr\u00e9parer votre liste de t\u00e2ches avec facilit\u00e9 et nous nous occupons du transport. Laissez-nous vous aider \u00e0 faire que votre bal de graduation soit fait avec style et \u00e0 passer une soir\u00e9e dont vous vous souviendrez pendant longtemps!<\/p>\n<p>Le bal de graduation est finalement arriv\u00e9.&nbsp; Vous ou votre enfant ont travaill\u00e9 fort pendant toute l\u2019ann\u00e9e et ils m\u00e9ritent donc d\u2019aller au bal de graduation.&nbsp; Aller au bal de graduation avec style est toujours abordable.&nbsp;&nbsp; Nous avons un vaste choix de limousines et de voitures classiques pour tous les types de budget. Nous pouvons commencer par conduire nos invit\u00e9s \u00e0 d\u00eener \u00e0 n&#8217;importe quel endroit de votre choix afin qu\u2019ils puissent avoir la soir\u00e9e de leur vie. &nbsp;Vous pouvez louer une limousine pour deux personnes ou plus.&nbsp;&nbsp; Les options que vous sont offertes sont vari\u00e9es&nbsp;:<\/p>\n<ul>\n<li><strong>Limousines de luxe.<\/strong> Nous avons la plus grande vari\u00e9t\u00e9 de limousines. Toute personne peut trouver une limousine qui correspond \u00e0 sa personnalit\u00e9 et son style. Nous disposons de la plus grande flotte de v\u00e9hicule pour tous les budgets. Donc oui &#8230; vous pouvez aussi obtenir une limousine pour le bal! Sans oublier que si vous d\u00e9sirez d\u00e9corer votre limousine, vous pouvez. Les options sont infinies quand vous nous choisissez! Qu&#8217;attendez-vous &#8230; planifiez votre location aujourd&#8217;hui!<\/li>\n<\/ul>\n<ul>\n<li><strong>Traitement Royal.<\/strong> Tous ceux qui font appel \u00e0 nos services re\u00e7oivent un traitement royal! Nous voulons que votre soir\u00e9e soit des plus m\u00e9morables et elle le sera si vous planifiez votre location avec nous. Pourquoi ne pas vous pr\u00e9senter au bal comme si vous \u00e9tiez d\u00e9j\u00e0 des rois et des reines&nbsp;? R\u00e9servez votre location aujourd&#8217;hui&nbsp;!<strong><br \/>\n<\/strong><\/li>\n<\/ul>\n<ul>\n<li><strong>La meilleure ballade.<\/strong> Nos chauffeurs savent comment donner la meilleure exp\u00e9rience \u00e0 bord de leurs limousines. Chaque jeune adulte veut suspendre la t\u00eate du toit ouvrant et profiter de leur voyage autant et aussi longtemps que possible. Vous pouvez choisir parmi notre s\u00e9lection de forfait ou nous pouvons cr\u00e9er un forfait sp\u00e9cifique \u00e0 vos besoins et d\u00e9sirs.<\/li>\n<\/ul>\n<p>Chez Luxury Montr\u00e9al limousine, nous sommes une entreprise de service de limousine fiable qui r\u00e9pond \u00e0 vos besoins et d\u00e9sirs.&nbsp; Nous allons faire en sorte que tous les invit\u00e9s passent une soir\u00e9e amusante.&nbsp; Vous &nbsp;serez en s\u00e9curit\u00e9 pour vous rendre \u00e0 votre bal de graduation.<\/p>\n<p>Nous allons toujours vous traiter comme la royaut\u00e9 et vous vous sentirez comme des rois et des reines \u00e0 bord de nos limousines.<\/p>\n<p>Du d\u00e9but \u00e0 la fin, nous vous aiderons \u00e0 planifier votre soir\u00e9e de bal et \u00e0 r\u00e9pondre \u00e0 tous vos d\u00e9sirs.&nbsp; Nous avons des prix abordables r\u00e9pondant \u00e0 votre budget.&nbsp;&nbsp; Lorsque vous faites appel \u00e0 nous, vous allez vouloir revenir nous voir pour une <a href=\"http:\/\/montreallimo.net\/fr\/limousines-pour-mariage\/\">limousine <\/a>de location. Nous sommes fiers d&#8217;\u00eatre fiable et vous aurez une soir\u00e9e m\u00e9morable. Vous pouvez nous appeler aujourd&#8217;hui ou remplir le formulaire qui se trouve \u00e0 droite de la page pour prendre rendez-vous aujourd&#8217;hui<\/p>\n<h2 class=\"limoking-heading-shortcode \"  style=\"font-size: 30px;\" >Suivez les conseils pour votre location de limousine pour votre graduation<\/h2>\n<p>Travailler pendant l\u2019\u00e9t\u00e9. Vous savez \u00e0 quel moment sera votre bal de graduation.&nbsp; C\u2019est s\u00fbrement un moment que vous attendiez avec impatience depuis le secondaire.&nbsp;&nbsp; Alors, l&#8217;\u00e9t\u00e9 qui pr\u00e9c\u00e8dent votre bal de graduation obtenez un emploi et \u00e9conomisez des sous pour cette grande f\u00eate. De cette fa\u00e7on, vous pouvez avoir exactement ce que vous voulez- la robe parfaite, les chaussures, le sac \u00e0 main, l\u2019habit chic, le corsage et une promenade \u00e9l\u00e9gante.<\/p>\n<p>Vous voulez un Cadillac Escalade, mais votre ami d\u00e9sir un Lincoln Navigator. &nbsp;Quel sera votre choix? S&#8217;il y a un groupe, la mani\u00e8re d\u00e9mocratique est de voter ou le choix reviendra \u00e0 la personne qui contribuera le plus.<\/p>\n<p>Peu importe ce que vous choisissez, si vous louez une limousine pour la soir\u00e9e de bal, vous arriver \u00e0 votre bal avec style&nbsp;!<\/p>\n<h2 class=\"limoking-heading-shortcode \"  style=\"font-size: 30px;\" >Pourquoi choisir nos limousines?<\/h2>\n<div id=\"toggle1\">Dans plusieurs cas, le style de v\u00e9hicule que vous louez sera en fonction de ce qui est disponible, de nombre de personne invit\u00e9s,&nbsp; du prix et du moment de votre r\u00e9servation.<\/div>\n<div><\/div>\n<div>Former un groupe.&nbsp;&nbsp; Une des meilleures fa\u00e7ons de pouvoir s\u2019offrir une limousine pour graduation est de diviser les co\u00fbts.&nbsp; Et non pas pour rien, c&#8217;est aussi tr\u00e8s amusant.<\/div>\n","protected":false},"excerpt":{"rendered":"<p>Il y a quelques occasions plus excitantes dans la vie d&#8217;un jeune adulte que la soir\u00e9e de bal de graduation. C&#8217;est une soir\u00e9e dont vous r\u00eaver et vous planifier pendant des mois. C\u00e9l\u00e9brez votre bal de graduation dans une limousine avec nous! Maintenant que vous \u00eates tous chics, rien ne pourrait \u00eatre plus appropri\u00e9 que&#8230; <\/p>\n<div class=\"clear\"><\/div>\n<p><a href=\"https:\/\/montreallimo.net\/fr\/prom-limousine-montreal\/\" class=\"limoking-button large excerpt-read-more\">Read More<\/a><\/p>\n","protected":false},"author":1,"featured_media":0,"parent":0,"menu_order":0,"comment_status":"closed","ping_status":"closed","template":"","meta":{"footnotes":""},"class_list":["post-205","page","type-page","status-publish","hentry"],"yoast_head":"<!-- This site is optimized with the Yoast SEO plugin v26.9 - https:\/\/yoast.com\/product\/yoast-seo-wordpress\/ -->\n<title>Prom Limousine - Luxury Limousine Montreal | 514-700-3634<\/title>\n<meta name=\"robots\" content=\"index, follow, max-snippet:-1, max-image-preview:large, max-video-preview:-1\" \/>\n<link rel=\"canonical\" href=\"https:\/\/montreallimo.net\/fr\/prom-limousine-montreal\/\" \/>\n<meta property=\"og:locale\" content=\"en_US\" \/>\n<meta property=\"og:type\" content=\"article\" \/>\n<meta property=\"og:title\" content=\"Prom Limousine - Luxury Limousine Montreal | 514-700-3634\" \/>\n<meta property=\"og:description\" content=\"Il y a quelques occasions plus excitantes dans la vie d&#8217;un jeune adulte que la soir\u00e9e de bal de graduation. C&#8217;est une soir\u00e9e dont vous r\u00eaver et vous planifier pendant des mois. C\u00e9l\u00e9brez votre bal de graduation dans une limousine avec nous! Maintenant que vous \u00eates tous chics, rien ne pourrait \u00eatre plus appropri\u00e9 que... Read More\" \/>\n<meta property=\"og:url\" content=\"https:\/\/montreallimo.net\/fr\/prom-limousine-montreal\/\" \/>\n<meta property=\"og:site_name\" content=\"Luxury Limousine Montreal | 514-700-3634\" \/>\n<meta property=\"article:publisher\" content=\"https:\/\/www.facebook.com\/luxurylimousinemontreal\/\" \/>\n<meta property=\"article:modified_time\" content=\"2019-01-22T21:59:13+00:00\" \/>\n<meta property=\"og:image\" content=\"http:\/\/montreallimo.net\/fr\/wp-content\/uploads\/2013\/12\/airport-limo-montreal.jpg\" \/>\n<meta name=\"twitter:card\" content=\"summary_large_image\" \/>\n<meta name=\"twitter:site\" content=\"@limosmontreal\" \/>\n<meta name=\"twitter:label1\" content=\"Est. reading time\" \/>\n\t<meta name=\"twitter:data1\" content=\"5 minutes\" \/>\n<script type=\"application\/ld+json\" class=\"yoast-schema-graph\">{\"@context\":\"https:\/\/schema.org\",\"@graph\":[{\"@type\":\"WebPage\",\"@id\":\"https:\/\/montreallimo.net\/fr\/prom-limousine-montreal\/\",\"url\":\"https:\/\/montreallimo.net\/fr\/prom-limousine-montreal\/\",\"name\":\"Prom Limousine - Luxury Limousine Montreal | 514-700-3634\",\"isPartOf\":{\"@id\":\"https:\/\/montreallimo.net\/fr\/#website\"},\"primaryImageOfPage\":{\"@id\":\"https:\/\/montreallimo.net\/fr\/prom-limousine-montreal\/#primaryimage\"},\"image\":{\"@id\":\"https:\/\/montreallimo.net\/fr\/prom-limousine-montreal\/#primaryimage\"},\"thumbnailUrl\":\"http:\/\/montreallimo.net\/fr\/wp-content\/uploads\/2013\/12\/airport-limo-montreal.jpg\",\"datePublished\":\"2016-05-13T16:33:16+00:00\",\"dateModified\":\"2019-01-22T21:59:13+00:00\",\"breadcrumb\":{\"@id\":\"https:\/\/montreallimo.net\/fr\/prom-limousine-montreal\/#breadcrumb\"},\"inLanguage\":\"en\",\"potentialAction\":[{\"@type\":\"ReadAction\",\"target\":[\"https:\/\/montreallimo.net\/fr\/prom-limousine-montreal\/\"]}]},{\"@type\":\"ImageObject\",\"inLanguage\":\"en\",\"@id\":\"https:\/\/montreallimo.net\/fr\/prom-limousine-montreal\/#primaryimage\",\"url\":\"http:\/\/montreallimo.net\/fr\/wp-content\/uploads\/2013\/12\/airport-limo-montreal.jpg\",\"contentUrl\":\"http:\/\/montreallimo.net\/fr\/wp-content\/uploads\/2013\/12\/airport-limo-montreal.jpg\"},{\"@type\":\"BreadcrumbList\",\"@id\":\"https:\/\/montreallimo.net\/fr\/prom-limousine-montreal\/#breadcrumb\",\"itemListElement\":[{\"@type\":\"ListItem\",\"position\":1,\"name\":\"Home\",\"item\":\"https:\/\/montreallimo.net\/fr\/\"},{\"@type\":\"ListItem\",\"position\":2,\"name\":\"Prom Limousine\"}]},{\"@type\":\"WebSite\",\"@id\":\"https:\/\/montreallimo.net\/fr\/#website\",\"url\":\"https:\/\/montreallimo.net\/fr\/\",\"name\":\"Luxury Limousine Montreal\",\"description\":\"#1 Location de Limousine &Agrave; Montr&eacute;al, Quebec\",\"publisher\":{\"@id\":\"https:\/\/montreallimo.net\/fr\/#organization\"},\"potentialAction\":[{\"@type\":\"SearchAction\",\"target\":{\"@type\":\"EntryPoint\",\"urlTemplate\":\"https:\/\/montreallimo.net\/fr\/?s={search_term_string}\"},\"query-input\":{\"@type\":\"PropertyValueSpecification\",\"valueRequired\":true,\"valueName\":\"search_term_string\"}}],\"inLanguage\":\"en\"},{\"@type\":\"Organization\",\"@id\":\"https:\/\/montreallimo.net\/fr\/#organization\",\"name\":\"Luxury Limousine Montreal\",\"url\":\"https:\/\/montreallimo.net\/fr\/\",\"logo\":{\"@type\":\"ImageObject\",\"inLanguage\":\"en\",\"@id\":\"https:\/\/montreallimo.net\/fr\/#\/schema\/logo\/image\/\",\"url\":\"https:\/\/montreallimo.net\/fr\/wp-content\/uploads\/2016\/05\/montreal-limousine-logo-image.png\",\"contentUrl\":\"https:\/\/montreallimo.net\/fr\/wp-content\/uploads\/2016\/05\/montreal-limousine-logo-image.png\",\"width\":300,\"height\":100,\"caption\":\"Luxury Limousine Montreal\"},\"image\":{\"@id\":\"https:\/\/montreallimo.net\/fr\/#\/schema\/logo\/image\/\"},\"sameAs\":[\"https:\/\/www.facebook.com\/luxurylimousinemontreal\/\",\"https:\/\/x.com\/limosmontreal\",\"https:\/\/www.pinterest.ca\/limousinemontre\/\",\"https:\/\/www.youtube.com\/channel\/UCSHiyAM5iCdYFo0U4zeMPtQ\"]}]}<\/script>\n<!-- \/ Yoast SEO plugin. -->","yoast_head_json":{"title":"Prom Limousine - Luxury Limousine Montreal | 514-700-3634","robots":{"index":"index","follow":"follow","max-snippet":"max-snippet:-1","max-image-preview":"max-image-preview:large","max-video-preview":"max-video-preview:-1"},"canonical":"https:\/\/montreallimo.net\/fr\/prom-limousine-montreal\/","og_locale":"en_US","og_type":"article","og_title":"Prom Limousine - Luxury Limousine Montreal | 514-700-3634","og_description":"Il y a quelques occasions plus excitantes dans la vie d&#8217;un jeune adulte que la soir\u00e9e de bal de graduation. C&#8217;est une soir\u00e9e dont vous r\u00eaver et vous planifier pendant des mois. C\u00e9l\u00e9brez votre bal de graduation dans une limousine avec nous! Maintenant que vous \u00eates tous chics, rien ne pourrait \u00eatre plus appropri\u00e9 que... Read More","og_url":"https:\/\/montreallimo.net\/fr\/prom-limousine-montreal\/","og_site_name":"Luxury Limousine Montreal | 514-700-3634","article_publisher":"https:\/\/www.facebook.com\/luxurylimousinemontreal\/","article_modified_time":"2019-01-22T21:59:13+00:00","og_image":[{"url":"http:\/\/montreallimo.net\/fr\/wp-content\/uploads\/2013\/12\/airport-limo-montreal.jpg","type":"","width":"","height":""}],"twitter_card":"summary_large_image","twitter_site":"@limosmontreal","twitter_misc":{"Est. reading time":"5 minutes"},"schema":{"@context":"https:\/\/schema.org","@graph":[{"@type":"WebPage","@id":"https:\/\/montreallimo.net\/fr\/prom-limousine-montreal\/","url":"https:\/\/montreallimo.net\/fr\/prom-limousine-montreal\/","name":"Prom Limousine - Luxury Limousine Montreal | 514-700-3634","isPartOf":{"@id":"https:\/\/montreallimo.net\/fr\/#website"},"primaryImageOfPage":{"@id":"https:\/\/montreallimo.net\/fr\/prom-limousine-montreal\/#primaryimage"},"image":{"@id":"https:\/\/montreallimo.net\/fr\/prom-limousine-montreal\/#primaryimage"},"thumbnailUrl":"http:\/\/montreallimo.net\/fr\/wp-content\/uploads\/2013\/12\/airport-limo-montreal.jpg","datePublished":"2016-05-13T16:33:16+00:00","dateModified":"2019-01-22T21:59:13+00:00","breadcrumb":{"@id":"https:\/\/montreallimo.net\/fr\/prom-limousine-montreal\/#breadcrumb"},"inLanguage":"en","potentialAction":[{"@type":"ReadAction","target":["https:\/\/montreallimo.net\/fr\/prom-limousine-montreal\/"]}]},{"@type":"ImageObject","inLanguage":"en","@id":"https:\/\/montreallimo.net\/fr\/prom-limousine-montreal\/#primaryimage","url":"http:\/\/montreallimo.net\/fr\/wp-content\/uploads\/2013\/12\/airport-limo-montreal.jpg","contentUrl":"http:\/\/montreallimo.net\/fr\/wp-content\/uploads\/2013\/12\/airport-limo-montreal.jpg"},{"@type":"BreadcrumbList","@id":"https:\/\/montreallimo.net\/fr\/prom-limousine-montreal\/#breadcrumb","itemListElement":[{"@type":"ListItem","position":1,"name":"Home","item":"https:\/\/montreallimo.net\/fr\/"},{"@type":"ListItem","position":2,"name":"Prom Limousine"}]},{"@type":"WebSite","@id":"https:\/\/montreallimo.net\/fr\/#website","url":"https:\/\/montreallimo.net\/fr\/","name":"Luxury Limousine Montreal","description":"#1 Location de Limousine &Agrave; Montr&eacute;al, Quebec","publisher":{"@id":"https:\/\/montreallimo.net\/fr\/#organization"},"potentialAction":[{"@type":"SearchAction","target":{"@type":"EntryPoint","urlTemplate":"https:\/\/montreallimo.net\/fr\/?s={search_term_string}"},"query-input":{"@type":"PropertyValueSpecification","valueRequired":true,"valueName":"search_term_string"}}],"inLanguage":"en"},{"@type":"Organization","@id":"https:\/\/montreallimo.net\/fr\/#organization","name":"Luxury Limousine Montreal","url":"https:\/\/montreallimo.net\/fr\/","logo":{"@type":"ImageObject","inLanguage":"en","@id":"https:\/\/montreallimo.net\/fr\/#\/schema\/logo\/image\/","url":"https:\/\/montreallimo.net\/fr\/wp-content\/uploads\/2016\/05\/montreal-limousine-logo-image.png","contentUrl":"https:\/\/montreallimo.net\/fr\/wp-content\/uploads\/2016\/05\/montreal-limousine-logo-image.png","width":300,"height":100,"caption":"Luxury Limousine Montreal"},"image":{"@id":"https:\/\/montreallimo.net\/fr\/#\/schema\/logo\/image\/"},"sameAs":["https:\/\/www.facebook.com\/luxurylimousinemontreal\/","https:\/\/x.com\/limosmontreal","https:\/\/www.pinterest.ca\/limousinemontre\/","https:\/\/www.youtube.com\/channel\/UCSHiyAM5iCdYFo0U4zeMPtQ"]}]}},"_links":{"self":[{"href":"https:\/\/montreallimo.net\/fr\/wp-json\/wp\/v2\/pages\/205","targetHints":{"allow":["GET"]}}],"collection":[{"href":"https:\/\/montreallimo.net\/fr\/wp-json\/wp\/v2\/pages"}],"about":[{"href":"https:\/\/montreallimo.net\/fr\/wp-json\/wp\/v2\/types\/page"}],"author":[{"embeddable":true,"href":"https:\/\/montreallimo.net\/fr\/wp-json\/wp\/v2\/users\/1"}],"replies":[{"embeddable":true,"href":"https:\/\/montreallimo.net\/fr\/wp-json\/wp\/v2\/comments?post=205"}],"version-history":[{"count":10,"href":"https:\/\/montreallimo.net\/fr\/wp-json\/wp\/v2\/pages\/205\/revisions"}],"predecessor-version":[{"id":7010,"href":"https:\/\/montreallimo.net\/fr\/wp-json\/wp\/v2\/pages\/205\/revisions\/7010"}],"wp:attachment":[{"href":"https:\/\/montreallimo.net\/fr\/wp-json\/wp\/v2\/media?parent=205"}],"curies":[{"name":"wp","href":"https:\/\/api.w.org\/{rel}","templated":true}]}}