{"id":203,"date":"2016-05-13T16:32:51","date_gmt":"2016-05-13T16:32:51","guid":{"rendered":"http:\/\/montreallimo.net\/fr\/?page_id=203"},"modified":"2019-01-22T21:52:22","modified_gmt":"2019-01-22T21:52:22","slug":"service-limousine-daeroport","status":"publish","type":"page","link":"https:\/\/montreallimo.net\/fr\/service-limousine-daeroport\/","title":{"rendered":"Limousine \u00e0 l\u2019a\u00e9roport"},"content":{"rendered":"<h1>\n<h2 class=\"limoking-heading-shortcode with-background \"  style=\"color: #ffffff;background-color: #91d549;font-size: 30px;\" >R\u00e9servez une limousine \u00e0 l\u2019a\u00e9roport, sans souci!<\/h2>\n<\/h1>\n<p><a href=\"http:\/\/montreallimo.net\/fr\/wp-content\/uploads\/2014\/01\/s1.png\"><img loading=\"lazy\" decoding=\"async\" class=\"alignnone size-full wp-image-36\" src=\"http:\/\/montreallimo.net\/fr\/wp-content\/uploads\/2014\/01\/s1.png\" alt=\"Airport limo montreal\" width=\"700\" height=\"430\" srcset=\"https:\/\/montreallimo.net\/fr\/wp-content\/uploads\/2014\/01\/s1.png 700w, https:\/\/montreallimo.net\/fr\/wp-content\/uploads\/2014\/01\/s1-300x184.png 300w\" sizes=\"auto, (max-width: 700px) 100vw, 700px\" \/><\/a><\/p>\n<p>Utiliser notre service de limousine de classe sup\u00e9rieure pour vos d\u00e9placements \u00e0 l\u2019a\u00e9roport en toute tranquillit\u00e9 et avec style.<\/p>\n<p>R\u00e9server votre limousine pour vos d\u00e9placements \u00e0 l\u2019a\u00e9roport avec nous et nous vous garantissons que votre balade sera confortable avant votre d\u00e9part et lors de votre arriv\u00e9e.&nbsp;&nbsp; Aucun autre type de services de transport ne peut vous offrir ce&nbsp; luxe. Nous sommes fiers de toujours \u00eatre \u00e0 l&#8217;heure et r\u00e9pondre \u00e0 vos besoins. M\u00eame s&#8217;il y a un d\u00e9lai de vol, nous serons pr\u00eats \u00e0 vous conduire lors de votre d\u00e9part et lors de votre arriv\u00e9e de votre s\u00e9jour.<\/p>\n<p>Nous allons toujours vous conduire l\u00e0 ou vous d\u00e9sirez et ce peu importe la distance \u00e0 parcourir. Nous sommes toujours disponibles \u00e0 toute heure du jour ou de la nuit pour vous conduire \u00e0 bord de nos limousines.<\/p>\n<h3 class=\"limoking-heading-shortcode \"  style=\"font-size: 18px;\" ><strong>R\u00e9servez votre limousine lors de vos d\u00e9placements \u00e0 l\u2019a\u00e9roport en toute tranquillit\u00e9 et sans souci<\/strong><\/h3>\n<p>Voici la liste des services offerts lors de vos d\u00e9placements \u00e0 l\u2019a\u00e9roport&nbsp;:<\/p>\n<ol>\n<li><em>Limousines de qualit\u00e9 num\u00e9ro un.<\/em> Nous avons les meilleures limousines et garantissons non seulement votre confort, mais l&#8217;assurance d&#8217;\u00eatre l\u00e0 o\u00f9 vous devez \u00eatre lorsque vous devez l&#8217;\u00eatre. Vous pouvez toujours compter sur nous pour vos besoins de transport. Nous travaillons dur pour vous satisfaire et que vous soyez \u00e0 l&#8217;heure est tr\u00e8s important pour nous. &nbsp;Nous sommes disponible le jour et en soir\u00e9e pour vous.<\/li>\n<li><em>Lorsque vous avez besoin de nous, nous sommes toujours l\u00e0 pour vous.<\/em> Notre personnel&nbsp; s\u2019efforce d\u2019\u00eatre attentionn\u00e9 \u00e0 vos besoins. Nous accueillons toujours nos invit\u00e9s avec le sourire et la porte ouverte. D\u00e8s l&#8217;instant o\u00f9 vous arriver, nous vous aiderons avec vos bagages &#8230; m\u00eame si cela signifie vous attendre \u00e0 l&#8217;a\u00e9roport lors de&nbsp; votre arriv\u00e9e.<\/li>\n<li><em>Observation de vol. Un vol retard\u00e9 peut \u00eatre stressant!<\/em> Nous vous aidons \u00e0 vous enlever se stress en v\u00e9rifiant votre heure de d\u00e9part pr\u00e9vu. Cela vous assurera d&#8217;\u00eatre \u00e0 l&#8217;heure et vous \u00e9vitera des attentes inutiles.<\/li>\n<li><em>Horaire fiable et facile.<\/em>&nbsp; Il est simple et rapide de r\u00e9servez vos limousines de transport de l&#8217;a\u00e9roport avec nous. Tout ce que vous avez \u00e0 faire est de remplir le formulaire \u00e0 droite de l&#8217;\u00e9cran ou de nous t\u00e9l\u00e9phoner. De l\u00e0, nous nous occuperons de vos besoins de service de limousine d&#8217;a\u00e9roport souhait\u00e9s.<\/li>\n<\/ol>\n<p><strong>N&#8217;attendez pas quand vous avez besoin de transport en appelant un taxi!<\/strong> Nous r\u00e9pondons toujours \u00e0 vos besoins lorsque vous avez besoin de transport vers et depuis l&#8217;a\u00e9roport. Nous sommes toujours \u00e0 l&#8217;heure et le confort de nos v\u00e9hicules, conjugu\u00e9 \u00e0 la convivialit\u00e9 de notre \u00e9quipe, fait de ce vol stressant une r\u00e9flexion. Nos services de limousine Montr\u00e9al de l&#8217;a\u00e9roport mettent toujours les clients en premier. Alors appelez-nous aujourd&#8217;hui afin que vous aussi vous puissiez vous d\u00e9tendre et profiter de cette balade.<\/p>\n<p>Est-ce que vous devez vous rendre \u00e0 l&#8217;a\u00e9roport tout de suite? Avez-vous eu \u00e0 r\u00e9server un vol de derni\u00e8re minute?&nbsp; N&#8217;oubliez pas que nos services de limousine de l&#8217;a\u00e9roport sont disponible 24 heures sur 24, 7 jours par semaine!<\/p>\n<p>&nbsp;<\/p>\n<p>&nbsp;<\/p>\n","protected":false},"excerpt":{"rendered":"<p>Utiliser notre service de limousine de classe sup\u00e9rieure pour vos d\u00e9placements \u00e0 l\u2019a\u00e9roport en toute tranquillit\u00e9 et avec style. R\u00e9server votre limousine pour vos d\u00e9placements \u00e0 l\u2019a\u00e9roport avec nous et nous vous garantissons que votre balade sera confortable avant votre d\u00e9part et lors de votre arriv\u00e9e.&nbsp;&nbsp; Aucun autre type de services de transport ne peut&#8230; <\/p>\n<div class=\"clear\"><\/div>\n<p><a href=\"https:\/\/montreallimo.net\/fr\/service-limousine-daeroport\/\" class=\"limoking-button large excerpt-read-more\">Read More<\/a><\/p>\n","protected":false},"author":1,"featured_media":0,"parent":0,"menu_order":0,"comment_status":"closed","ping_status":"closed","template":"","meta":{"footnotes":""},"class_list":["post-203","page","type-page","status-publish","hentry"],"yoast_head":"<!-- This site is optimized with the Yoast SEO plugin v26.9 - https:\/\/yoast.com\/product\/yoast-seo-wordpress\/ -->\n<title>Limousine \u00e0 l\u2019a\u00e9roport - Luxury Limousine Montreal | 514-700-3634<\/title>\n<meta name=\"robots\" content=\"index, follow, max-snippet:-1, max-image-preview:large, max-video-preview:-1\" \/>\n<link rel=\"canonical\" href=\"https:\/\/montreallimo.net\/fr\/service-limousine-daeroport\/\" \/>\n<meta property=\"og:locale\" content=\"en_US\" \/>\n<meta property=\"og:type\" content=\"article\" \/>\n<meta property=\"og:title\" content=\"Limousine \u00e0 l\u2019a\u00e9roport - Luxury Limousine Montreal | 514-700-3634\" \/>\n<meta property=\"og:description\" content=\"Utiliser notre service de limousine de classe sup\u00e9rieure pour vos d\u00e9placements \u00e0 l\u2019a\u00e9roport en toute tranquillit\u00e9 et avec style. R\u00e9server votre limousine pour vos d\u00e9placements \u00e0 l\u2019a\u00e9roport avec nous et nous vous garantissons que votre balade sera confortable avant votre d\u00e9part et lors de votre arriv\u00e9e.&nbsp;&nbsp; Aucun autre type de services de transport ne peut... Read More\" \/>\n<meta property=\"og:url\" content=\"https:\/\/montreallimo.net\/fr\/service-limousine-daeroport\/\" \/>\n<meta property=\"og:site_name\" content=\"Luxury Limousine Montreal | 514-700-3634\" \/>\n<meta property=\"article:publisher\" content=\"https:\/\/www.facebook.com\/luxurylimousinemontreal\/\" \/>\n<meta property=\"article:modified_time\" content=\"2019-01-22T21:52:22+00:00\" \/>\n<meta property=\"og:image\" content=\"http:\/\/montreallimo.net\/fr\/wp-content\/uploads\/2014\/01\/s1.png\" \/>\n<meta name=\"twitter:card\" content=\"summary_large_image\" \/>\n<meta name=\"twitter:site\" content=\"@limosmontreal\" \/>\n<meta name=\"twitter:label1\" content=\"Est. reading time\" \/>\n\t<meta name=\"twitter:data1\" content=\"3 minutes\" \/>\n<script type=\"application\/ld+json\" class=\"yoast-schema-graph\">{\"@context\":\"https:\/\/schema.org\",\"@graph\":[{\"@type\":\"WebPage\",\"@id\":\"https:\/\/montreallimo.net\/fr\/service-limousine-daeroport\/\",\"url\":\"https:\/\/montreallimo.net\/fr\/service-limousine-daeroport\/\",\"name\":\"Limousine \u00e0 l\u2019a\u00e9roport - Luxury Limousine Montreal | 514-700-3634\",\"isPartOf\":{\"@id\":\"https:\/\/montreallimo.net\/fr\/#website\"},\"primaryImageOfPage\":{\"@id\":\"https:\/\/montreallimo.net\/fr\/service-limousine-daeroport\/#primaryimage\"},\"image\":{\"@id\":\"https:\/\/montreallimo.net\/fr\/service-limousine-daeroport\/#primaryimage\"},\"thumbnailUrl\":\"http:\/\/montreallimo.net\/fr\/wp-content\/uploads\/2014\/01\/s1.png\",\"datePublished\":\"2016-05-13T16:32:51+00:00\",\"dateModified\":\"2019-01-22T21:52:22+00:00\",\"breadcrumb\":{\"@id\":\"https:\/\/montreallimo.net\/fr\/service-limousine-daeroport\/#breadcrumb\"},\"inLanguage\":\"en\",\"potentialAction\":[{\"@type\":\"ReadAction\",\"target\":[\"https:\/\/montreallimo.net\/fr\/service-limousine-daeroport\/\"]}]},{\"@type\":\"ImageObject\",\"inLanguage\":\"en\",\"@id\":\"https:\/\/montreallimo.net\/fr\/service-limousine-daeroport\/#primaryimage\",\"url\":\"http:\/\/montreallimo.net\/fr\/wp-content\/uploads\/2014\/01\/s1.png\",\"contentUrl\":\"http:\/\/montreallimo.net\/fr\/wp-content\/uploads\/2014\/01\/s1.png\"},{\"@type\":\"BreadcrumbList\",\"@id\":\"https:\/\/montreallimo.net\/fr\/service-limousine-daeroport\/#breadcrumb\",\"itemListElement\":[{\"@type\":\"ListItem\",\"position\":1,\"name\":\"Home\",\"item\":\"https:\/\/montreallimo.net\/fr\/\"},{\"@type\":\"ListItem\",\"position\":2,\"name\":\"Limousine \u00e0 l\u2019a\u00e9roport\"}]},{\"@type\":\"WebSite\",\"@id\":\"https:\/\/montreallimo.net\/fr\/#website\",\"url\":\"https:\/\/montreallimo.net\/fr\/\",\"name\":\"Luxury Limousine Montreal\",\"description\":\"#1 Location de Limousine &Agrave; Montr&eacute;al, Quebec\",\"publisher\":{\"@id\":\"https:\/\/montreallimo.net\/fr\/#organization\"},\"potentialAction\":[{\"@type\":\"SearchAction\",\"target\":{\"@type\":\"EntryPoint\",\"urlTemplate\":\"https:\/\/montreallimo.net\/fr\/?s={search_term_string}\"},\"query-input\":{\"@type\":\"PropertyValueSpecification\",\"valueRequired\":true,\"valueName\":\"search_term_string\"}}],\"inLanguage\":\"en\"},{\"@type\":\"Organization\",\"@id\":\"https:\/\/montreallimo.net\/fr\/#organization\",\"name\":\"Luxury Limousine Montreal\",\"url\":\"https:\/\/montreallimo.net\/fr\/\",\"logo\":{\"@type\":\"ImageObject\",\"inLanguage\":\"en\",\"@id\":\"https:\/\/montreallimo.net\/fr\/#\/schema\/logo\/image\/\",\"url\":\"https:\/\/montreallimo.net\/fr\/wp-content\/uploads\/2016\/05\/montreal-limousine-logo-image.png\",\"contentUrl\":\"https:\/\/montreallimo.net\/fr\/wp-content\/uploads\/2016\/05\/montreal-limousine-logo-image.png\",\"width\":300,\"height\":100,\"caption\":\"Luxury Limousine Montreal\"},\"image\":{\"@id\":\"https:\/\/montreallimo.net\/fr\/#\/schema\/logo\/image\/\"},\"sameAs\":[\"https:\/\/www.facebook.com\/luxurylimousinemontreal\/\",\"https:\/\/x.com\/limosmontreal\",\"https:\/\/www.pinterest.ca\/limousinemontre\/\",\"https:\/\/www.youtube.com\/channel\/UCSHiyAM5iCdYFo0U4zeMPtQ\"]}]}<\/script>\n<!-- \/ Yoast SEO plugin. -->","yoast_head_json":{"title":"Limousine \u00e0 l\u2019a\u00e9roport - Luxury Limousine Montreal | 514-700-3634","robots":{"index":"index","follow":"follow","max-snippet":"max-snippet:-1","max-image-preview":"max-image-preview:large","max-video-preview":"max-video-preview:-1"},"canonical":"https:\/\/montreallimo.net\/fr\/service-limousine-daeroport\/","og_locale":"en_US","og_type":"article","og_title":"Limousine \u00e0 l\u2019a\u00e9roport - Luxury Limousine Montreal | 514-700-3634","og_description":"Utiliser notre service de limousine de classe sup\u00e9rieure pour vos d\u00e9placements \u00e0 l\u2019a\u00e9roport en toute tranquillit\u00e9 et avec style. R\u00e9server votre limousine pour vos d\u00e9placements \u00e0 l\u2019a\u00e9roport avec nous et nous vous garantissons que votre balade sera confortable avant votre d\u00e9part et lors de votre arriv\u00e9e.&nbsp;&nbsp; Aucun autre type de services de transport ne peut... Read More","og_url":"https:\/\/montreallimo.net\/fr\/service-limousine-daeroport\/","og_site_name":"Luxury Limousine Montreal | 514-700-3634","article_publisher":"https:\/\/www.facebook.com\/luxurylimousinemontreal\/","article_modified_time":"2019-01-22T21:52:22+00:00","og_image":[{"url":"http:\/\/montreallimo.net\/fr\/wp-content\/uploads\/2014\/01\/s1.png","type":"","width":"","height":""}],"twitter_card":"summary_large_image","twitter_site":"@limosmontreal","twitter_misc":{"Est. reading time":"3 minutes"},"schema":{"@context":"https:\/\/schema.org","@graph":[{"@type":"WebPage","@id":"https:\/\/montreallimo.net\/fr\/service-limousine-daeroport\/","url":"https:\/\/montreallimo.net\/fr\/service-limousine-daeroport\/","name":"Limousine \u00e0 l\u2019a\u00e9roport - Luxury Limousine Montreal | 514-700-3634","isPartOf":{"@id":"https:\/\/montreallimo.net\/fr\/#website"},"primaryImageOfPage":{"@id":"https:\/\/montreallimo.net\/fr\/service-limousine-daeroport\/#primaryimage"},"image":{"@id":"https:\/\/montreallimo.net\/fr\/service-limousine-daeroport\/#primaryimage"},"thumbnailUrl":"http:\/\/montreallimo.net\/fr\/wp-content\/uploads\/2014\/01\/s1.png","datePublished":"2016-05-13T16:32:51+00:00","dateModified":"2019-01-22T21:52:22+00:00","breadcrumb":{"@id":"https:\/\/montreallimo.net\/fr\/service-limousine-daeroport\/#breadcrumb"},"inLanguage":"en","potentialAction":[{"@type":"ReadAction","target":["https:\/\/montreallimo.net\/fr\/service-limousine-daeroport\/"]}]},{"@type":"ImageObject","inLanguage":"en","@id":"https:\/\/montreallimo.net\/fr\/service-limousine-daeroport\/#primaryimage","url":"http:\/\/montreallimo.net\/fr\/wp-content\/uploads\/2014\/01\/s1.png","contentUrl":"http:\/\/montreallimo.net\/fr\/wp-content\/uploads\/2014\/01\/s1.png"},{"@type":"BreadcrumbList","@id":"https:\/\/montreallimo.net\/fr\/service-limousine-daeroport\/#breadcrumb","itemListElement":[{"@type":"ListItem","position":1,"name":"Home","item":"https:\/\/montreallimo.net\/fr\/"},{"@type":"ListItem","position":2,"name":"Limousine \u00e0 l\u2019a\u00e9roport"}]},{"@type":"WebSite","@id":"https:\/\/montreallimo.net\/fr\/#website","url":"https:\/\/montreallimo.net\/fr\/","name":"Luxury Limousine Montreal","description":"#1 Location de Limousine &Agrave; Montr&eacute;al, Quebec","publisher":{"@id":"https:\/\/montreallimo.net\/fr\/#organization"},"potentialAction":[{"@type":"SearchAction","target":{"@type":"EntryPoint","urlTemplate":"https:\/\/montreallimo.net\/fr\/?s={search_term_string}"},"query-input":{"@type":"PropertyValueSpecification","valueRequired":true,"valueName":"search_term_string"}}],"inLanguage":"en"},{"@type":"Organization","@id":"https:\/\/montreallimo.net\/fr\/#organization","name":"Luxury Limousine Montreal","url":"https:\/\/montreallimo.net\/fr\/","logo":{"@type":"ImageObject","inLanguage":"en","@id":"https:\/\/montreallimo.net\/fr\/#\/schema\/logo\/image\/","url":"https:\/\/montreallimo.net\/fr\/wp-content\/uploads\/2016\/05\/montreal-limousine-logo-image.png","contentUrl":"https:\/\/montreallimo.net\/fr\/wp-content\/uploads\/2016\/05\/montreal-limousine-logo-image.png","width":300,"height":100,"caption":"Luxury Limousine Montreal"},"image":{"@id":"https:\/\/montreallimo.net\/fr\/#\/schema\/logo\/image\/"},"sameAs":["https:\/\/www.facebook.com\/luxurylimousinemontreal\/","https:\/\/x.com\/limosmontreal","https:\/\/www.pinterest.ca\/limousinemontre\/","https:\/\/www.youtube.com\/channel\/UCSHiyAM5iCdYFo0U4zeMPtQ"]}]}},"_links":{"self":[{"href":"https:\/\/montreallimo.net\/fr\/wp-json\/wp\/v2\/pages\/203","targetHints":{"allow":["GET"]}}],"collection":[{"href":"https:\/\/montreallimo.net\/fr\/wp-json\/wp\/v2\/pages"}],"about":[{"href":"https:\/\/montreallimo.net\/fr\/wp-json\/wp\/v2\/types\/page"}],"author":[{"embeddable":true,"href":"https:\/\/montreallimo.net\/fr\/wp-json\/wp\/v2\/users\/1"}],"replies":[{"embeddable":true,"href":"https:\/\/montreallimo.net\/fr\/wp-json\/wp\/v2\/comments?post=203"}],"version-history":[{"count":9,"href":"https:\/\/montreallimo.net\/fr\/wp-json\/wp\/v2\/pages\/203\/revisions"}],"predecessor-version":[{"id":7005,"href":"https:\/\/montreallimo.net\/fr\/wp-json\/wp\/v2\/pages\/203\/revisions\/7005"}],"wp:attachment":[{"href":"https:\/\/montreallimo.net\/fr\/wp-json\/wp\/v2\/media?parent=203"}],"curies":[{"name":"wp","href":"https:\/\/api.w.org\/{rel}","templated":true}]}}