{"id":201,"date":"2016-05-13T16:32:12","date_gmt":"2016-05-13T16:32:12","guid":{"rendered":"http:\/\/montreallimo.net\/fr\/?page_id=201"},"modified":"2019-01-22T21:53:12","modified_gmt":"2019-01-22T21:53:12","slug":"montreal-limo-party-bus","status":"publish","type":"page","link":"https:\/\/montreallimo.net\/fr\/limo-party-bus\/","title":{"rendered":"Limo Bus \/ Party Bus"},"content":{"rendered":"<h2>\n<h2 class=\"limoking-heading-shortcode with-background \"  style=\"color: #ffffff;background-color: #91d549;font-size: 30px;\" >Party Bus de f\u00eate: Que pensez-vous?<\/h2>\n<p><img loading=\"lazy\" decoding=\"async\" class=\"aligncenter wp-image-6313 size-full\" title=\"20 passenger party bus\" src=\"http:\/\/montreallimo.net\/fr\/wp-content\/uploads\/2013\/12\/party-bus-montreal.jpg\" alt=\"20 passenger party limo bus\" width=\"578\" height=\"246\" srcset=\"https:\/\/montreallimo.net\/fr\/wp-content\/uploads\/2013\/12\/party-bus-montreal.jpg 578w, https:\/\/montreallimo.net\/fr\/wp-content\/uploads\/2013\/12\/party-bus-montreal-300x128.jpg 300w\" sizes=\"auto, (max-width: 578px) 100vw, 578px\" \/><\/h2>\n<p>Les mariages sont peut-\u00eatre l&#8217;occasion ultime pour engager un Party bus et Limo bus. Chez Luxury Limousine Montr\u00e9al, nous proposons des forfaits distincts pour location de limousine pour mariage. Ils comprennent, sans s&#8217;y limiter, le service de tapis rouge, une enseigne pour la voiture, les fleurs, le champagne rafra\u00eechi, un chauffeur en habit, et plus encore.&nbsp;Avec tous ceux qui sont habill\u00e9s dans leur tenue formelle, un autobus de limousine de Montr\u00e9al est une fa\u00e7on luxueuse de s&#8217;assurer que chaque invit\u00e9 arrive \u00e0 l&#8217;heure et pr\u00eat \u00e0 c\u00e9l\u00e9brer cette journ\u00e9e. Vos invit\u00e9s appr\u00e9cieront cette touche sp\u00e9ciale.<\/p>\n<p>Avec un limo bus de f\u00eate, tout le monde sera ensemble!<\/p>\n<p>Les bus de f\u00eate sont parfaits pour les sorties de groupe. Ils vous permettent de vous amuser en style. Apr\u00e8s tout, pourquoi attendre d\u2019arriver \u00e0 destination pour que le plaisir commence.<\/p>\n<p>Chez nous, nos bus de limousine sont tr\u00e8s bien \u00e9quip\u00e9s et tr\u00e8s confortables. Nous proposons une large s\u00e9lection de v\u00e9hicules \u00e0 partir desquels choisir &#8211; 24 heures par jour, 7 jours par semaine, tous les jours de l&#8217;ann\u00e9e.<\/p>\n<p>Donc, que vous vous rendiez dans les Laurentides ou simplement pour une petite escapade d\u2019une journ\u00e9e,&nbsp; nous pouvons vous proposer le plus r\u00e9cent et confortable mod\u00e8le de limo bus de limousine montr\u00e9alais pour vous et vos invit\u00e9s.&nbsp;La location d&#8217;un <a href=\"http:\/\/montreallimo.net\/fr\/limousine-pour-mariage\/\">Party bus<\/a>, vous \u00e9vitera tous ces probl\u00e8mes. Il sera en mesure de vous conduire d\u2019une destination \u00e0 une autre en toute tranquillit\u00e9.<\/p>\n<h2 class=\"limoking-heading-shortcode \"  style=\"font-size: 30px;\" >Un bus pour toutes les occasions<\/h2>\n<div id=\"toggle1\">En outre, \u00eatre dans un limo party bus a pour but de rassembler les gens, offre un endroit pour mettre les cadeaux achet\u00e9s et vous permet \u00e0 vous et \u00e0 vos invit\u00e9s de pouvoir d\u00e9couvrir beaucoup plus que par d\u2019autres moyens de transport.&nbsp;Gr\u00e2ce \u00e0 nos soci\u00e9t\u00e9s affili\u00e9es, nous pouvons offrir un transport de premi\u00e8re classe partout au Canada et aux \u00c9tats-Unis.<\/p>\n<h2 class=\"limoking-heading-shortcode \"  style=\"font-size: 30px;\" >Vous pouvez aussi louer une Limo Bus pour votre graduation<\/h2>\n<\/div>\n<p>Graduation&nbsp;: soir\u00e9e de graduation signifie c\u00e9l\u00e9bration. La location d&#8217;un autobus de limousine de Montr\u00e9al vous garantit que vous et vos amis arrivent \u00e0 destination en toute s\u00e9curit\u00e9 et en style.de mani\u00e8re s\u00e9curis\u00e9e et de style.<\/p>\n<p>Tous nos chauffeurs sont professionnels et bien habill\u00e9s. Ils vous conduisent \u00e0 destination en toute s\u00e9curit\u00e9 et vous offrent un excellent service \u00e0 la client\u00e8le.<\/p>\n<p>Voyages scolaires: les party bus de limousine sont parfaits pour les voyages scolaires. Si votre \u00e9cole pr\u00e9voit une sortie pour ses \u00e9tudiants au mus\u00e9e, au parc, \u00e9v\u00e9nement sportif et autre faire appel \u00e0 limousine est l&#8217;option de transport parfaite.<\/p>\n<p>Voyages de camping: Montr\u00e9al est entour\u00e9 par les plus beaux d\u00e9serts de la terre, comme en t\u00e9moignent les montagnes des Laurentides. Si vous et votre groupe planifiez un voyage pour explorer la nature sauvage, nos party bus de limousine sont \u00e9quip\u00e9s pour vous y amener.<\/p>\n<p>Excursions d&#8217;une journ\u00e9e: en parlant de sorties d&#8217;une journ\u00e9e, la location d&#8217;un bus de limousine de Montr\u00e9al est le mode de transport id\u00e9al pour les amateurs de vacances et ce pour plusieurs raisons.<\/p>\n<p>Se d\u00e9placer d\u2019une destination \u00e0 une autre dans un taxi peut \u00eatre co\u00fbteux; La marche peut \u00eatre \u00e9puisante et par le m\u00e9tro vous ne serez pas en mesure de d\u00e9couvrir bien des choses.<\/p>\n<p>Donc, si votre groupe planifie une sortie, engagez un limo bus; De cette fa\u00e7on, vous pourrez vous d\u00e9tendre et profiter de la journ\u00e9e, sans vous soucier de toute la logistique des voyages.<\/p>\n<p>&nbsp;<\/p>\n","protected":false},"excerpt":{"rendered":"<p>Les mariages sont peut-\u00eatre l&#8217;occasion ultime pour engager un Party bus et Limo bus. Chez Luxury Limousine Montr\u00e9al, nous proposons des forfaits distincts pour location de limousine pour mariage. Ils comprennent, sans s&#8217;y limiter, le service de tapis rouge, une enseigne pour la voiture, les fleurs, le champagne rafra\u00eechi, un chauffeur en habit, et plus&#8230; <\/p>\n<div class=\"clear\"><\/div>\n<p><a href=\"https:\/\/montreallimo.net\/fr\/limo-party-bus\/\" class=\"limoking-button large excerpt-read-more\">Read More<\/a><\/p>\n","protected":false},"author":1,"featured_media":0,"parent":0,"menu_order":0,"comment_status":"closed","ping_status":"closed","template":"","meta":{"footnotes":""},"class_list":["post-201","page","type-page","status-publish","hentry"],"yoast_head":"<!-- This site is optimized with the Yoast SEO plugin v26.9 - https:\/\/yoast.com\/product\/yoast-seo-wordpress\/ -->\n<title>Limo Bus \/ Party Bus - Luxury Limousine Montreal | 514-700-3634<\/title>\n<meta name=\"robots\" content=\"index, follow, max-snippet:-1, max-image-preview:large, max-video-preview:-1\" \/>\n<link rel=\"canonical\" href=\"https:\/\/montreallimo.net\/fr\/limo-party-bus\/\" \/>\n<meta property=\"og:locale\" content=\"en_US\" \/>\n<meta property=\"og:type\" content=\"article\" \/>\n<meta property=\"og:title\" content=\"Limo Bus \/ Party Bus - Luxury Limousine Montreal | 514-700-3634\" \/>\n<meta property=\"og:description\" content=\"Les mariages sont peut-\u00eatre l&#8217;occasion ultime pour engager un Party bus et Limo bus. Chez Luxury Limousine Montr\u00e9al, nous proposons des forfaits distincts pour location de limousine pour mariage. Ils comprennent, sans s&#8217;y limiter, le service de tapis rouge, une enseigne pour la voiture, les fleurs, le champagne rafra\u00eechi, un chauffeur en habit, et plus... Read More\" \/>\n<meta property=\"og:url\" content=\"https:\/\/montreallimo.net\/fr\/limo-party-bus\/\" \/>\n<meta property=\"og:site_name\" content=\"Luxury Limousine Montreal | 514-700-3634\" \/>\n<meta property=\"article:publisher\" content=\"https:\/\/www.facebook.com\/luxurylimousinemontreal\/\" \/>\n<meta property=\"article:modified_time\" content=\"2019-01-22T21:53:12+00:00\" \/>\n<meta property=\"og:image\" content=\"http:\/\/montreallimo.net\/fr\/wp-content\/uploads\/2013\/12\/party-bus-montreal.jpg\" \/>\n<meta name=\"twitter:card\" content=\"summary_large_image\" \/>\n<meta name=\"twitter:site\" content=\"@limosmontreal\" \/>\n<meta name=\"twitter:label1\" content=\"Est. reading time\" \/>\n\t<meta name=\"twitter:data1\" content=\"3 minutes\" \/>\n<script type=\"application\/ld+json\" class=\"yoast-schema-graph\">{\"@context\":\"https:\/\/schema.org\",\"@graph\":[{\"@type\":\"WebPage\",\"@id\":\"https:\/\/montreallimo.net\/fr\/limo-party-bus\/\",\"url\":\"https:\/\/montreallimo.net\/fr\/limo-party-bus\/\",\"name\":\"Limo Bus \/ Party Bus - Luxury Limousine Montreal | 514-700-3634\",\"isPartOf\":{\"@id\":\"https:\/\/montreallimo.net\/fr\/#website\"},\"primaryImageOfPage\":{\"@id\":\"https:\/\/montreallimo.net\/fr\/limo-party-bus\/#primaryimage\"},\"image\":{\"@id\":\"https:\/\/montreallimo.net\/fr\/limo-party-bus\/#primaryimage\"},\"thumbnailUrl\":\"http:\/\/montreallimo.net\/fr\/wp-content\/uploads\/2013\/12\/party-bus-montreal.jpg\",\"datePublished\":\"2016-05-13T16:32:12+00:00\",\"dateModified\":\"2019-01-22T21:53:12+00:00\",\"breadcrumb\":{\"@id\":\"https:\/\/montreallimo.net\/fr\/limo-party-bus\/#breadcrumb\"},\"inLanguage\":\"en\",\"potentialAction\":[{\"@type\":\"ReadAction\",\"target\":[\"https:\/\/montreallimo.net\/fr\/limo-party-bus\/\"]}]},{\"@type\":\"ImageObject\",\"inLanguage\":\"en\",\"@id\":\"https:\/\/montreallimo.net\/fr\/limo-party-bus\/#primaryimage\",\"url\":\"http:\/\/montreallimo.net\/fr\/wp-content\/uploads\/2013\/12\/party-bus-montreal.jpg\",\"contentUrl\":\"http:\/\/montreallimo.net\/fr\/wp-content\/uploads\/2013\/12\/party-bus-montreal.jpg\"},{\"@type\":\"BreadcrumbList\",\"@id\":\"https:\/\/montreallimo.net\/fr\/limo-party-bus\/#breadcrumb\",\"itemListElement\":[{\"@type\":\"ListItem\",\"position\":1,\"name\":\"Home\",\"item\":\"https:\/\/montreallimo.net\/fr\/\"},{\"@type\":\"ListItem\",\"position\":2,\"name\":\"Limo Bus \/ Party Bus\"}]},{\"@type\":\"WebSite\",\"@id\":\"https:\/\/montreallimo.net\/fr\/#website\",\"url\":\"https:\/\/montreallimo.net\/fr\/\",\"name\":\"Luxury Limousine Montreal\",\"description\":\"#1 Location de Limousine &Agrave; Montr&eacute;al, Quebec\",\"publisher\":{\"@id\":\"https:\/\/montreallimo.net\/fr\/#organization\"},\"potentialAction\":[{\"@type\":\"SearchAction\",\"target\":{\"@type\":\"EntryPoint\",\"urlTemplate\":\"https:\/\/montreallimo.net\/fr\/?s={search_term_string}\"},\"query-input\":{\"@type\":\"PropertyValueSpecification\",\"valueRequired\":true,\"valueName\":\"search_term_string\"}}],\"inLanguage\":\"en\"},{\"@type\":\"Organization\",\"@id\":\"https:\/\/montreallimo.net\/fr\/#organization\",\"name\":\"Luxury Limousine Montreal\",\"url\":\"https:\/\/montreallimo.net\/fr\/\",\"logo\":{\"@type\":\"ImageObject\",\"inLanguage\":\"en\",\"@id\":\"https:\/\/montreallimo.net\/fr\/#\/schema\/logo\/image\/\",\"url\":\"https:\/\/montreallimo.net\/fr\/wp-content\/uploads\/2016\/05\/montreal-limousine-logo-image.png\",\"contentUrl\":\"https:\/\/montreallimo.net\/fr\/wp-content\/uploads\/2016\/05\/montreal-limousine-logo-image.png\",\"width\":300,\"height\":100,\"caption\":\"Luxury Limousine Montreal\"},\"image\":{\"@id\":\"https:\/\/montreallimo.net\/fr\/#\/schema\/logo\/image\/\"},\"sameAs\":[\"https:\/\/www.facebook.com\/luxurylimousinemontreal\/\",\"https:\/\/x.com\/limosmontreal\",\"https:\/\/www.pinterest.ca\/limousinemontre\/\",\"https:\/\/www.youtube.com\/channel\/UCSHiyAM5iCdYFo0U4zeMPtQ\"]}]}<\/script>\n<!-- \/ Yoast SEO plugin. -->","yoast_head_json":{"title":"Limo Bus \/ Party Bus - Luxury Limousine Montreal | 514-700-3634","robots":{"index":"index","follow":"follow","max-snippet":"max-snippet:-1","max-image-preview":"max-image-preview:large","max-video-preview":"max-video-preview:-1"},"canonical":"https:\/\/montreallimo.net\/fr\/limo-party-bus\/","og_locale":"en_US","og_type":"article","og_title":"Limo Bus \/ Party Bus - Luxury Limousine Montreal | 514-700-3634","og_description":"Les mariages sont peut-\u00eatre l&#8217;occasion ultime pour engager un Party bus et Limo bus. Chez Luxury Limousine Montr\u00e9al, nous proposons des forfaits distincts pour location de limousine pour mariage. Ils comprennent, sans s&#8217;y limiter, le service de tapis rouge, une enseigne pour la voiture, les fleurs, le champagne rafra\u00eechi, un chauffeur en habit, et plus... Read More","og_url":"https:\/\/montreallimo.net\/fr\/limo-party-bus\/","og_site_name":"Luxury Limousine Montreal | 514-700-3634","article_publisher":"https:\/\/www.facebook.com\/luxurylimousinemontreal\/","article_modified_time":"2019-01-22T21:53:12+00:00","og_image":[{"url":"http:\/\/montreallimo.net\/fr\/wp-content\/uploads\/2013\/12\/party-bus-montreal.jpg","type":"","width":"","height":""}],"twitter_card":"summary_large_image","twitter_site":"@limosmontreal","twitter_misc":{"Est. reading time":"3 minutes"},"schema":{"@context":"https:\/\/schema.org","@graph":[{"@type":"WebPage","@id":"https:\/\/montreallimo.net\/fr\/limo-party-bus\/","url":"https:\/\/montreallimo.net\/fr\/limo-party-bus\/","name":"Limo Bus \/ Party Bus - Luxury Limousine Montreal | 514-700-3634","isPartOf":{"@id":"https:\/\/montreallimo.net\/fr\/#website"},"primaryImageOfPage":{"@id":"https:\/\/montreallimo.net\/fr\/limo-party-bus\/#primaryimage"},"image":{"@id":"https:\/\/montreallimo.net\/fr\/limo-party-bus\/#primaryimage"},"thumbnailUrl":"http:\/\/montreallimo.net\/fr\/wp-content\/uploads\/2013\/12\/party-bus-montreal.jpg","datePublished":"2016-05-13T16:32:12+00:00","dateModified":"2019-01-22T21:53:12+00:00","breadcrumb":{"@id":"https:\/\/montreallimo.net\/fr\/limo-party-bus\/#breadcrumb"},"inLanguage":"en","potentialAction":[{"@type":"ReadAction","target":["https:\/\/montreallimo.net\/fr\/limo-party-bus\/"]}]},{"@type":"ImageObject","inLanguage":"en","@id":"https:\/\/montreallimo.net\/fr\/limo-party-bus\/#primaryimage","url":"http:\/\/montreallimo.net\/fr\/wp-content\/uploads\/2013\/12\/party-bus-montreal.jpg","contentUrl":"http:\/\/montreallimo.net\/fr\/wp-content\/uploads\/2013\/12\/party-bus-montreal.jpg"},{"@type":"BreadcrumbList","@id":"https:\/\/montreallimo.net\/fr\/limo-party-bus\/#breadcrumb","itemListElement":[{"@type":"ListItem","position":1,"name":"Home","item":"https:\/\/montreallimo.net\/fr\/"},{"@type":"ListItem","position":2,"name":"Limo Bus \/ Party Bus"}]},{"@type":"WebSite","@id":"https:\/\/montreallimo.net\/fr\/#website","url":"https:\/\/montreallimo.net\/fr\/","name":"Luxury Limousine Montreal","description":"#1 Location de Limousine &Agrave; Montr&eacute;al, Quebec","publisher":{"@id":"https:\/\/montreallimo.net\/fr\/#organization"},"potentialAction":[{"@type":"SearchAction","target":{"@type":"EntryPoint","urlTemplate":"https:\/\/montreallimo.net\/fr\/?s={search_term_string}"},"query-input":{"@type":"PropertyValueSpecification","valueRequired":true,"valueName":"search_term_string"}}],"inLanguage":"en"},{"@type":"Organization","@id":"https:\/\/montreallimo.net\/fr\/#organization","name":"Luxury Limousine Montreal","url":"https:\/\/montreallimo.net\/fr\/","logo":{"@type":"ImageObject","inLanguage":"en","@id":"https:\/\/montreallimo.net\/fr\/#\/schema\/logo\/image\/","url":"https:\/\/montreallimo.net\/fr\/wp-content\/uploads\/2016\/05\/montreal-limousine-logo-image.png","contentUrl":"https:\/\/montreallimo.net\/fr\/wp-content\/uploads\/2016\/05\/montreal-limousine-logo-image.png","width":300,"height":100,"caption":"Luxury Limousine Montreal"},"image":{"@id":"https:\/\/montreallimo.net\/fr\/#\/schema\/logo\/image\/"},"sameAs":["https:\/\/www.facebook.com\/luxurylimousinemontreal\/","https:\/\/x.com\/limosmontreal","https:\/\/www.pinterest.ca\/limousinemontre\/","https:\/\/www.youtube.com\/channel\/UCSHiyAM5iCdYFo0U4zeMPtQ"]}]}},"_links":{"self":[{"href":"https:\/\/montreallimo.net\/fr\/wp-json\/wp\/v2\/pages\/201","targetHints":{"allow":["GET"]}}],"collection":[{"href":"https:\/\/montreallimo.net\/fr\/wp-json\/wp\/v2\/pages"}],"about":[{"href":"https:\/\/montreallimo.net\/fr\/wp-json\/wp\/v2\/types\/page"}],"author":[{"embeddable":true,"href":"https:\/\/montreallimo.net\/fr\/wp-json\/wp\/v2\/users\/1"}],"replies":[{"embeddable":true,"href":"https:\/\/montreallimo.net\/fr\/wp-json\/wp\/v2\/comments?post=201"}],"version-history":[{"count":10,"href":"https:\/\/montreallimo.net\/fr\/wp-json\/wp\/v2\/pages\/201\/revisions"}],"predecessor-version":[{"id":7006,"href":"https:\/\/montreallimo.net\/fr\/wp-json\/wp\/v2\/pages\/201\/revisions\/7006"}],"wp:attachment":[{"href":"https:\/\/montreallimo.net\/fr\/wp-json\/wp\/v2\/media?parent=201"}],"curies":[{"name":"wp","href":"https:\/\/api.w.org\/{rel}","templated":true}]}}